{"id":7242,"date":"2025-06-04T14:51:57","date_gmt":"2025-06-04T12:51:57","guid":{"rendered":"https:\/\/altalheat.com\/?post_type=product&#038;p=7242"},"modified":"2025-09-21T09:49:28","modified_gmt":"2025-09-21T06:49:28","slug":"pompa-de-caldura-aer-apa-70-kw-split-dc-evi","status":"publish","type":"product","link":"https:\/\/altalheat.com\/ru\/pompa-de-caldura-aer-apa-70-kw-split-dc-evi\/","title":{"rendered":"Pompa de c\u0103ldur\u0103 aer-ap\u0103 70 kW SPLIT DC EVI"},"content":{"rendered":"<div id=\"ez-toc-container\" class=\"ez-toc-v2_0_74 counter-flat ez-toc-counter ez-toc-grey ez-toc-container-direction\">\n<div class=\"ez-toc-title-container\">\n<span class=\"ez-toc-title-toggle\"><a href=\"#\" class=\"ez-toc-pull-right ez-toc-btn ez-toc-btn-xs ez-toc-btn-default ez-toc-toggle\" aria-label=\"Toggle Table of Content\"><span class=\"ez-toc-js-icon-con\"><span class=\"\"><span class=\"eztoc-hide\" style=\"display:none;\">\u041f\u0435\u0440\u0435\u043a\u043b\u044e\u0447\u0430\u0442\u044c<\/span><span class=\"ez-toc-icon-toggle-span\"><svg style=\"fill: #999;color:#999\" xmlns=\"http:\/\/www.w3.org\/2000\/svg\" class=\"list-377408\" width=\"20px\" height=\"20px\" viewbox=\"0 0 24 24\" fill=\"none\"><path d=\"M6 6H4v2h2V6zm14 0H8v2h12V6zM4 11h2v2H4v-2zm16 0H8v2h12v-2zM4 16h2v2H4v-2zm16 0H8v2h12v-2z\" fill=\"currentColor\"><\/path><\/svg><svg style=\"fill: #999;color:#999\" class=\"arrow-unsorted-368013\" xmlns=\"http:\/\/www.w3.org\/2000\/svg\" width=\"10px\" height=\"10px\" viewbox=\"0 0 24 24\" version=\"1.2\" baseprofile=\"tiny\"><path d=\"M18.2 9.3l-6.2-6.3-6.2 6.3c-.2.2-.3.4-.3.7s.1.5.3.7c.2.2.4.3.7.3h11c.3 0 .5-.1.7-.3.2-.2.3-.5.3-.7s-.1-.5-.3-.7zM5.8 14.7l6.2 6.3 6.2-6.3c.2-.2.3-.5.3-.7s-.1-.5-.3-.7c-.2-.2-.4-.3-.7-.3h-11c-.3 0-.5.1-.7.3-.2.2-.3.5-.3.7s.1.5.3.7z\"\/><\/svg><\/span><\/span><\/span><\/a><\/span><\/div>\n<nav><ul class='ez-toc-list ez-toc-list-level-1 eztoc-toggle-hide-by-default' ><li class='ez-toc-page-1'><a class=\"ez-toc-link ez-toc-heading-1\" href=\"https:\/\/altalheat.com\/ru\/pompa-de-caldura-aer-apa-70-kw-split-dc-evi\/#Pompa_de_caldura_aer-apa_70_kW_SPLIT_DC_EVI\">Pompa de c\u0103ldur\u0103 aer-ap\u0103 70 kW SPLIT DC EVI<\/a><\/li><li class='ez-toc-page-1'><a class=\"ez-toc-link ez-toc-heading-2\" href=\"https:\/\/altalheat.com\/ru\/pompa-de-caldura-aer-apa-70-kw-split-dc-evi\/#Ce_este_tehnologia_Enhanced_Vapor_Injection_EVI\">Ce este tehnologia Enhanced Vapor Injection (EVI)?<\/a><\/li><li class='ez-toc-page-1'><a class=\"ez-toc-link ez-toc-heading-3\" href=\"https:\/\/altalheat.com\/ru\/pompa-de-caldura-aer-apa-70-kw-split-dc-evi\/#Pompa_de_caldura_aer-apa_70_kW_SPLIT_DC_EVI_R1234\">Pompa de c\u0103ldur\u0103 aer-ap\u0103 70 kW SPLIT DC EVI R1234<\/a><\/li><li class='ez-toc-page-1'><a class=\"ez-toc-link ez-toc-heading-4\" href=\"https:\/\/altalheat.com\/ru\/pompa-de-caldura-aer-apa-70-kw-split-dc-evi\/#Avantajele_pompei_de_caldura_AWHP70\">Avantajele pompei de c\u0103ldur\u0103 AWHP70<\/a><\/li><li class='ez-toc-page-1'><a class=\"ez-toc-link ez-toc-heading-5\" href=\"https:\/\/altalheat.com\/ru\/pompa-de-caldura-aer-apa-70-kw-split-dc-evi\/#Controlul_si_managementul\">Controlul \u0219i managementul<\/a><\/li><li class='ez-toc-page-1'><a class=\"ez-toc-link ez-toc-heading-6\" href=\"https:\/\/altalheat.com\/ru\/pompa-de-caldura-aer-apa-70-kw-split-dc-evi\/#Specificatii_tehnice\">Specifica\u021bii tehnice<\/a><\/li><li class='ez-toc-page-1'><a class=\"ez-toc-link ez-toc-heading-7\" href=\"https:\/\/altalheat.com\/ru\/pompa-de-caldura-aer-apa-70-kw-split-dc-evi\/#Functii_principale\">Func\u021bii principale<\/a><\/li><li class='ez-toc-page-1'><a class=\"ez-toc-link ez-toc-heading-8\" href=\"https:\/\/altalheat.com\/ru\/pompa-de-caldura-aer-apa-70-kw-split-dc-evi\/#De_ce_sa_alegi_AWHP70\">De ce s\u0103 alegi AWHP70?<\/a><\/li><li class='ez-toc-page-1'><a class=\"ez-toc-link ez-toc-heading-9\" href=\"https:\/\/altalheat.com\/ru\/pompa-de-caldura-aer-apa-70-kw-split-dc-evi\/#Investitie_in_confort_si_ecologie\">Investi\u021bie \u00een confort \u0219i ecologie<\/a><\/li><\/ul><\/nav><\/div>\n\n<h1><span class=\"ez-toc-section\" id=\"Pompa_de_caldura_aer-apa_70_kW_SPLIT_DC_EVI\"><\/span>Pompa de c\u0103ldur\u0103 aer-ap\u0103 70 kW SPLIT DC EVI<span class=\"ez-toc-section-end\"><\/span><\/h1>\n<p><strong>Solu\u021bie inovatoare<\/strong> <strong>pentru<\/strong> <strong>\u00eenc\u0103lzire<\/strong>, <strong>r\u0103cire<\/strong> \u0219i <strong>alimentare cu ap\u0103 cald\u0103<\/strong><\/p>\n<p><strong><a href=\"https:\/\/altalheat.com\/ru\/katalog\/teplovye-nasosy\/vozduh-voda\/\">Pompa de c\u0103ldur\u0103 aer-ap\u0103 70 kW<\/a> SPLIT DC EVI<\/strong>, modelul <strong>AWHP70SDCE<\/strong>, cu o putere termic\u0103 \u0219i tehnologia <a href=\"https:\/\/www.youtube.com\/watch?v=njYpsANVgaA\" target=\"_blank\" rel=\"noopener\">EVI (injec\u021bie de vapori)<\/a>, reprezint\u0103 o solu\u021bie modern\u0103 pentru \u00eenc\u0103lzire, r\u0103cire \u0219i ap\u0103 cald\u0103 menajer\u0103. Dispozitivul este ideal pentru cl\u0103diri mari, inclusiv cl\u0103diri comerciale, locuin\u021be multifamiliale \u0219i spa\u021bii industriale. Are o putere <strong>24.81\u201371.5 kW<\/strong>, asigur\u00e2nd un consum energetic optim.<\/p>\n<h2><span class=\"ez-toc-section\" id=\"Ce_este_tehnologia_Enhanced_Vapor_Injection_EVI\"><\/span>Ce este tehnologia <strong>Enhanced Vapor Injection (EVI)<\/strong>?<span class=\"ez-toc-section-end\"><\/span><\/h2>\n<p>Enhanced Vapor Injection (EVI) este o metod\u0103 de cre\u0219tere a diferen\u021bei de temperatur\u0103 \u0219i presiune de satura\u021bie \u00eentre evaporator \u0219i condensator, utiliz\u00e2nd un economizor \u0219i un supresor secundar de expansiune. Aceast\u0103 tehnologie permite cre\u0219terea temperaturii agentului frigorific la ie\u0219ire \u00een modul de \u00eenc\u0103lzire (aer sau ap\u0103).<\/p>\n<p>Reducerea temperaturii de satura\u021bie \u00een evaporator (blocul extern \u00een modul de \u00eenc\u0103lzire) permite absorb\u021bia unor cantit\u0103\u021bi mai mari de c\u0103ldur\u0103 din aerul ambiental, chiar \u0219i la temperaturi sc\u0103zute. \u00cenc\u0103lzirea agentului frigorific p\u00e2n\u0103 la starea de supra\u00eenc\u0103lzire \u00eenainte de injec\u021bie \u00een compresor cre\u0219te presiunea \u0219i temperatura la ie\u0219irea din compresor, ceea ce duce la cre\u0219terea temperaturii agentului termic la ie\u0219irea din condensator.<\/p>\n<p><strong>Aten\u021bie!<\/strong> Nici o pomp\u0103 de c\u0103ldur\u0103 nu poate func\u021biona <strong>-25\u00b0\u0421<\/strong> f\u0103r\u0103 func\u021bia de injec\u021bie de vapori (<strong>\u0414\u041e\u041c<\/strong>)! Fi\u021bi aten\u021bi \u0219i nu crede\u021bi \u00een reclame! Solicitati tabele sau graficele de performan\u021b\u0103 ale pompei de c\u0103ldur\u0103 \u0219i face\u021bi o alegere corect\u0103, \u021bin\u00e2nd cont de particularit\u0103\u021bile utiliz\u0103rii! Aceast\u0103 informa\u021bie se aplic\u0103 \u0219i pompelor de c\u0103ldur\u0103 de tip MONOBLOC. Monoblocurile sunt mai potrivite pentru \u00eenc\u0103lzirea piscinelor sau spa\u021biilor \u00een care sunt folosite ca surs\u0103 secundar\u0103 (non-primar\u0103) de c\u0103ldur\u0103.<\/p>\n<h2><span class=\"ez-toc-section\" id=\"Pompa_de_caldura_aer-apa_70_kW_SPLIT_DC_EVI_R1234\"><\/span>Pompa de c\u0103ldur\u0103 aer-ap\u0103 70 kW SPLIT DC EVI R1234<span class=\"ez-toc-section-end\"><\/span><\/h2>\n<p>Pompa de c\u0103ldur\u0103 aer-ap\u0103 <strong>70 kW SPLIT DC EVI<\/strong>, modelul <strong>AWHP70SDCE<\/strong>, utilizeaz\u0103 compresoare invertor Panasonic, Toshiba, Invotech cu ac\u021bionare direct\u0103 de curent continuu (DC). Acestea sunt compresoare cu vitez\u0103 variabil\u0103, controlate de un invertor de curent continuu.<\/p>\n<p>Viteza compresorului este controlat\u0103 printr-un dispozitiv extern cu frecven\u021b\u0103 variabil\u0103, permi\u021b\u00e2nd ajustarea performan\u021bei. Fluxul de agent frigorific variaz\u0103 \u00een func\u021bie de vitez\u0103. Intervalul de modula\u021bie depinde de configura\u021bie \u0219i de produc\u0103tor: de la 15-25% din sarcina minim\u0103 p\u00e2n\u0103 la 100% la puterea maxim\u0103.<\/p>\n<p>Datorit\u0103 acestui sistem, pompa de c\u0103ldur\u0103 aer-ap\u0103 <strong>70 kW SPLIT DC EVI<\/strong> cu compresor inverter DC poate ajusta cu u\u0219urin\u021b\u0103 puterea \u00een func\u021bie de cerere, regl\u00e2nd viteza compresorului. Spre deosebire de compresoarele tradi\u021bionale cu o singur\u0103 treapt\u0103 sau dou\u0103, aceste pompe func\u021bioneaz\u0103 continuu la viteze reduse, f\u0103r\u0103 a se opri ciclic.<\/p>\n<h3><span class=\"ez-toc-section\" id=\"Avantajele_pompei_de_caldura_AWHP70\"><\/span>Avantajele pompei de c\u0103ldur\u0103 <strong>AWHP70<\/strong><span class=\"ez-toc-section-end\"><\/span><\/h3>\n<p><strong>Eficien\u021b\u0103 energetic\u0103 ridicat\u0103 (A+++)<\/strong><\/p>\n<ul>\n<li><strong>Tehnologie inverter:<\/strong> Regleaz\u0103 performan\u021ba \u00een func\u021bie de \u00eenc\u0103rcare, cu un coeficient <strong>COP p\u00e2n\u0103 la 4.3<\/strong>, economisind energie.<\/li>\n<\/ul>\n<p>Tehnologia <strong>\u0414\u041e\u041c<\/strong> asigur\u0103 performan\u021b\u0103 stabil\u0103 chiar \u0219i la temperaturi ambientale de p\u00e2n\u0103 la -25\u00b0C. Prin urmare, pompa de c\u0103ldur\u0103 aer-ap\u0103 70 kW este alegerea ideal\u0103 pentru regiunile reci.<\/p>\n<p><strong>Ecologic\u0103 \u0219i durabil\u0103<\/strong><\/p>\n<ul>\n<li><strong>Agent frigorific R1234ze \/ R513A<\/strong>: Sigur pentru mediu, cu poten\u021bial zero de distrugere a ozonului \u0219i impact redus asupra naturii.<\/li>\n<li><strong>P\u00e2n\u0103 la 75% din energie<\/strong> este extras\u0103 din aer, reduc\u00e2nd amprenta de carbon.<\/li>\n<li><strong>Durata de via\u021b\u0103 de p\u00e2n\u0103 la 25 de ani<\/strong>: Modelele <strong>\u0420\u0410\u0421\u041a\u041e\u041b\u041e\u0422\u042c<\/strong> protejeaz\u0103 componentele principale de factorii climatici, prelungind durata de func\u021bionare.<\/li>\n<\/ul>\n<h3><span class=\"ez-toc-section\" id=\"Controlul_si_managementul\"><\/span>Controlul \u0219i managementul<span class=\"ez-toc-section-end\"><\/span><\/h3>\n<p>Pompa de c\u0103ldur\u0103 aer-ap\u0103 70 kW SPLIT DC EVI R1234 suport\u0103 sistemele moderne de cas\u0103 inteligent\u0103. Integrarea cu aplica\u021bii mobile permite monitorizarea \u0219i controlul de la distan\u021b\u0103.<\/p>\n<h3><span class=\"ez-toc-section\" id=\"Specificatii_tehnice\"><\/span>Specifica\u021bii tehnice<span class=\"ez-toc-section-end\"><\/span><\/h3>\n<table style=\"width: 36.9078%; height: 294px;\">\n<thead>\n<tr style=\"height: 68px;\">\n<th style=\"width: 13.1545%; height: 68px;\">Parametru<\/th>\n<th style=\"width: 12.6163%; height: 68px;\">Tehnologie inverter<\/th>\n<\/tr>\n<\/thead>\n<tbody>\n<tr style=\"height: 10px;\">\n<td style=\"width: 13.1545%; height: 10px;\"><strong>Putere<\/strong><\/td>\n<td style=\"width: 12.6163%; text-align: center; height: 10px;\"><strong>24.81\u201371.5 kW<\/strong><\/td>\n<\/tr>\n<tr style=\"height: 36px;\">\n<td style=\"width: 13.1545%; height: 36px;\"><strong>Suprafa\u021ba de \u00eenc\u0103lzit<\/strong><\/td>\n<td style=\"width: 12.6163%; text-align: center; height: 36px;\">450\u2013800 m\u00b2<\/td>\n<\/tr>\n<tr style=\"height: 36px;\">\n<td style=\"width: 13.1545%; height: 36px;\"><strong>Interval de func\u021bionare<\/strong><\/td>\n<td style=\"width: 12.6163%; text-align: center; height: 36px;\">De la -25\u00b0C p\u00e2n\u0103 la +45\u00b0C<\/td>\n<\/tr>\n<tr style=\"height: 36px;\">\n<td style=\"width: 13.1545%; height: 36px;\"><strong>Agent frigorific<\/strong><\/td>\n<td style=\"width: 12.6163%; text-align: center; height: 36px;\">R1234ze\/R513A<\/td>\n<\/tr>\n<tr style=\"height: 36px;\">\n<td style=\"width: 13.1545%; height: 36px;\"><strong>Coeficient COP<\/strong><\/td>\n<td style=\"width: 12.6163%; text-align: center; height: 36px;\">P\u00e2n\u0103 la 4.3<\/td>\n<\/tr>\n<tr style=\"height: 36px;\">\n<td style=\"width: 13.1545%; height: 36px;\"><strong>\u0423\u0440\u043e\u0432\u0435\u043d\u044c \u0448\u0443\u043c\u0430<\/strong><\/td>\n<td style=\"width: 12.6163%; text-align: center; height: 36px;\">56 dB<\/td>\n<\/tr>\n<tr style=\"height: 36px;\">\n<td style=\"width: 13.1545%; height: 36px;\"><strong>Durata de via\u021b\u0103<\/strong><\/td>\n<td style=\"width: 12.6163%; text-align: center; height: 36px;\">P\u00e2n\u0103 la 25 de ani<\/td>\n<\/tr>\n<\/tbody>\n<\/table>\n<p>ATEN\u021aIE: <strong>Pompa de c\u0103ldur\u0103 aer-ap\u0103 70 kW SPLIT DC EVI R1234<\/strong> cu doi compresoare este disponibil\u0103 la comand\u0103.<\/p>\n<h3><span class=\"ez-toc-section\" id=\"Functii_principale\"><\/span>Func\u021bii principale<span class=\"ez-toc-section-end\"><\/span><\/h3>\n<ul>\n<li><strong>\u00cenc\u0103lzire:<\/strong> Eficient\u0103 chiar \u0219i \u00een condi\u021bii severe de iarn\u0103.<\/li>\n<li><strong>R\u0103cire:<\/strong> Men\u021bine temperatura confortabil\u0103 \u00een timpul verii.<\/li>\n<li><strong>Ap\u0103 cald\u0103 menajer\u0103:<\/strong> \u00cenc\u0103lzire economic\u0103 pentru ap\u0103 menajer\u0103.<\/li>\n<\/ul>\n<h3><span class=\"ez-toc-section\" id=\"De_ce_sa_alegi_AWHP70\"><\/span>De ce s\u0103 alegi AWHP70?<span class=\"ez-toc-section-end\"><\/span><\/h3>\n<ol>\n<li><strong>Eficien\u021b\u0103 energetic\u0103:<\/strong> Coeficient ridicat de performan\u021b\u0103 \u0219i tehnologie inverter pentru reducerea costurilor de energie.<\/li>\n<li><strong>Fiabilitate:<\/strong> Func\u021bioneaz\u0103 \u00een condi\u021bii climatice dure f\u0103r\u0103 a pierde performan\u021ba.<\/li>\n<li><strong>Ecologic\u0103:<\/strong> Folose\u0219te agent frigorific sigur \u0219i are un impact redus asupra mediului.<\/li>\n<li><strong>Flexibilitate \u00een montaj:<\/strong> Op\u021biuni de monobloc, sistem split sau FULL SPLIT.<\/li>\n<li><strong>Durabilitate:<\/strong> Investi\u021bie \u00eentr-un dispozitiv cu durat\u0103 lung\u0103 de via\u021b\u0103.<\/li>\n<\/ol>\n<h3><span class=\"ez-toc-section\" id=\"Investitie_in_confort_si_ecologie\"><\/span>Investi\u021bie \u00een confort \u0219i ecologie<span class=\"ez-toc-section-end\"><\/span><\/h3>\n<p>Pompa de c\u0103ldur\u0103 aer-ap\u0103 70 kW SPLIT DC EVI R1234, modelul <strong>AWHP70SDCE<\/strong>, nu este doar un dispozitiv pentru \u00eenc\u0103lzire sau r\u0103cire, ci un pas spre un viitor eficient din punct de vedere energetic. Folosind energie regenerabil\u0103, reduce costurile \u0219i amprenta de carbon.<\/p>\n<p>\u0417\u0430\u043a\u043b\u044e\u0447\u0435\u043d\u0438\u0435<\/p>\n<p><strong>Pompa de c\u0103ldur\u0103 aer-ap\u0103 70 kW SPLIT DC EVI R1234<\/strong> combin\u0103 tehnologii avansate, fiabilitate \u0219i ecologie. Este solu\u021bia perfect\u0103 pentru \u00eenc\u0103lzire, r\u0103cire \u0219i ap\u0103 cald\u0103 menajer\u0103 \u00een orice condi\u021bii climatice.<\/p>\n<p>Alege\u021bi un dispozitiv eficient din punct de vedere energetic, care va func\u021biona mul\u021bi ani, oferind confort \u0219i economii. Evalua\u021bi avantajele AWHP70 \u0219i contribui\u021bi la un viitor ecologic!<\/p>\n<p><span style=\"color: #ff0000;\"><strong>Produc\u021bie \u00een Republica Moldova!<\/strong><\/span><\/p>\n<hr \/>","protected":false},"excerpt":{"rendered":"<h2><span style=\"color: #800080;\"><strong>Modelul AWHP70SDCE<\/strong><\/span><\/h2>\n<p><strong>\u0420\u0410\u0421\u041a\u041e\u041b\u041e\u0422\u042c<\/strong> model \u2014 cu module separate \u0219i func\u021bie <strong>\u0414\u041e\u041c<\/strong>. \u00cenc\u0103lzire \u0219i r\u0103cire pentru suprafe\u021be de p\u00e2n\u0103 la <strong>800 m\u00b2<\/strong>. Asigur\u0103 \u00eenc\u0103lzirea apei p\u00e2n\u0103 la <span style=\"color: #ff0000;\"><strong>+80\u00b0C \u2026 +85\u00b0C<\/strong><\/span> cu agent frigorific <span style=\"color: #008000;\"><strong>R1234ze(E)<\/strong><\/span> \u0219i p\u00e2n\u0103 la <span style=\"color: #ff0000;\"><strong>+65\u00b0C \u2026 +70\u00b0C<\/strong><\/span> cu agent frigorific <span style=\"color: #008000;\"><strong>R513A<\/strong><\/span>, func\u021bioneaz\u0103 la temperaturi de la <strong>-25\u00b0C p\u00e2n\u0103 la +43\u00b0C.<\/strong><\/p>\n<p><span style=\"color: #ff0000;\"><strong>FABRICAT \u00ceN MOLDOVA.<\/strong><\/span><\/p>","protected":false},"featured_media":8200,"comment_status":"open","ping_status":"closed","template":"","meta":{"_acf_changed":false,"om_disable_all_campaigns":false,"_monsterinsights_skip_tracking":false,"_monsterinsights_sitenote_active":false,"_monsterinsights_sitenote_note":"","_monsterinsights_sitenote_category":0,"_kadence_starter_templates_imported_post":true,"_kad_post_transparent":"default","_kad_post_title":"","_kad_post_layout":"default","_kad_post_sidebar_id":"","_kad_post_content_style":"default","_kad_post_vertical_padding":"default","_kad_post_feature":"","_kad_post_feature_position":"","_kad_post_header":false,"_kad_post_footer":false,"_kad_post_classname":"","jetpack_post_was_ever_published":false,"jetpack_publicize_message":"","jetpack_publicize_feature_enabled":true,"jetpack_social_post_already_shared":true,"jetpack_social_options":{"image_generator_settings":{"template":"highway","default_image_id":0,"enabled":false},"version":2}},"product_brand":[364],"product_cat":[37,23],"product_tag":[399,395,400,401,215,189,240,363,216,356,178,383],"class_list":{"0":"post-7242","1":"product","2":"type-product","3":"status-publish","4":"has-post-thumbnail","6":"product_brand-altal","7":"product_cat-pompe-de-caldura-altal","8":"product_cat-pompe-de-caldura-aer-apa-pro","9":"product_tag-25c","10":"product_tag-85c","11":"product_tag-70-kw","12":"product_tag-800-m","13":"product_tag-apa-calda-menajera","14":"product_tag-aprovizionare-cu-apa","15":"product_tag-evi","16":"product_tag-in-chisinau","17":"product_tag-in-moldova","18":"product_tag-pompa-de-caldura-aer-apa","19":"product_tag-racire","20":"product_tag-split","21":"product_shipping_class-heavy-packages","22":"pa_compresor-dc-invertor","23":"pa_injectie-cu-vapori-evi-injectie-cu-vapori","24":"pa_model-split","25":"pa_putere-termica-kw-70-kw","26":"pa_tip-pompa-de-caldura-aer-apa","28":"first","29":"onbackorder","30":"featured","31":"taxable","32":"shipping-taxable","33":"purchasable","34":"product-type-simple","35":"add-to-wishlist-after_add_to_cart","36":"entry","37":"content-bg","38":"loop-entry"},"acf":[],"jetpack_publicize_connections":[],"jetpack_sharing_enabled":true,"jetpack_likes_enabled":true,"_links":{"self":[{"href":"https:\/\/altalheat.com\/ru\/wp-json\/wp\/v2\/product\/7242","targetHints":{"allow":["GET"]}}],"collection":[{"href":"https:\/\/altalheat.com\/ru\/wp-json\/wp\/v2\/product"}],"about":[{"href":"https:\/\/altalheat.com\/ru\/wp-json\/wp\/v2\/types\/product"}],"replies":[{"embeddable":true,"href":"https:\/\/altalheat.com\/ru\/wp-json\/wp\/v2\/comments?post=7242"}],"version-history":[{"count":9,"href":"https:\/\/altalheat.com\/ru\/wp-json\/wp\/v2\/product\/7242\/revisions"}],"predecessor-version":[{"id":8202,"href":"https:\/\/altalheat.com\/ru\/wp-json\/wp\/v2\/product\/7242\/revisions\/8202"}],"wp:featuredmedia":[{"embeddable":true,"href":"https:\/\/altalheat.com\/ru\/wp-json\/wp\/v2\/media\/8200"}],"wp:attachment":[{"href":"https:\/\/altalheat.com\/ru\/wp-json\/wp\/v2\/media?parent=7242"}],"wp:term":[{"taxonomy":"product_brand","embeddable":true,"href":"https:\/\/altalheat.com\/ru\/wp-json\/wp\/v2\/product_brand?post=7242"},{"taxonomy":"product_cat","embeddable":true,"href":"https:\/\/altalheat.com\/ru\/wp-json\/wp\/v2\/product_cat?post=7242"},{"taxonomy":"product_tag","embeddable":true,"href":"https:\/\/altalheat.com\/ru\/wp-json\/wp\/v2\/product_tag?post=7242"}],"curies":[{"name":"wp","href":"https:\/\/api.w.org\/{rel}","templated":true}]}}