{"id":7225,"date":"2025-06-04T14:06:10","date_gmt":"2025-06-04T12:06:10","guid":{"rendered":"https:\/\/altalheat.com\/?post_type=product&#038;p=7225"},"modified":"2026-03-30T01:04:14","modified_gmt":"2026-03-29T22:04:14","slug":"pompa-de-caldura-aer%e2%80%91apa-60-kw-split-dc-evi","status":"publish","type":"product","link":"https:\/\/altalheat.com\/ru\/pompa-de-caldura-aer%e2%80%91apa-60-kw-split-dc-evi\/","title":{"rendered":"Pompa de c\u0103ldur\u0103 aer\u2011ap\u0103 60 kW SPLIT DC EVI"},"content":{"rendered":"<div id=\"ez-toc-container\" class=\"ez-toc-v2_0_74 counter-flat ez-toc-counter ez-toc-grey ez-toc-container-direction\">\n<div class=\"ez-toc-title-container\">\n<span class=\"ez-toc-title-toggle\"><a href=\"#\" class=\"ez-toc-pull-right ez-toc-btn ez-toc-btn-xs ez-toc-btn-default ez-toc-toggle\" aria-label=\"Toggle Table of Content\"><span class=\"ez-toc-js-icon-con\"><span class=\"\"><span class=\"eztoc-hide\" style=\"display:none;\">\u041f\u0435\u0440\u0435\u043a\u043b\u044e\u0447\u0430\u0442\u044c<\/span><span class=\"ez-toc-icon-toggle-span\"><svg style=\"fill: #999;color:#999\" xmlns=\"http:\/\/www.w3.org\/2000\/svg\" class=\"list-377408\" width=\"20px\" height=\"20px\" viewbox=\"0 0 24 24\" fill=\"none\"><path d=\"M6 6H4v2h2V6zm14 0H8v2h12V6zM4 11h2v2H4v-2zm16 0H8v2h12v-2zM4 16h2v2H4v-2zm16 0H8v2h12v-2z\" fill=\"currentColor\"><\/path><\/svg><svg style=\"fill: #999;color:#999\" class=\"arrow-unsorted-368013\" xmlns=\"http:\/\/www.w3.org\/2000\/svg\" width=\"10px\" height=\"10px\" viewbox=\"0 0 24 24\" version=\"1.2\" baseprofile=\"tiny\"><path d=\"M18.2 9.3l-6.2-6.3-6.2 6.3c-.2.2-.3.4-.3.7s.1.5.3.7c.2.2.4.3.7.3h11c.3 0 .5-.1.7-.3.2-.2.3-.5.3-.7s-.1-.5-.3-.7zM5.8 14.7l6.2 6.3 6.2-6.3c.2-.2.3-.5.3-.7s-.1-.5-.3-.7c-.2-.2-.4-.3-.7-.3h-11c-.3 0-.5.1-.7.3-.2.2-.3.5-.3.7s.1.5.3.7z\"\/><\/svg><\/span><\/span><\/span><\/a><\/span><\/div>\n<nav><ul class='ez-toc-list ez-toc-list-level-1 eztoc-toggle-hide-by-default' ><li class='ez-toc-page-1'><a class=\"ez-toc-link ez-toc-heading-1\" href=\"https:\/\/altalheat.com\/ru\/pompa-de-caldura-aer%e2%80%91apa-60-kw-split-dc-evi\/#Pompa_de_caldura_aer%E2%80%91apa_60_kW_SPLIT_DC_EVI\">Pompa de c\u0103ldur\u0103 aer\u2011ap\u0103 60 kW SPLIT DC EVI<\/a><\/li><li class='ez-toc-page-1'><a class=\"ez-toc-link ez-toc-heading-2\" href=\"https:\/\/altalheat.com\/ru\/pompa-de-caldura-aer%e2%80%91apa-60-kw-split-dc-evi\/#Solutie_inovatoare_pentru_incalzire_racire_si_alimentare_cu_apa_calda\">Solu\u021bie inovatoare pentru \u00eenc\u0103lzire, r\u0103cire \u0219i alimentare cu ap\u0103 cald\u0103<\/a><\/li><li class='ez-toc-page-1'><a class=\"ez-toc-link ez-toc-heading-3\" href=\"https:\/\/altalheat.com\/ru\/pompa-de-caldura-aer%e2%80%91apa-60-kw-split-dc-evi\/#Ce_este_tehnologia_Enhanced_Vapor_Injection_EVI\">Ce este tehnologia Enhanced Vapor Injection (EVI)?<\/a><\/li><li class='ez-toc-page-1'><a class=\"ez-toc-link ez-toc-heading-4\" href=\"https:\/\/altalheat.com\/ru\/pompa-de-caldura-aer%e2%80%91apa-60-kw-split-dc-evi\/#Pompa_de_caldura_aer%E2%80%91apa_60_kW_SPLIT_DC_EVI_R1234\">Pompa de c\u0103ldur\u0103 aer\u2011ap\u0103 60 kW SPLIT DC EVI R1234<\/a><\/li><li class='ez-toc-page-1'><a class=\"ez-toc-link ez-toc-heading-5\" href=\"https:\/\/altalheat.com\/ru\/pompa-de-caldura-aer%e2%80%91apa-60-kw-split-dc-evi\/#Avantajele_pompei_de_caldura_AWHP60\">Avantajele pompei de c\u0103ldur\u0103 AWHP60<\/a><\/li><li class='ez-toc-page-1'><a class=\"ez-toc-link ez-toc-heading-6\" href=\"https:\/\/altalheat.com\/ru\/pompa-de-caldura-aer%e2%80%91apa-60-kw-split-dc-evi\/#Ecologic_si_durabilitate\">Ecologic \u0219i durabilitate<\/a><\/li><li class='ez-toc-page-1'><a class=\"ez-toc-link ez-toc-heading-7\" href=\"https:\/\/altalheat.com\/ru\/pompa-de-caldura-aer%e2%80%91apa-60-kw-split-dc-evi\/#Usurinta_in_control\">U\u0219urin\u021b\u0103 \u00een control<\/a><\/li><li class='ez-toc-page-1'><a class=\"ez-toc-link ez-toc-heading-8\" href=\"https:\/\/altalheat.com\/ru\/pompa-de-caldura-aer%e2%80%91apa-60-kw-split-dc-evi\/#Caracteristici_tehnice\">Caracteristici tehnice<\/a><\/li><li class='ez-toc-page-1'><a class=\"ez-toc-link ez-toc-heading-9\" href=\"https:\/\/altalheat.com\/ru\/pompa-de-caldura-aer%e2%80%91apa-60-kw-split-dc-evi\/#Functii_principale\">Func\u021bii principale<\/a><\/li><li class='ez-toc-page-1'><a class=\"ez-toc-link ez-toc-heading-10\" href=\"https:\/\/altalheat.com\/ru\/pompa-de-caldura-aer%e2%80%91apa-60-kw-split-dc-evi\/#De_ce_sa_alegi_AWHP60\">De ce s\u0103 alegi AWHP60?<\/a><\/li><li class='ez-toc-page-1'><a class=\"ez-toc-link ez-toc-heading-11\" href=\"https:\/\/altalheat.com\/ru\/pompa-de-caldura-aer%e2%80%91apa-60-kw-split-dc-evi\/#Investitie_in_confort_si_ecologie\">Investi\u021bie \u00een confort \u0219i ecologie<\/a><\/li><li class='ez-toc-page-1'><a class=\"ez-toc-link ez-toc-heading-12\" href=\"https:\/\/altalheat.com\/ru\/pompa-de-caldura-aer%e2%80%91apa-60-kw-split-dc-evi\/#Concluzie\">\u0417\u0430\u043a\u043b\u044e\u0447\u0435\u043d\u0438\u0435<\/a><\/li><\/ul><\/nav><\/div>\n\n<h1><span class=\"ez-toc-section\" id=\"Pompa_de_caldura_aer%E2%80%91apa_60_kW_SPLIT_DC_EVI\"><\/span>Pompa de c\u0103ldur\u0103 aer\u2011ap\u0103 60 kW SPLIT DC EVI<span class=\"ez-toc-section-end\"><\/span><\/h1>\n<h3><span class=\"ez-toc-section\" id=\"Solutie_inovatoare_pentru_incalzire_racire_si_alimentare_cu_apa_calda\"><\/span><strong>Solu\u021bie inovatoare pentru \u00eenc\u0103lzire, r\u0103cire \u0219i alimentare cu ap\u0103 cald\u0103<\/strong><span class=\"ez-toc-section-end\"><\/span><\/h3>\n<p><a href=\"https:\/\/altalheat.com\/ru\/katalog\/teplovye-nasosy\/vozduh-voda\/\" target=\"_blank\" rel=\"noopener\"><strong>Pompa de c\u0103ldur\u0103 aer\u2011ap\u0103 60 kW SPLIT DC EVI<\/strong><\/a>\u00a0 \u00a0model <strong>AWHP60SDCE<\/strong>, cu o capacitate termic\u0103, tehnologie <a href=\"https:\/\/www.youtube.com\/watch?v=njYpsANVgaA\" target=\"_blank\" rel=\"noopener\">EVI (injec\u021bie de vapori)<\/a>, reprezint\u0103 o solu\u021bie modern\u0103 pentru \u00eenc\u0103lzire, r\u0103cire \u0219i ap\u0103 cald\u0103 menajer\u0103. Acest dispozitiv este ideal pentru cl\u0103diri mari, inclusiv spa\u021bii comerciale, locuin\u021be multifamiliale \u0219i spa\u021bii industriale. Puterea <strong>22,1\u201366 kW<\/strong> asigur\u0103 o consum de energie optimizat.<\/p>\n<hr \/>\n<h3><span class=\"ez-toc-section\" id=\"Ce_este_tehnologia_Enhanced_Vapor_Injection_EVI\"><\/span>Ce este tehnologia Enhanced Vapor Injection (EVI)?<span class=\"ez-toc-section-end\"><\/span><\/h3>\n<p>Enhanced Vapor Injection (EVI) \u2014 este o metod\u0103 de cre\u0219tere a diferen\u021bei de temperatur\u0103\/ presiune de satura\u021bie \u00eentre evaporator \u0219i condensator, utiliz\u00e2nd un economizor \u0219i un supap\u0103 de expansiune secundar\u0103. Aceast\u0103 tehnologie permite cre\u0219terea temperaturii agentului frigorific la ie\u0219ire \u00een modul de \u00eenc\u0103lzire (aer sau ap\u0103).<\/p>\n<p>Reducerea temperaturii de satura\u021bie \u00een evaporator (unitatea exterioar\u0103 \u00een modul de \u00eenc\u0103lzire) permite absorb\u021bia unei cantit\u0103\u021bi mai mari de c\u0103ldur\u0103 din aerul \u00eenconjur\u0103tor, chiar \u0219i la temperaturi climatice sc\u0103zute. \u00cenc\u0103lzirea agentului frigorific p\u00e2n\u0103 la starea de supra\u00eenc\u0103lzire \u00eenainte de injec\u021bie \u00een compresor cre\u0219te presiunea \u0219i temperatura la ie\u0219ire din compresor, ceea ce, la r\u00e2ndul s\u0103u, cre\u0219te temperatura agentului termic la ie\u0219ire din condensator.<\/p>\n<p><span style=\"color: #ff0000;\"><strong>Aten\u021bie!<\/strong><\/span>\u00a0<span style=\"color: #008000;\">Nici o pomp\u0103 de c\u0103ldur\u0103 nu poate func\u021biona <span style=\"color: #ff0000;\"><strong>p\u00e2n\u0103 la -25 \u00b0C<\/strong><\/span> f\u0103r\u0103 func\u021bia de injec\u021bie de vapori (<strong><span style=\"color: #ff0000;\">\u0414\u041e\u041c<\/span><\/strong>)! Fi\u021bi aten\u021bi \u0219i nu crede\u021bi \u00een publicitate! Solicita\u021bi tabele sau grafice de performan\u021b\u0103 ale pompei de c\u0103ldur\u0103 \u0219i face\u021bi o alegere corect\u0103, \u021bin\u00e2nd cont de particularit\u0103\u021bile utiliz\u0103rii acesteia! De asemenea, informa\u021biile se aplic\u0103 \u0219i pompelor de c\u0103ldur\u0103 de tip MONOBLOC. Monoblocurile sunt destinate \u00een special pentru \u00eenc\u0103lzirea piscinelor sau (excep\u021bional) pentru spa\u021bii unde sunt utilizate ca surs\u0103 secundar\u0103 (neprincipal\u0103) de c\u0103ldur\u0103.<\/span><\/p>\n<h2><span class=\"ez-toc-section\" id=\"Pompa_de_caldura_aer%E2%80%91apa_60_kW_SPLIT_DC_EVI_R1234\"><\/span>Pompa de c\u0103ldur\u0103 aer\u2011ap\u0103 60 kW SPLIT DC EVI R1234<span class=\"ez-toc-section-end\"><\/span><\/h2>\n<p><strong>Pompa de c\u0103ldur\u0103 aer\u2011ap\u0103 60 kW SPLIT DC EVI<\/strong>, model <strong>AWHP60SDCE<\/strong>, utilizeaz\u0103 compresoare invertor (\u00een sistem cu dou\u0103 compresoare) Panasonic, Toshiba, Invotech cu ac\u021bionare direct\u0103 cu curent continuu (DC). Acestea sunt compresoare cu vitez\u0103 variabil\u0103, controlate prin invertor de curent continuu.<\/p>\n<p>Viteza compresorului este reglat\u0103 printr-un dispozitiv extern cu frecven\u021b\u0103 variabil\u0103, ceea ce permite controlul performan\u021bei. Fluxul agentului frigorific variaz\u0103 \u00een func\u021bie de viteza compresorului. Intervalul de modulare depinde de configura\u021bia sistemului \u0219i de produc\u0103tor: de la 15\u201325% din sarcina minim\u0103 p\u00e2n\u0103 la 100% la puterea maxim\u0103.<\/p>\n<p>Datorit\u0103 acestui fapt, pompa de c\u0103ldur\u0103 cu compresor DC invertor poate adapta cu u\u0219urin\u021b\u0103 puterea sa la cererea actual\u0103, regl\u00e2nd pur \u0219i simplu viteza compresorului. Spre deosebire de compresoarele tradi\u021bionale cu una sau dou\u0103 trepte, aceste pompe de c\u0103ldur\u0103 nu se pornesc \u0219i se opresc ciclic, ci func\u021bioneaz\u0103 continuu la viteze reduse.<\/p>\n<hr \/>\n<h3><span class=\"ez-toc-section\" id=\"Avantajele_pompei_de_caldura_AWHP60\"><\/span>Avantajele pompei de c\u0103ldur\u0103 AWHP60<span class=\"ez-toc-section-end\"><\/span><\/h3>\n<h4>Capacitate energetic\u0103 ridicat\u0103 (A+++)<\/h4>\n<ul>\n<li><strong>Tehnologie invertor:<\/strong> Regleaz\u0103 performan\u021ba \u00een func\u021bie de sarcin\u0103, cu coeficientul <strong>COP p\u00e2n\u0103 la 4,3<\/strong>, economisind energie.<\/li>\n<\/ul>\n<p><strong>Tehnologia EVI<\/strong> asigur\u0103 performan\u021b\u0103 stabil\u0103 chiar \u0219i la temperaturi ambientale de p\u00e2n\u0103 la -25 \u00b0C. Prin urmare, pompa de c\u0103ldur\u0103 aer\u2011ap\u0103 60 kW este alegerea ideal\u0103 pentru regiunile reci.<\/p>\n<hr \/>\n<h3><span class=\"ez-toc-section\" id=\"Ecologic_si_durabilitate\"><\/span>Ecologic \u0219i durabilitate<span class=\"ez-toc-section-end\"><\/span><\/h3>\n<ul>\n<li><strong>Agent frigorific R1234ze\u0441\/R513A<\/strong>: Ecologic sigur, cu poten\u021bial zero de distrugere a ozonului \u0219i impact redus asupra mediului.<\/li>\n<li><strong>P\u00e2n\u0103 la 75% din energie<\/strong> provine din aer, reduc\u00e2nd amprenta de carbon.<\/li>\n<li><strong>Durat\u0103 de via\u021b\u0103 de p\u00e2n\u0103 la 20 de ani<\/strong>: <strong>\u0420\u0410\u0421\u041a\u041e\u041b\u041e\u0422\u042c<\/strong> modele protejeaz\u0103 \u00een plus componentele principale de influen\u021bele vremii, prelungind durata de func\u021bionare.<\/li>\n<\/ul>\n<hr \/>\n<h3><span class=\"ez-toc-section\" id=\"Usurinta_in_control\"><\/span>U\u0219urin\u021b\u0103 \u00een control<span class=\"ez-toc-section-end\"><\/span><\/h3>\n<p>Pompa de c\u0103ldur\u0103 aer\u2011ap\u0103 60 kW suport\u0103 sistemele moderne de case inteligente. Integrarea cu aplica\u021bii mobile permite monitorizarea \u0219i controlul de la distan\u021b\u0103.<\/p>\n<hr \/>\n<h3><span class=\"ez-toc-section\" id=\"Caracteristici_tehnice\"><\/span>Caracteristici tehnice<span class=\"ez-toc-section-end\"><\/span><\/h3>\n<table style=\"width: 26.073%;\" border=\"1\">\n<thead>\n<tr>\n<th style=\"width: 35.2346%;\">Parametru<\/th>\n<th style=\"width: 37.6802%;\">Tehnologie invertor<\/th>\n<\/tr>\n<\/thead>\n<tbody>\n<tr>\n<td style=\"width: 35.2346%; padding-left: 40px;\"><strong>Putere<\/strong><\/td>\n<td style=\"width: 37.6802%; text-align: center;\">22,1\u201366 kW<\/td>\n<\/tr>\n<tr>\n<td style=\"width: 35.2346%; padding-left: 40px;\"><strong>Suprafa\u021ba de \u00eenc\u0103lzit<\/strong><\/td>\n<td style=\"width: 37.6802%; text-align: center;\">330\u2013730 m\u00b2<\/td>\n<\/tr>\n<tr>\n<td style=\"width: 35.2346%; padding-left: 40px;\"><strong>Interval de func\u021bionare<\/strong><\/td>\n<td style=\"width: 37.6802%; text-align: center;\">De la -25 \u00b0C p\u00e2n\u0103 la +45 \u00b0C<\/td>\n<\/tr>\n<tr>\n<td style=\"width: 35.2346%; padding-left: 40px;\"><strong>Agent frigorific<\/strong><\/td>\n<td style=\"width: 37.6802%; text-align: center;\">R1234ze\u0441\/R513A<\/td>\n<\/tr>\n<tr>\n<td style=\"width: 35.2346%; padding-left: 40px;\"><strong>Num\u0103r de compresoare<\/strong><\/td>\n<td style=\"width: 37.6802%; text-align: center;\">2<\/td>\n<\/tr>\n<tr>\n<td style=\"width: 35.2346%; padding-left: 40px;\"><strong>Coeficient COP<\/strong><\/td>\n<td style=\"width: 37.6802%; text-align: center;\">P\u00e2n\u0103 la 4.44<\/td>\n<\/tr>\n<tr>\n<td style=\"width: 35.2346%; padding-left: 40px;\"><strong>\u0423\u0440\u043e\u0432\u0435\u043d\u044c \u0448\u0443\u043c\u0430<\/strong><\/td>\n<td style=\"width: 37.6802%; text-align: center;\">&lt;56 dB<\/td>\n<\/tr>\n<tr>\n<td style=\"width: 35.2346%; padding-left: 40px;\"><strong>Durat\u0103 de via\u021b\u0103<\/strong><\/td>\n<td style=\"width: 37.6802%; text-align: center;\">P\u00e2n\u0103 la 20 de ani<\/td>\n<\/tr>\n<\/tbody>\n<\/table>\n<p><span style=\"color: #ff0000;\">Aten\u021bie<\/span>: versiunea cu dou\u0103 compresoare este disponibil\u0103 la comand\u0103.<\/p>\n<hr \/>\n<h3><span class=\"ez-toc-section\" id=\"Functii_principale\"><\/span>Func\u021bii principale<span class=\"ez-toc-section-end\"><\/span><\/h3>\n<ul>\n<li><strong>\u00cenc\u0103lzire:<\/strong> \u00cenc\u0103lzire eficient\u0103 chiar \u0219i \u00een condi\u021bii de iarn\u0103 sever\u0103.<\/li>\n<li><strong>R\u0103cire:<\/strong> Men\u021binerea temperaturii confortabile \u00een timpul verii.<\/li>\n<li><strong>Ap\u0103 cald\u0103 menajer\u0103:<\/strong> \u00cenc\u0103lzire economic\u0103 a apei pentru uz casnic.<\/li>\n<\/ul>\n<hr \/>\n<h3><span class=\"ez-toc-section\" id=\"De_ce_sa_alegi_AWHP60\"><\/span>De ce s\u0103 alegi AWHP60?<span class=\"ez-toc-section-end\"><\/span><\/h3>\n<ol>\n<li><strong>Eficien\u021b\u0103 energetic\u0103:<\/strong> Coeficient ridicat de performan\u021b\u0103 \u0219i tehnologie invertor pentru reducerea costurilor de energie.<\/li>\n<li><strong>Fiabilitate:<\/strong> Func\u021bionare \u00een condi\u021bii climatice dure f\u0103r\u0103 pierderi de performan\u021b\u0103.<\/li>\n<li><strong>Eco-friendly:<\/strong> Utilizarea unui agent frigorific sigur \u0219i amprent\u0103 de carbon minim\u0103.<\/li>\n<li><strong>Flexibilitate \u00een montaj:<\/strong> Op\u021biuni de monobloc, sistem split \u0219i FULL SPLIT.<\/li>\n<li><strong>Durabilitate:<\/strong> Investi\u021bie \u00eentr-un dispozitiv cu durat\u0103 lung\u0103 de via\u021b\u0103.<\/li>\n<\/ol>\n<hr \/>\n<h3><span class=\"ez-toc-section\" id=\"Investitie_in_confort_si_ecologie\"><\/span>Investi\u021bie \u00een confort \u0219i ecologie<span class=\"ez-toc-section-end\"><\/span><\/h3>\n<p>Pompa de c\u0103ldur\u0103 aer\u2011ap\u0103 <strong>60 kW SPLIT DC EVI AWHP60SDCE<\/strong> nu este doar un sistem de \u00eenc\u0103lzire sau r\u0103cire, ci un pas c\u0103tre un viitor eficient din punct de vedere energetic. Utiliz\u00e2nd energie regenerabil\u0103, pompa de c\u0103ldur\u0103 aer\u2011ap\u0103 60 kW reduce costurile de energie \u0219i amprenta de carbon.<\/p>\n<hr \/>\n<h3><span class=\"ez-toc-section\" id=\"Concluzie\"><\/span>\u0417\u0430\u043a\u043b\u044e\u0447\u0435\u043d\u0438\u0435<span class=\"ez-toc-section-end\"><\/span><\/h3>\n<p>Modelul <strong>AWHP60SDCE<\/strong> combin\u0103 tehnologii avansate, fiabilitate \u0219i sustenabilitate. Este solu\u021bia ideal\u0103 pentru \u00eenc\u0103lzire, r\u0103cire \u0219i ap\u0103 cald\u0103 menajer\u0103 \u00een orice condi\u021bii climatice.<\/p>\n<p>Face\u021bi alegerea unui dispozitiv eficient energetic, care v\u0103 va servi mul\u021bi ani, oferindu-v\u0103 confort \u0219i economie. Evalua\u021bi avantajele AWHP60 \u0219i contribui\u021bi la un viitor ecologic!<\/p>\n<p><strong><span style=\"color: #ff0000;\">Produc\u021bie \u00een Republica Moldova!<\/span><\/strong><\/p>","protected":false},"excerpt":{"rendered":"<h3><span style=\"color: #993366;\"><strong>Modelul AWHP60SDCE<\/strong><\/span><\/h3>\n<p><strong>Model SPLIT<\/strong> \u2013 cu module separate \u0219i func\u021bie <strong>\u0414\u041e\u041c<\/strong>. \u00cenc\u0103lzirea \u0219i r\u0103cirea spa\u021biilor p\u00e2n\u0103 la <strong>780 m\u00b2<\/strong>. Asigur\u0103 \u00eenc\u0103lzirea apei p\u00e2n\u0103 la <span style=\"color: #ff0000;\"><strong>+80\u00b0C &#8230; +85\u00b0C<\/strong><\/span> cu agent frigorific <span style=\"color: #008000;\"><strong>R1234ze(E)<\/strong><\/span> \u0219i p\u00e2n\u0103 la <span style=\"color: #ff0000;\"><strong>+65\u00b0C &#8230; +70\u00b0C<\/strong><\/span> cu agent frigorific <span style=\"color: #008000;\"><strong>R513A<\/strong><\/span>, func\u021bioneaz\u0103 la temperaturi de la <strong><span style=\"color: #000080;\">-25\u00b0C p\u00e2n\u0103 la +43\u00b0C<\/span><\/strong>.<\/p>\n<p><span style=\"color: #ff0000;\"><strong>FABRICAT \u00ceN MOLDOVA.<\/strong><\/span><\/p>\n<hr \/>","protected":false},"featured_media":8203,"comment_status":"open","ping_status":"closed","template":"","meta":{"_acf_changed":false,"om_disable_all_campaigns":false,"_monsterinsights_skip_tracking":false,"_monsterinsights_sitenote_active":false,"_monsterinsights_sitenote_note":"","_monsterinsights_sitenote_category":0,"_kadence_starter_templates_imported_post":true,"_kad_post_transparent":"default","_kad_post_title":"","_kad_post_layout":"default","_kad_post_sidebar_id":"","_kad_post_content_style":"default","_kad_post_vertical_padding":"default","_kad_post_feature":"","_kad_post_feature_position":"","_kad_post_header":false,"_kad_post_footer":false,"_kad_post_classname":"","jetpack_post_was_ever_published":false,"jetpack_publicize_message":"","jetpack_publicize_feature_enabled":true,"jetpack_social_post_already_shared":true,"jetpack_social_options":{"image_generator_settings":{"template":"highway","default_image_id":0,"enabled":false},"version":2}},"product_brand":[364],"product_cat":[37,23],"product_tag":[399,395,224,398,215,189,240,363,216,356,397,178,383],"class_list":{"0":"post-7225","1":"product","2":"type-product","3":"status-publish","4":"has-post-thumbnail","6":"product_brand-altal","7":"product_cat-pompe-de-caldura-altal","8":"product_cat-pompe-de-caldura-aer-apa-pro","9":"product_tag-25c","10":"product_tag-85c","11":"product_tag-60-kw","12":"product_tag-780-m","13":"product_tag-apa-calda-menajera","14":"product_tag-aprovizionare-cu-apa","15":"product_tag-evi","16":"product_tag-in-chisinau","17":"product_tag-in-moldova","18":"product_tag-pompa-de-caldura-aer-apa","19":"product_tag-r1234","20":"product_tag-racire","21":"product_tag-split","22":"product_shipping_class-heavy-packages","23":"pa_compresor-dc-invertor","24":"pa_injectie-cu-vapori-evi-injectie-cu-vapori","25":"pa_putere-termica-kw-8-kw","26":"pa_tip-pompa-de-caldura-sol-apa","28":"first","29":"onbackorder","30":"featured","31":"taxable","32":"shipping-taxable","33":"purchasable","34":"product-type-simple","35":"add-to-wishlist-after_add_to_cart","36":"entry","37":"content-bg","38":"loop-entry"},"acf":[],"jetpack_publicize_connections":[],"jetpack_sharing_enabled":true,"jetpack_likes_enabled":false,"_links":{"self":[{"href":"https:\/\/altalheat.com\/ru\/wp-json\/wp\/v2\/product\/7225","targetHints":{"allow":["GET"]}}],"collection":[{"href":"https:\/\/altalheat.com\/ru\/wp-json\/wp\/v2\/product"}],"about":[{"href":"https:\/\/altalheat.com\/ru\/wp-json\/wp\/v2\/types\/product"}],"replies":[{"embeddable":true,"href":"https:\/\/altalheat.com\/ru\/wp-json\/wp\/v2\/comments?post=7225"}],"version-history":[{"count":13,"href":"https:\/\/altalheat.com\/ru\/wp-json\/wp\/v2\/product\/7225\/revisions"}],"predecessor-version":[{"id":8206,"href":"https:\/\/altalheat.com\/ru\/wp-json\/wp\/v2\/product\/7225\/revisions\/8206"}],"wp:featuredmedia":[{"embeddable":true,"href":"https:\/\/altalheat.com\/ru\/wp-json\/wp\/v2\/media\/8203"}],"wp:attachment":[{"href":"https:\/\/altalheat.com\/ru\/wp-json\/wp\/v2\/media?parent=7225"}],"wp:term":[{"taxonomy":"product_brand","embeddable":true,"href":"https:\/\/altalheat.com\/ru\/wp-json\/wp\/v2\/product_brand?post=7225"},{"taxonomy":"product_cat","embeddable":true,"href":"https:\/\/altalheat.com\/ru\/wp-json\/wp\/v2\/product_cat?post=7225"},{"taxonomy":"product_tag","embeddable":true,"href":"https:\/\/altalheat.com\/ru\/wp-json\/wp\/v2\/product_tag?post=7225"}],"curies":[{"name":"wp","href":"https:\/\/api.w.org\/{rel}","templated":true}]}}