{"id":7219,"date":"2025-06-04T13:49:49","date_gmt":"2025-06-04T11:49:49","guid":{"rendered":"https:\/\/altalheat.com\/?post_type=product&#038;p=7219"},"modified":"2025-06-13T18:13:54","modified_gmt":"2025-06-13T15:13:54","slug":"pompa-de-caldura-aer%e2%80%91apa-50-kw-evi-split-dc","status":"publish","type":"product","link":"https:\/\/altalheat.com\/ru\/pompa-de-caldura-aer%e2%80%91apa-50-kw-evi-split-dc\/","title":{"rendered":"Pompa de c\u0103ldur\u0103 aer\u2011ap\u0103 50 kW EVI SPLIT DC"},"content":{"rendered":"<div id=\"ez-toc-container\" class=\"ez-toc-v2_0_74 counter-flat ez-toc-counter ez-toc-grey ez-toc-container-direction\">\n<div class=\"ez-toc-title-container\">\n<span class=\"ez-toc-title-toggle\"><a href=\"#\" class=\"ez-toc-pull-right ez-toc-btn ez-toc-btn-xs ez-toc-btn-default ez-toc-toggle\" aria-label=\"Toggle Table of Content\"><span class=\"ez-toc-js-icon-con\"><span class=\"\"><span class=\"eztoc-hide\" style=\"display:none;\">\u041f\u0435\u0440\u0435\u043a\u043b\u044e\u0447\u0430\u0442\u044c<\/span><span class=\"ez-toc-icon-toggle-span\"><svg style=\"fill: #999;color:#999\" xmlns=\"http:\/\/www.w3.org\/2000\/svg\" class=\"list-377408\" width=\"20px\" height=\"20px\" viewbox=\"0 0 24 24\" fill=\"none\"><path d=\"M6 6H4v2h2V6zm14 0H8v2h12V6zM4 11h2v2H4v-2zm16 0H8v2h12v-2zM4 16h2v2H4v-2zm16 0H8v2h12v-2z\" fill=\"currentColor\"><\/path><\/svg><svg style=\"fill: #999;color:#999\" class=\"arrow-unsorted-368013\" xmlns=\"http:\/\/www.w3.org\/2000\/svg\" width=\"10px\" height=\"10px\" viewbox=\"0 0 24 24\" version=\"1.2\" baseprofile=\"tiny\"><path d=\"M18.2 9.3l-6.2-6.3-6.2 6.3c-.2.2-.3.4-.3.7s.1.5.3.7c.2.2.4.3.7.3h11c.3 0 .5-.1.7-.3.2-.2.3-.5.3-.7s-.1-.5-.3-.7zM5.8 14.7l6.2 6.3 6.2-6.3c.2-.2.3-.5.3-.7s-.1-.5-.3-.7c-.2-.2-.4-.3-.7-.3h-11c-.3 0-.5.1-.7.3-.2.2-.3.5-.3.7s.1.5.3.7z\"\/><\/svg><\/span><\/span><\/span><\/a><\/span><\/div>\n<nav><ul class='ez-toc-list ez-toc-list-level-1 eztoc-toggle-hide-by-default' ><li class='ez-toc-page-1'><a class=\"ez-toc-link ez-toc-heading-1\" href=\"https:\/\/altalheat.com\/ru\/pompa-de-caldura-aer%e2%80%91apa-50-kw-evi-split-dc\/#Pompa_de_caldura_aer%E2%80%91apa_50_kW_EVI_SPLIT_DC_model_AWHP50SDCH3\">Pompa de c\u0103ldur\u0103 aer\u2011ap\u0103 50 kW EVI SPLIT DC model AWHP50SDCH3<\/a><\/li><li class='ez-toc-page-1'><a class=\"ez-toc-link ez-toc-heading-2\" href=\"https:\/\/altalheat.com\/ru\/pompa-de-caldura-aer%e2%80%91apa-50-kw-evi-split-dc\/#Caracteristici\">Caracteristici<\/a><\/li><li class='ez-toc-page-1'><a class=\"ez-toc-link ez-toc-heading-3\" href=\"https:\/\/altalheat.com\/ru\/pompa-de-caldura-aer%e2%80%91apa-50-kw-evi-split-dc\/#Avantajele_pompei_de_caldura\">Avantajele pompei de c\u0103ldur\u0103<\/a><\/li><li class='ez-toc-page-1'><a class=\"ez-toc-link ez-toc-heading-4\" href=\"https:\/\/altalheat.com\/ru\/pompa-de-caldura-aer%e2%80%91apa-50-kw-evi-split-dc\/#Aplicatii\">Aplica\u021bii<\/a><\/li><li class='ez-toc-page-1'><a class=\"ez-toc-link ez-toc-heading-5\" href=\"https:\/\/altalheat.com\/ru\/pompa-de-caldura-aer%e2%80%91apa-50-kw-evi-split-dc\/#Independenta_de_combustibil\">Independen\u021b\u0103 de combustibil<\/a><\/li><li class='ez-toc-page-1'><a class=\"ez-toc-link ez-toc-heading-6\" href=\"https:\/\/altalheat.com\/ru\/pompa-de-caldura-aer%e2%80%91apa-50-kw-evi-split-dc\/#Functionare_sigura_la_temperaturi_scazute\">Func\u021bionare sigur\u0103 la temperaturi sc\u0103zute<\/a><\/li><li class='ez-toc-page-1'><a class=\"ez-toc-link ez-toc-heading-7\" href=\"https:\/\/altalheat.com\/ru\/pompa-de-caldura-aer%e2%80%91apa-50-kw-evi-split-dc\/#Comparativ_cu_alte_sisteme\">Comparativ cu alte sisteme<\/a><\/li><li class='ez-toc-page-1'><a class=\"ez-toc-link ez-toc-heading-8\" href=\"https:\/\/altalheat.com\/ru\/pompa-de-caldura-aer%e2%80%91apa-50-kw-evi-split-dc\/#De_ce_sa_alegi_Pompa_de_caldura_aer%E2%80%91apa_50_kW_EVI_SPLIT_DC_AWHP50SDCH3\">De ce s\u0103 alegi Pompa de c\u0103ldur\u0103 aer\u2011ap\u0103 50 kW EVI SPLIT DC AWHP50SDCH3?<\/a><\/li><\/ul><\/nav><\/div>\n\n<h1><span class=\"ez-toc-section\" id=\"Pompa_de_caldura_aer%E2%80%91apa_50_kW_EVI_SPLIT_DC_model_AWHP50SDCH3\"><\/span>Pompa de c\u0103ldur\u0103 aer\u2011ap\u0103 50 kW EVI SPLIT DC model AWHP50SDCH3<span class=\"ez-toc-section-end\"><\/span><\/h1>\n<p>\u2014 pompa de c\u0103ldur\u0103 industrial\u0103, fiind o solu\u021bie modern\u0103 \u0219i fiabil\u0103 pentru \u00eenc\u0103lzire \u0219i r\u0103cire. O solu\u021bie excelent\u0103 pentru nevoile tehnologice ale \u00eentreprinderilor din domeniul lactatelor, farmaceutic, produc\u021bia de bere etc. <em>\u00cen primul r\u00e2nd<\/em>, utilizeaz\u0103 c\u0103ldura aerului ambiental, ceea ce permite reducerea semnificativ\u0103 a costurilor pentru \u00eenc\u0103lzire \u0219i produc\u021bia de ap\u0103 cald\u0103 de \u00eenalt\u0103 temperatur\u0103. <em>\u00cen plus<\/em>, aceast\u0103 pomp\u0103 demonstreaz\u0103 o eficien\u021b\u0103 ridicat\u0103 chiar \u0219i la temperaturi exterioare relativ sc\u0103zute, fiind potrivit\u0103 pentru utilizare \u00een diferite condi\u021bii climatice.<\/p>\n<hr \/>\n<h2><span class=\"ez-toc-section\" id=\"Caracteristici\"><\/span><strong>Caracteristici<\/strong><span class=\"ez-toc-section-end\"><\/span><\/h2>\n<h4><strong>Performan\u021b\u0103 ridicat\u0103<\/strong><\/h4>\n<p><a href=\"https:\/\/altalheat.com\/ru\/katalog\/teplovye-nasosy\/vozduh-voda\/\"><strong>Pompa de c\u0103ldur\u0103 aer\u2011ap\u0103 50 kW EVI SPLIT DC model AWHP50SDCH3<\/strong><\/a> poate \u00eenc\u0103lzi \u0219i r\u0103ci spa\u021bii cu o suprafa\u021b\u0103 de la <strong>320 p\u00e2n\u0103 la 600 m\u00b2<\/strong>. <em>Astfel<\/em>, se potrive\u0219te at\u00e2t pentru case private, c\u00e2t \u0219i pentru mici birouri sau \u00eentreprinderi. <em>De asemenea<\/em>, modelul ofer\u0103 temperaturi stabile de \u00eenc\u0103lzire iarna \u0219i r\u0103cire vara, f\u0103c\u00e2ndu-l o alegere versatil\u0103.<\/p>\n<p>Cu utilizarea panourilor solare electrice, se poate ob\u021bine un sistem cu costuri zero pentru \u00eenc\u0103lzire, r\u0103cire \u0219i prepararea apei calde.<\/p>\n<h4><strong>Etic\u0103 energetic\u0103<\/strong><\/h4>\n<p><strong>Pompa de c\u0103ldur\u0103 aer\u2011ap\u0103 50 kW EVI SPLIT DC<\/strong> au un coeficient de performan\u021b\u0103 (COP) ridicat, care dep\u0103\u0219e\u0219te frecvent valoarea <strong>&gt; 4.2<\/strong> atunci c\u00e2nd se folose\u0219te sistemul <span style=\"color: #0000ff;\"><strong>EVI.<\/strong><\/span>\u00a0<em>Altfel spus<\/em>, fiecare kilowatt consumat de energie se transform\u0103 \u00een mai mul\u021bi kilowa\u021bi de c\u0103ldur\u0103. <em>Prin urmare<\/em>, utilizarea unui astfel de dispozitiv reduce semnificativ costurile de exploatare.<\/p>\n<h4><strong>Rezisten\u021b\u0103 la temperaturi sc\u0103zute<\/strong><\/h4>\n<p>Pompele de c\u0103ldur\u0103 din aceast\u0103 categorie pot func\u021biona la temperaturi exterioare de p\u00e2n\u0103 la <span style=\"color: #ff0000;\"><strong>-15\u00b0C &#8230;<\/strong><\/span> sau <span style=\"color: #ff0000;\"><strong>-20\u00b0\u0421<\/strong><\/span> \u0219i pot produce ap\u0103 cu temperaturi de p\u00e2n\u0103 la +60\u00b0C sau +85\u00b0C (la comand\u0103). <em>Mul\u021bumit\u0103 acestor tehnologii<\/em>, acestea func\u021bioneaz\u0103 stabil chiar \u0219i \u00een cele mai dure condi\u021bii de iarn\u0103. <em>Acest lucru devine posibil<\/em> datorit\u0103 tehnologiilor moderne precum <strong><a href=\"https:\/\/www.hpac.com\/training\/article\/21244075\/refrigeration-basics-vapor-injection-and-the-refrigeration-cycle\" target=\"_blank\" rel=\"noopener\">sistemul EVI (injec\u021bie de vapori)<\/a><\/strong>, \u00a0\u0219i controlului invertor. Modelele pot fi livrate \u0219i cu alte tipuri de agen\u021bi frigorifici.<\/p>\n<h4><strong>Automatizare \u0219i control<\/strong><\/h4>\n<p><em>\u00cen plus<\/em>, multe modele <a href=\"https:\/\/altalheat.com\/ru\/katalog\/teplovye-nasosy\/grunt-voda\/\"><strong>pompelor de c\u0103ldur\u0103 aer\u2011ap\u0103<\/strong><\/a> pot fi integrate \u00een sistemele de cas\u0103 inteligent\u0103. <em>Astfel<\/em>, utilizatorul are posibilitatea s\u0103 controleze dispozitivul prin aplica\u021bii mobile sau controale speciale.<\/p>\n<h4><strong>Versatilitate \u00een utilizare<\/strong><\/h4>\n<p><a href=\"https:\/\/altalheat.com\/ru\/katalog\/teplovye-nasosy\/vozduh-voda\/\"><strong>Pompa de c\u0103ldur\u0103 aer\u2011ap\u0103 50 kW EVI SPLIT DC<\/strong><\/a>\u00a0nu este destinat\u0103 doar pentru \u00eenc\u0103lzire, ci \u0219i pentru r\u0103cire. <em>De asemenea<\/em>, poate fi folosit\u0103 pentru \u00eenc\u0103lzirea apei, men\u021bin\u00e2nd o temperatur\u0103 confortabil\u0103 \u00een baie sau buc\u0103t\u0103rie.<\/p>\n<hr \/>\n<h3><span class=\"ez-toc-section\" id=\"Avantajele_pompei_de_caldura\"><\/span><strong>Avantajele pompei de c\u0103ldur\u0103<\/strong><span class=\"ez-toc-section-end\"><\/span><\/h3>\n<h4><strong>Eco-friendly<\/strong><\/h4>\n<p><strong>Pompa de c\u0103ldur\u0103 aer\u2011ap\u0103 50 kW EVI SPLIT DC<\/strong> nu emite dioxid de carbon \u00een atmosfer\u0103, <em>fiind astfel<\/em> o solu\u021bie ecologic\u0103. <em>De asemenea<\/em>, contribuie la reducerea amprentei de carbon, fiind important pentru utilizatorii responsabili.<\/p>\n<h4><strong>Costuri de exploatare reduse<\/strong><\/h4>\n<p>Diferen\u021ba fa\u021b\u0103 de cazanele tradi\u021bionale este c\u0103 pompa de c\u0103ldur\u0103 aer\u2011ap\u0103 utilizeaz\u0103 p\u00e2n\u0103 la 75% din energia gratuit\u0103 din aer. <em>Astfel<\/em>, costurile de func\u021bionare sunt mult mai mici, comparativ cu gazul sau electricitatea.<\/p>\n<h4><strong>Durabilitate \u0219i fiabilitate<\/strong><\/h4>\n<p><em>Mai mult<\/em>, durata de via\u021b\u0103 a pompei de c\u0103ldur\u0103 atinge <strong>&gt; 15-25 de ani<\/strong> cu o \u00eentre\u021binere corect\u0103. <em>Aceasta<\/em> face o investi\u021bie pe termen lung, cu economii semnificative.<\/p>\n<h4><strong>U\u0219urin\u021b\u0103 \u00een instalare<\/strong><\/h4>\n<p><strong>Pompa de c\u0103ldur\u0103 aer\u2011ap\u0103 50 kW EVI SPLIT DC<\/strong> necesit\u0103 mai pu\u021bine costuri de instalare dec\u00e2t cele de tip sol\u2011ap\u0103. <em>De aceea<\/em>, sunt mai accesibile pentru majoritatea consumatorilor. Totu\u0219i, trebuie avut \u00een vedere impactul sc\u0103derii performan\u021bei \u0219i eficien\u021bei pe m\u0103sur\u0103 ce temperatura exterioar\u0103 scade (consulta\u021bi graficele).<\/p>\n<hr \/>\n<h3><span class=\"ez-toc-section\" id=\"Aplicatii\"><\/span><strong>Aplica\u021bii<\/strong><span class=\"ez-toc-section-end\"><\/span><\/h3>\n<ul>\n<li><strong>\u00cenc\u0103lzire<\/strong>: Pompa poate men\u021bine o temperatur\u0103 confortabil\u0103 chiar \u0219i \u00een condi\u021bii de frig extrem.<\/li>\n<li><strong>Ap\u0103 cald\u0103 menajer\u0103<\/strong>: Dispozitivul poate fi conectat la sistemul de ap\u0103 cald\u0103, elimin\u00e2nd necesitatea boilerelor electrice.<\/li>\n<li><strong>R\u0103cire<\/strong>:\u00a0<em>De asemenea<\/em>, vara, pompa func\u021bioneaz\u0103 pentru r\u0103cire, asigur\u00e2nd confortul \u00een sezonul cald.<\/li>\n<\/ul>\n<h3><span class=\"ez-toc-section\" id=\"Independenta_de_combustibil\"><\/span><strong>Independen\u021b\u0103 de combustibil<\/strong><span class=\"ez-toc-section-end\"><\/span><\/h3>\n<ul>\n<li>Sistemul nu depinde de livrarea de gaz, lemne sau c\u0103rbune, fiind ideal pentru zone \u00eendep\u0103rtate sau autonome din punct de vedere energetic.<\/li>\n<\/ul>\n<h3><span class=\"ez-toc-section\" id=\"Functionare_sigura_la_temperaturi_scazute\"><\/span><strong>Func\u021bionare sigur\u0103 la temperaturi sc\u0103zute<\/strong><span class=\"ez-toc-section-end\"><\/span><\/h3>\n<ul>\n<li>Modelele moderne pot func\u021biona eficient chiar \u0219i la temperaturi de p\u00e2n\u0103 la <strong>-20\u00b0\u0421<\/strong>.<\/li>\n<\/ul>\n<h3><span class=\"ez-toc-section\" id=\"Comparativ_cu_alte_sisteme\"><\/span><strong>Comparativ cu alte sisteme<\/strong><span class=\"ez-toc-section-end\"><\/span><\/h3>\n<table style=\"width: 35.337%;\" border=\"1\">\n<thead>\n<tr>\n<th style=\"width: 16.8341%;\">Caracteristici<\/th>\n<th style=\"width: 26.6269%;\">Pompa de c\u0103ldur\u0103 aer\u2011ap\u0103<\/th>\n<th style=\"width: 20.0438%;\">Cazane pe gaze<\/th>\n<th style=\"width: 18.7839%;\">Cazane electrice<\/th>\n<\/tr>\n<\/thead>\n<tbody>\n<tr>\n<td style=\"width: 16.8341%;\">Energie regenerabil\u0103<\/td>\n<td style=\"width: 26.6269%; text-align: center;\">\u2705<\/td>\n<td style=\"width: 20.0438%; text-align: center;\">\u274c<\/td>\n<td style=\"width: 18.7839%; text-align: center;\">\u274c<\/td>\n<\/tr>\n<tr>\n<td style=\"width: 16.8341%;\">Costuri de combustibil<\/td>\n<td style=\"width: 26.6269%; text-align: center;\">\u274c<\/td>\n<td style=\"width: 20.0438%; text-align: center;\">\u2705<\/td>\n<td style=\"width: 18.7839%; text-align: center;\">\u2705<\/td>\n<\/tr>\n<tr>\n<td style=\"width: 16.8341%;\">\u042d\u043d\u0435\u0440\u0433\u043e\u044d\u0444\u0444\u0435\u043a\u0442\u0438\u0432\u043d\u043e\u0441\u0442\u044c<\/td>\n<td style=\"width: 26.6269%; text-align: center;\">\u2705<\/td>\n<td style=\"width: 20.0438%; text-align: center;\">\u0421\u0440\u0435\u0434\u043d\u0438\u0439<\/td>\n<td style=\"width: 18.7839%; text-align: center;\">Sc\u0103zut\u0103<\/td>\n<\/tr>\n<tr>\n<td style=\"width: 16.8341%;\">Eco-friendly<\/td>\n<td style=\"width: 26.6269%; text-align: center;\">\u2705<\/td>\n<td style=\"width: 20.0438%; text-align: center;\">\u274c<\/td>\n<td style=\"width: 18.7839%; text-align: center;\">\u0441\u0440\u0435\u0434\u0430<\/td>\n<\/tr>\n<\/tbody>\n<\/table>\n<h2><span class=\"ez-toc-section\" id=\"De_ce_sa_alegi_Pompa_de_caldura_aer%E2%80%91apa_50_kW_EVI_SPLIT_DC_AWHP50SDCH3\"><\/span>De ce s\u0103 alegi Pompa de c\u0103ldur\u0103 aer\u2011ap\u0103 50 kW EVI SPLIT DC AWHP50SDCH3?<span class=\"ez-toc-section-end\"><\/span><\/h2>\n<ul>\n<li>Versatilitate: Versiunile <strong>\u0420\u0410\u0421\u041a\u041e\u041b\u041e\u0422\u042c<\/strong> sunt potrivite pentru orice condi\u021bii.<\/li>\n<li>Economii de energie: Reduce semnificativ costurile de \u00eenc\u0103lzire \u0219i r\u0103cire.<\/li>\n<li>Eco-friendly: Siguran\u021b\u0103 pentru mediu datorit\u0103 agentului frigorific.<\/li>\n<li>Fiabilitate: Func\u021bioneaz\u0103 \u00een cele mai dure condi\u021bii climatice.<\/li>\n<\/ul>\n<p>Oferim o gam\u0103 complet\u0103 de servicii pentru pompele de c\u0103ldur\u0103, pentru a asigura confortul dumneavoastr\u0103 pe tot parcursul anului:<\/p>\n<ul>\n<li>Produc\u021bie: <span style=\"color: #0000ff;\"><strong>Suntem produc\u0103tori de pompe de c\u0103ldur\u0103<\/strong><\/span>. Dispozitivul vine direct de la fabric\u0103.<\/li>\n<li>V\u00e2nzare: O gam\u0103 larg\u0103 de pompe de c\u0103ldur\u0103 asamblate \u00een Moldova \u0219i Rom\u00e2nia. Ajut\u0103m s\u0103 g\u0103si\u021bi solu\u021bia perfect\u0103 pentru nevoile dvs.<\/li>\n<li>Montaj: Instalare profesional\u0103, adaptat\u0103 casei sau afacerii dvs.<\/li>\n<li>Servicii: \u00centre\u021binere periodic\u0103 \u0219i asisten\u021b\u0103 rapid\u0103 pentru func\u021bionare stabil\u0103 \u0219i pe termen lung.<\/li>\n<li>Garan\u021bie: \u00cen perioada de garan\u021bie, beneficia\u021bi de diagnosticare \u0219i repara\u021bii gratuite.<\/li>\n<\/ul>\n<p>Conform <a href=\"https:\/\/www.irena.org\/\" target=\"_new\" rel=\"noopener\">Agen\u021biei Interna\u021bionale pentru Energie Regenerabil\u0103 (IRENA)<\/a>, pompele de c\u0103ldur\u0103 sunt unele dintre cele mai eficiente solu\u021bii pentru \u00eenc\u0103lzire.<\/p>\n<p><span style=\"color: #ff0000;\"><strong>FABRICAT \u00ceN MOLDOVA.<\/strong><\/span><\/p>","protected":false},"excerpt":{"rendered":"<h4><span style=\"color: #800080;\">Modelul AWHP50SDCH3<\/span><\/h4>\n<p>Pompa de c\u0103ldur\u0103 industrial\u0103. Sistem cu module separate (<strong>\u0420\u0410\u0421\u041a\u041e\u041b\u041e\u0422\u042c<\/strong>). Func\u021bie de injec\u021bie de vapori sau f\u0103r\u0103\u00a0 (<span style=\"color: #008000;\"><strong>\u0414\u041e\u041c<\/strong><\/span>), acces de la distan\u021b\u0103. Pentru \u00eenc\u0103lzirea spa\u021biilor p\u00e2n\u0103 la <span style=\"color: #0000ff;\"><strong>600 m\u00b2<\/strong><\/span>. Alimentare 380 V, 50 Hz.<\/p>\n<p><span style=\"color: #ff0000;\"><strong>Produc\u021bie Republica Moldova.<\/strong><\/span><\/p>","protected":false},"featured_media":8207,"comment_status":"open","ping_status":"closed","template":"","meta":{"_acf_changed":false,"om_disable_all_campaigns":false,"_monsterinsights_skip_tracking":false,"_monsterinsights_sitenote_active":false,"_monsterinsights_sitenote_note":"","_monsterinsights_sitenote_category":0,"_kadence_starter_templates_imported_post":true,"_kad_post_transparent":"default","_kad_post_title":"","_kad_post_layout":"default","_kad_post_sidebar_id":"","_kad_post_content_style":"default","_kad_post_vertical_padding":"default","_kad_post_feature":"","_kad_post_feature_position":"","_kad_post_header":false,"_kad_post_footer":false,"_kad_post_classname":"","jetpack_post_was_ever_published":false,"jetpack_publicize_message":"","jetpack_publicize_feature_enabled":true,"jetpack_social_post_already_shared":true,"jetpack_social_options":{"image_generator_settings":{"template":"highway","default_image_id":0,"enabled":false},"version":2}},"product_brand":[364],"product_cat":[23,37],"product_tag":[391,395,210,394,189,227,240,363,216,356,178,383],"class_list":{"0":"post-7219","1":"product","2":"type-product","3":"status-publish","4":"has-post-thumbnail","6":"product_brand-altal","7":"product_cat-pompe-de-caldura-aer-apa-pro","8":"product_cat-pompe-de-caldura-altal","9":"product_tag-20c","10":"product_tag-85c","11":"product_tag-50-kw","12":"product_tag-600-m","13":"product_tag-aprovizionare-cu-apa","14":"product_tag-dc","15":"product_tag-evi","16":"product_tag-in-chisinau","17":"product_tag-in-moldova","18":"product_tag-pompa-de-caldura-aer-apa","19":"product_tag-racire","20":"product_tag-split","21":"product_shipping_class-heavy-packages","22":"pa_compresor-dc-invertor","23":"pa_injectie-cu-vapori-evi-injectie-cu-vapori","24":"pa_model-split","25":"pa_putere-termica-kw-50-kw","26":"pa_tip-pompa-de-caldura-aer-apa","28":"first","29":"onbackorder","30":"featured","31":"taxable","32":"shipping-taxable","33":"purchasable","34":"product-type-simple","35":"add-to-wishlist-after_add_to_cart","36":"entry","37":"content-bg","38":"loop-entry"},"acf":[],"jetpack_publicize_connections":[],"jetpack_sharing_enabled":true,"jetpack_likes_enabled":true,"_links":{"self":[{"href":"https:\/\/altalheat.com\/ru\/wp-json\/wp\/v2\/product\/7219","targetHints":{"allow":["GET"]}}],"collection":[{"href":"https:\/\/altalheat.com\/ru\/wp-json\/wp\/v2\/product"}],"about":[{"href":"https:\/\/altalheat.com\/ru\/wp-json\/wp\/v2\/types\/product"}],"replies":[{"embeddable":true,"href":"https:\/\/altalheat.com\/ru\/wp-json\/wp\/v2\/comments?post=7219"}],"version-history":[{"count":9,"href":"https:\/\/altalheat.com\/ru\/wp-json\/wp\/v2\/product\/7219\/revisions"}],"predecessor-version":[{"id":8208,"href":"https:\/\/altalheat.com\/ru\/wp-json\/wp\/v2\/product\/7219\/revisions\/8208"}],"wp:featuredmedia":[{"embeddable":true,"href":"https:\/\/altalheat.com\/ru\/wp-json\/wp\/v2\/media\/8207"}],"wp:attachment":[{"href":"https:\/\/altalheat.com\/ru\/wp-json\/wp\/v2\/media?parent=7219"}],"wp:term":[{"taxonomy":"product_brand","embeddable":true,"href":"https:\/\/altalheat.com\/ru\/wp-json\/wp\/v2\/product_brand?post=7219"},{"taxonomy":"product_cat","embeddable":true,"href":"https:\/\/altalheat.com\/ru\/wp-json\/wp\/v2\/product_cat?post=7219"},{"taxonomy":"product_tag","embeddable":true,"href":"https:\/\/altalheat.com\/ru\/wp-json\/wp\/v2\/product_tag?post=7219"}],"curies":[{"name":"wp","href":"https:\/\/api.w.org\/{rel}","templated":true}]}}