{"id":7195,"date":"2025-06-04T12:33:05","date_gmt":"2025-06-04T10:33:05","guid":{"rendered":"https:\/\/altalheat.com\/?post_type=product&#038;p=7195"},"modified":"2025-06-13T18:43:15","modified_gmt":"2025-06-13T15:43:15","slug":"pompa-de-caldura-aer-apa-25-kw-model-split-dc","status":"publish","type":"product","link":"https:\/\/altalheat.com\/ru\/pompa-de-caldura-aer-apa-25-kw-model-split-dc\/","title":{"rendered":"Pompa de c\u0103ldur\u0103 aer-ap\u0103 25 kW MODEL SPLIT DC"},"content":{"rendered":"<div id=\"ez-toc-container\" class=\"ez-toc-v2_0_74 counter-flat ez-toc-counter ez-toc-grey ez-toc-container-direction\">\n<div class=\"ez-toc-title-container\">\n<span class=\"ez-toc-title-toggle\"><a href=\"#\" class=\"ez-toc-pull-right ez-toc-btn ez-toc-btn-xs ez-toc-btn-default ez-toc-toggle\" aria-label=\"Toggle Table of Content\"><span class=\"ez-toc-js-icon-con\"><span class=\"\"><span class=\"eztoc-hide\" style=\"display:none;\">\u041f\u0435\u0440\u0435\u043a\u043b\u044e\u0447\u0430\u0442\u044c<\/span><span class=\"ez-toc-icon-toggle-span\"><svg style=\"fill: #999;color:#999\" xmlns=\"http:\/\/www.w3.org\/2000\/svg\" class=\"list-377408\" width=\"20px\" height=\"20px\" viewbox=\"0 0 24 24\" fill=\"none\"><path d=\"M6 6H4v2h2V6zm14 0H8v2h12V6zM4 11h2v2H4v-2zm16 0H8v2h12v-2zM4 16h2v2H4v-2zm16 0H8v2h12v-2z\" fill=\"currentColor\"><\/path><\/svg><svg style=\"fill: #999;color:#999\" class=\"arrow-unsorted-368013\" xmlns=\"http:\/\/www.w3.org\/2000\/svg\" width=\"10px\" height=\"10px\" viewbox=\"0 0 24 24\" version=\"1.2\" baseprofile=\"tiny\"><path d=\"M18.2 9.3l-6.2-6.3-6.2 6.3c-.2.2-.3.4-.3.7s.1.5.3.7c.2.2.4.3.7.3h11c.3 0 .5-.1.7-.3.2-.2.3-.5.3-.7s-.1-.5-.3-.7zM5.8 14.7l6.2 6.3 6.2-6.3c.2-.2.3-.5.3-.7s-.1-.5-.3-.7c-.2-.2-.4-.3-.7-.3h-11c-.3 0-.5.1-.7.3-.2.2-.3.5-.3.7s.1.5.3.7z\"\/><\/svg><\/span><\/span><\/span><\/a><\/span><\/div>\n<nav><ul class='ez-toc-list ez-toc-list-level-1 eztoc-toggle-hide-by-default' ><li class='ez-toc-page-1'><a class=\"ez-toc-link ez-toc-heading-1\" href=\"https:\/\/altalheat.com\/ru\/pompa-de-caldura-aer-apa-25-kw-model-split-dc\/#Pompa_de_caldura_aer-apa_25_kW_MODEL_SPLIT_DC_AWHP25SDCE3\">Pompa de c\u0103ldur\u0103 aer-ap\u0103 25 kW MODEL SPLIT DC AWHP25SDCE3<\/a><\/li><li class='ez-toc-page-1'><a class=\"ez-toc-link ez-toc-heading-2\" href=\"https:\/\/altalheat.com\/ru\/pompa-de-caldura-aer-apa-25-kw-model-split-dc\/#Caracteristici\">Caracteristici<\/a><\/li><li class='ez-toc-page-1'><a class=\"ez-toc-link ez-toc-heading-3\" href=\"https:\/\/altalheat.com\/ru\/pompa-de-caldura-aer-apa-25-kw-model-split-dc\/#Avantajele_pompei_de_caldura\">Avantajele pompei de c\u0103ldur\u0103<\/a><\/li><li class='ez-toc-page-1'><a class=\"ez-toc-link ez-toc-heading-4\" href=\"https:\/\/altalheat.com\/ru\/pompa-de-caldura-aer-apa-25-kw-model-split-dc\/#Aplicatii\">Aplica\u021bii<\/a><\/li><li class='ez-toc-page-1'><a class=\"ez-toc-link ez-toc-heading-5\" href=\"https:\/\/altalheat.com\/ru\/pompa-de-caldura-aer-apa-25-kw-model-split-dc\/#Independenta_de_combustibil\">Independen\u021b\u0103 de combustibil<\/a><\/li><li class='ez-toc-page-1'><a class=\"ez-toc-link ez-toc-heading-6\" href=\"https:\/\/altalheat.com\/ru\/pompa-de-caldura-aer-apa-25-kw-model-split-dc\/#Sprijin_pentru_functionare_stabila_la_temperaturi_de_inghet\">Sprijin pentru func\u021bionare stabil\u0103 la temperaturi de \u00eenghe\u021b<\/a><\/li><li class='ez-toc-page-1'><a class=\"ez-toc-link ez-toc-heading-7\" href=\"https:\/\/altalheat.com\/ru\/pompa-de-caldura-aer-apa-25-kw-model-split-dc\/#Comparativ_cu_alte_sisteme\">Comparativ cu alte sisteme<\/a><\/li><li class='ez-toc-page-1'><a class=\"ez-toc-link ez-toc-heading-8\" href=\"https:\/\/altalheat.com\/ru\/pompa-de-caldura-aer-apa-25-kw-model-split-dc\/#De_ce_sa_alegi_pompa_de_caldura_aer-apa_25_kW_MODEL_SPLIT_DC_AWHP25SDCE3\">De ce s\u0103 alegi pompa de c\u0103ldur\u0103 aer-ap\u0103 25 kW MODEL SPLIT DC AWHP25SDCE3?<\/a><\/li><\/ul><\/nav><\/div>\n\n<h1><span class=\"ez-toc-section\" id=\"Pompa_de_caldura_aer-apa_25_kW_MODEL_SPLIT_DC_AWHP25SDCE3\"><\/span>Pompa de c\u0103ldur\u0103 aer-ap\u0103 25 kW MODEL SPLIT DC AWHP25SDCE3<span class=\"ez-toc-section-end\"><\/span><\/h1>\n<p>\u2014 este o solu\u021bie modern\u0103 \u0219i fiabil\u0103 pentru \u00eenc\u0103lzirea \u0219i r\u0103cirea spa\u021biilor. <em>\u00cen primul r\u00e2nd<\/em>, utilizeaz\u0103 c\u0103ldura aerului \u00eenconjur\u0103tor, ceea ce permite reducerea semnificativ\u0103 a costurilor de \u00eenc\u0103lzire. <em>\u00cen plus<\/em>, aceast\u0103 pomp\u0103 demonstreaz\u0103 o eficien\u021b\u0103 ridicat\u0103 chiar \u0219i la temperaturi exterioare sc\u0103zute, f\u0103c\u00e2nd-o potrivit\u0103 pentru diverse condi\u021bii climatice.<\/p>\n<hr \/>\n<h2><span class=\"ez-toc-section\" id=\"Caracteristici\"><\/span><strong>Caracteristici<\/strong><span class=\"ez-toc-section-end\"><\/span><\/h2>\n<h4><strong>Performan\u021b\u0103 ridicat\u0103<\/strong><\/h4>\n<p><a href=\"https:\/\/altalheat.com\/ru\/katalog\/teplovye-nasosy\/vozduh-voda\/\"><strong>Pompa de c\u0103ldur\u0103 aer-ap\u0103 25 kW MODEL SPLIT DC model\u00a0 AWHP25SDCE3\u00a0 <\/strong><\/a>poate \u00eenc\u0103lzi \u0219i r\u0103ci spa\u021bii de la <strong>120 la 280 m\u00b2<\/strong>. <em>Astfel<\/em>, este ideal\u0103 at\u00e2t pentru case private, c\u00e2t \u0219i pentru mici birouri sau \u00eentreprinderi. <em>De asemenea<\/em>, modelul asigur\u0103 un confort termic stabil iarna \u0219i r\u0103coare vara, f\u0103c\u00e2ndu-l o alegere versatil\u0103. Prin utilizarea panourilor solare electrice, se poate ob\u021bine un sistem cu costuri zero pentru \u00eenc\u0103lzire, r\u0103cire \u0219i prepararea apei calde.<\/p>\n<h4><strong>\u042d\u043d\u0435\u0440\u0433\u043e\u044d\u0444\u0444\u0435\u043a\u0442\u0438\u0432\u043d\u043e\u0441\u0442\u044c<\/strong><\/h4>\n<p><strong>Pompa de c\u0103ldur\u0103 aer-ap\u0103 25 kW MODEL SPLIT DC<\/strong> are un coeficient de performan\u021b\u0103 (COP) ridicat, care adesea dep\u0103\u0219e\u0219te valoarea <strong> &gt; 4.2<\/strong> atunci c\u00e2nd se folose\u0219te sistemul <span style=\"color: #0000ff;\"><strong>\u0414\u041e\u041c<\/strong><\/span>. <em>Cu alte cuvinte<\/em>, fiecare kilowatt de energie consumat\u0103 se transform\u0103 \u00een mai mul\u021bi kilowa\u021bi de c\u0103ldur\u0103. <em>Prin urmare<\/em>, utilizarea unui astfel de dispozitiv reduce semnificativ cheltuielile opera\u021bionale.<\/p>\n<h4><strong>Rezisten\u021b\u0103 la temperaturi sc\u0103zute<\/strong><\/h4>\n<p><strong>Pompa de c\u0103ldur\u0103 aer-ap\u0103 25 kW MODEL SPLIT DC<\/strong> poate func\u021biona la temperaturi de p\u00e2n\u0103 la <span style=\"color: #ff0000;\"><strong>-25 \u00b0C &#8230; -30\u00b0C<\/strong><\/span>. <em>Mul\u021bumit\u0103 acestui fapt<\/em>, asigur\u0103 o func\u021bionare stabil\u0103 chiar \u0219i \u00een cele mai dure condi\u021bii de iarn\u0103. <em>Acest lucru devine posibil<\/em> datorit\u0103 tehnologiilor moderne, cum ar fi <strong><a href=\"https:\/\/www.hpac.com\/training\/article\/21244075\/refrigeration-basics-vapor-injection-and-the-refrigeration-cycle\" target=\"_blank\" rel=\"noopener\">sistemul EVI (injec\u021bie de vapori)<\/a> <\/strong><span style=\"color: #008000;\">\u00a0<\/span>\u0219i controlului invertor. Modelele pot fi furnizate \u0219i cu alte tipuri de agen\u021bi frigorifici.<\/p>\n<h4><strong>Automatizare \u0219i control<\/strong><\/h4>\n<p><em>\u00cen plus<\/em>, multe modele <a href=\"https:\/\/altalheat.com\/ru\/katalog\/teplovye-nasosy\/grunt-voda\/\"><strong>pompe de c\u0103ldur\u0103 aer-ap\u0103<\/strong><\/a> pot fi integrate \u00een sistemele de cas\u0103 inteligent\u0103. <em>Astfel<\/em>, utilizatorul are posibilitatea s\u0103 controleze dispozitivul prin aplica\u021bii mobile sau controlere speciale.<\/p>\n<h4><strong>Versatilitate \u00een utilizare<\/strong><\/h4>\n<p><a href=\"https:\/\/altalheat.com\/ru\/katalog\/teplovye-nasosy\/vozduh-voda\/\"><strong>Pompa de c\u0103ldur\u0103 aer-ap\u0103 25 kW MODEL SPLIT DC<\/strong><\/a> nu este destinat\u0103 doar pentru \u00eenc\u0103lzire, ci \u0219i pentru r\u0103cire. <em>De asemenea<\/em>, poate fi utilizat\u0103 pentru \u00eenc\u0103lzirea apei, men\u021bin\u00e2nd o temperatur\u0103 confortabil\u0103 \u00een baie sau buc\u0103t\u0103rie.<\/p>\n<hr \/>\n<h3><span class=\"ez-toc-section\" id=\"Avantajele_pompei_de_caldura\"><\/span><strong>Avantajele pompei de c\u0103ldur\u0103<\/strong><span class=\"ez-toc-section-end\"><\/span><\/h3>\n<h4><strong>Eco-friendly<\/strong><\/h4>\n<p><strong>Pompa de c\u0103ldur\u0103 aer-ap\u0103 25 kW MODEL SPLIT DC <\/strong>nu emite dioxid de carbon \u00een atmosfer\u0103, <em>de aceea<\/em> este considerat o solu\u021bie ecologic\u0103. <em>\u00cen plus<\/em>, ajut\u0103 la reducerea amprentei de carbon, ceea ce este deosebit de important pentru utilizatorii responsabili.<\/p>\n<h4><strong>Costuri de operare reduse<\/strong><\/h4>\n<p>Spre deosebire de cazanele tradi\u021bionale, pompa de c\u0103ldur\u0103 aer-ap\u0103 folose\u0219te p\u00e2n\u0103 la 75% din energie gratuit\u0103 din aer. <em>Astfel<\/em>, func\u021bionarea sa necesit\u0103 costuri mult mai mici pentru resurse energetice, cum ar fi gazul sau electricitatea.<\/p>\n<h4><strong>Durabilitate \u0219i fiabilitate<\/strong><\/h4>\n<p><em>Mai mult<\/em>, durata de via\u021b\u0103 a pompei de c\u0103ldur\u0103 ajunge la <strong>&gt; 15-25 de ani<\/strong> cu o utilizare corect\u0103. <em>Prin urmare<\/em>, reprezint\u0103 o investi\u021bie pe termen lung, care asigur\u0103 economii semnificative.<\/p>\n<h4><strong>U\u0219urin\u021b\u0103 \u00een instalare<\/strong><\/h4>\n<p>Sistemele aer-ap\u0103 necesit\u0103 mai pu\u021bine costuri pentru instalare dec\u00e2t modelele similare <strong><a href=\"https:\/\/altalheat.com\/ru\/katalog\/teplovye-nasosy\/grunt-voda\/\">sol-ap\u0103<\/a><\/strong>. <em>Prin urmare<\/em>, sunt mai accesibile pentru majoritatea consumatorilor. Totu\u0219i, trebuie s\u0103 \u021bine\u021bi cont \u0219i de sc\u0103derea capacit\u0103\u021bii termice \u0219i a eficien\u021bei la temperaturi exterioare sc\u0103zute (consulta\u021bi graficele).<\/p>\n<hr \/>\n<h3><span class=\"ez-toc-section\" id=\"Aplicatii\"><\/span><strong>Aplica\u021bii<\/strong><span class=\"ez-toc-section-end\"><\/span><\/h3>\n<ul>\n<li><strong>\u00cenc\u0103lzire<\/strong>: Pompa poate men\u021bine o temperatur\u0103 confortabil\u0103 chiar \u0219i \u00een condi\u021bii reci.<\/li>\n<li><strong>Apa cald\u0103 menajer\u0103<\/strong>: Dispozitivul poate fi conectat la sistemul de ap\u0103 cald\u0103, elimin\u00e2nd necesitatea utiliz\u0103rii boilerelor electrice.<\/li>\n<li><strong>R\u0103cire<\/strong>: <em>De asemenea<\/em>, vara pompa func\u021bioneaz\u0103 pentru r\u0103cire, asigur\u00e2nd confort \u00een sezonul cald.<\/li>\n<\/ul>\n<h3><span class=\"ez-toc-section\" id=\"Independenta_de_combustibil\"><\/span><strong>Independen\u021b\u0103 de combustibil<\/strong><span class=\"ez-toc-section-end\"><\/span><\/h3>\n<ul>\n<li>Sistemul nu depinde de aprovizionarea cu gaze, lemne sau c\u0103rbune, ceea ce este important \u00een zone \u00eendep\u0103rtate sau independente energetic.<\/li>\n<\/ul>\n<h3><span class=\"ez-toc-section\" id=\"Sprijin_pentru_functionare_stabila_la_temperaturi_de_inghet\"><\/span><strong>Sprijin pentru func\u021bionare stabil\u0103 la temperaturi de \u00eenghe\u021b<\/strong><span class=\"ez-toc-section-end\"><\/span><\/h3>\n<ul>\n<li>Modelele moderne pot func\u021biona eficient chiar \u0219i la temperaturi ale aerului de p\u00e2n\u0103 la <strong>-30\u00b0\u0421<\/strong>.<\/li>\n<\/ul>\n<h3><span class=\"ez-toc-section\" id=\"Comparativ_cu_alte_sisteme\"><\/span>Comparativ cu alte sisteme<span class=\"ez-toc-section-end\"><\/span><\/h3>\n<table style=\"width: 58.0607%;\" border=\"1\">\n<thead>\n<tr>\n<th style=\"width: 23.7552%;\">Caracteristici<\/th>\n<th style=\"width: 30.3488%;\">Pompa de c\u0103ldur\u0103 aer-ap\u0103<\/th>\n<th style=\"width: 23.034%;\">Cazane pe gaz<\/th>\n<th style=\"width: 52.1003%;\">Cazane electrice<\/th>\n<\/tr>\n<\/thead>\n<tbody>\n<tr>\n<td style=\"width: 23.7552%;\">Energie regenerabil\u0103<\/td>\n<td style=\"width: 30.3488%;\">\u2705<\/td>\n<td style=\"width: 23.034%;\">\u274c<\/td>\n<td style=\"width: 52.1003%;\">\u274c<\/td>\n<\/tr>\n<tr>\n<td style=\"width: 23.7552%;\">Costuri cu combustibilul<\/td>\n<td style=\"width: 30.3488%;\">\u274c<\/td>\n<td style=\"width: 23.034%;\">\u2705<\/td>\n<td style=\"width: 52.1003%;\">\u2705<\/td>\n<\/tr>\n<tr>\n<td style=\"width: 23.7552%;\">\u042d\u043d\u0435\u0440\u0433\u043e\u044d\u0444\u0444\u0435\u043a\u0442\u0438\u0432\u043d\u043e\u0441\u0442\u044c<\/td>\n<td style=\"width: 30.3488%;\">\u2705<\/td>\n<td style=\"width: 23.034%;\">\u0421\u0440\u0435\u0434\u043d\u0438\u0439<\/td>\n<td style=\"width: 52.1003%;\">Sc\u0103zut\u0103<\/td>\n<\/tr>\n<tr>\n<td style=\"width: 23.7552%;\">Ecologicitate<\/td>\n<td style=\"width: 30.3488%;\">\u2705<\/td>\n<td style=\"width: 23.034%;\">\u274c<\/td>\n<td style=\"width: 52.1003%;\">\u0421\u0440\u0435\u0434\u043d\u0438\u0439<\/td>\n<\/tr>\n<\/tbody>\n<\/table>\n<h2><span class=\"ez-toc-section\" id=\"De_ce_sa_alegi_pompa_de_caldura_aer-apa_25_kW_MODEL_SPLIT_DC_AWHP25SDCE3\"><\/span>De ce s\u0103 alegi <strong>pompa de c\u0103ldur\u0103 aer-ap\u0103 25 kW MODEL SPLIT DC<\/strong> AWHP25SDCE3?<span class=\"ez-toc-section-end\"><\/span><\/h2>\n<ul>\n<li>Versatilitate: Versiunile <strong>\u0420\u0410\u0421\u041a\u041e\u041b\u041e\u0422\u042c<\/strong> sunt potrivite pentru orice condi\u021bii.<\/li>\n<li>Efici\u021b\u0103 energetic\u0103: Economie semnificativ\u0103 la costurile de \u00eenc\u0103lzire \u0219i r\u0103cire.<\/li>\n<li>Eco-friendly: Siguran\u021b\u0103 pentru mediu.<\/li>\n<li>Fiabilitate: Dispozitivul func\u021bioneaz\u0103 \u00een cele mai dure condi\u021bii climatice.<\/li>\n<\/ul>\n<p>Oferim o gam\u0103 complet\u0103 de servicii pentru pompe de c\u0103ldur\u0103, pentru a v\u0103 asigura confortul tot anul:<\/p>\n<ul>\n<li>Produc\u021bie: <span style=\"color: #0000ff;\"><strong>Suntem produc\u0103tori de pompe de c\u0103ldur\u0103<\/strong><\/span>. Dispozitivele vin direct de la fabric\u0103.<\/li>\n<li>V\u00e2nzare: Alegere larg\u0103 de pompe de c\u0103ldur\u0103 realizate de noi \u00een Moldova \u0219i Rom\u00e2nia. V\u0103 ajut\u0103m s\u0103 g\u0103si\u021bi solu\u021bia perfect\u0103 pentru nevoile dvs.<\/li>\n<li>Instalare: Montaj profesionist, adaptat la specificul casei sau afacerii dumneavoastr\u0103.<\/li>\n<li>Servicii de \u00eentre\u021binere: \u00cengrijire tehnic\u0103 regulat\u0103 \u0219i suport rapid pentru func\u021bionare durabil\u0103 \u0219i stabil\u0103.<\/li>\n<li>Garan\u021bie: <strong>Pe durata perioadei de garan\u021bie, beneficia\u021bi de diagnosticare \u0219i repara\u021bii gratuite<\/strong><\/li>\n<\/ul>\n<p>Conform <a href=\"https:\/\/www.irena.org\/\" target=\"_new\" rel=\"noopener\">agen\u021biei interna\u021bionale pentru energii regenerabile (IRENA)<\/a>, pompele de c\u0103ldur\u0103 sunt unele dintre cele mai eficiente modalit\u0103\u021bi de \u00eenc\u0103lzire. \u00cen Moldova, pute\u021bi cump\u0103ra direct de la produc\u0103tor o pomp\u0103 de c\u0103ldur\u0103 aer-ap\u0103 de <strong>25 kW<\/strong>.<\/p>\n<p><span style=\"color: #ff0000;\"><strong>FABRICAT \u00ceN MOLDOVA.<\/strong><\/span><\/p>\n<hr \/>","protected":false},"excerpt":{"rendered":"<h4><span style=\"color: #800080;\">Modelul AWHP25SDCE3<\/span><\/h4>\n<p>Sistem cu module separate (<strong>\u0420\u0410\u0421\u041a\u041e\u041b\u041e\u0422\u042c<\/strong>). Temperatura de func\u021bionare a mediului exterior p\u00e2n\u0103 la <span style=\"color: #ff0000;\">&#8211;<\/span><strong><span style=\"color: #ff0000;\">30\u00b0\u0421<\/span><\/strong>. Temperatura de ie\u0219ire a apei p\u00e2n\u0103 la <strong><span style=\"color: #ff0000;\">+60\u00b0C (sau +75\u00b0C, +85\u00b0C, +95\u00b0C la comand\u0103)<\/span><\/strong>. Func\u021bie de injec\u021bie de vapori (<strong>\u0414\u041e\u041c<\/strong>), compresor invertor, acces de la distan\u021b\u0103. Pentru \u00eenc\u0103lzirea spa\u021biilor p\u00e2n\u0103 la <strong>280 m\u00b2<\/strong>. Alimentare 380 V, 50 Hz.<\/p>\n<p><span style=\"color: #ff0000;\"><strong>Produs \u00een Republica Moldova.<\/strong><\/span><\/p>","protected":false},"featured_media":8217,"comment_status":"open","ping_status":"closed","template":"","meta":{"_acf_changed":false,"om_disable_all_campaigns":false,"_monsterinsights_skip_tracking":false,"_monsterinsights_sitenote_active":false,"_monsterinsights_sitenote_note":"","_monsterinsights_sitenote_category":0,"_kadence_starter_templates_imported_post":true,"_kad_post_transparent":"default","_kad_post_title":"","_kad_post_layout":"default","_kad_post_sidebar_id":"","_kad_post_content_style":"default","_kad_post_vertical_padding":"default","_kad_post_feature":"","_kad_post_feature_position":"","_kad_post_header":false,"_kad_post_footer":false,"_kad_post_classname":"","jetpack_post_was_ever_published":false,"jetpack_publicize_message":"","jetpack_publicize_feature_enabled":true,"jetpack_social_post_already_shared":true,"jetpack_social_options":{"image_generator_settings":{"template":"highway","default_image_id":0,"enabled":false},"version":2}},"product_brand":[364],"product_cat":[23,37],"product_tag":[382,153,387,227,240,363,216,109,356,68,178,383],"class_list":{"0":"post-7195","1":"product","2":"type-product","3":"status-publish","4":"has-post-thumbnail","6":"product_brand-altal","7":"product_cat-pompe-de-caldura-aer-apa-pro","8":"product_cat-pompe-de-caldura-altal","9":"product_tag-30c","10":"product_tag-25-kw","11":"product_tag-280-m","12":"product_tag-dc","13":"product_tag-evi","14":"product_tag-in-chisinau","15":"product_tag-in-moldova","16":"product_tag-pompa-de-caldura-2","17":"product_tag-pompa-de-caldura-aer-apa","18":"product_tag-r290","19":"product_tag-racire","20":"product_tag-split","21":"product_shipping_class-heavy-packages","22":"pa_compresor-dc-invertor","23":"pa_injectie-cu-vapori-evi-injectie-cu-vapori","24":"pa_model-split","25":"pa_putere-termica-kw-25-kw","26":"pa_tip-pompa-de-caldura-aer-apa","28":"first","29":"onbackorder","30":"featured","31":"taxable","32":"shipping-taxable","33":"purchasable","34":"product-type-simple","35":"add-to-wishlist-after_add_to_cart","36":"entry","37":"content-bg","38":"loop-entry"},"acf":[],"jetpack_publicize_connections":[],"jetpack_sharing_enabled":true,"jetpack_likes_enabled":true,"_links":{"self":[{"href":"https:\/\/altalheat.com\/ru\/wp-json\/wp\/v2\/product\/7195","targetHints":{"allow":["GET"]}}],"collection":[{"href":"https:\/\/altalheat.com\/ru\/wp-json\/wp\/v2\/product"}],"about":[{"href":"https:\/\/altalheat.com\/ru\/wp-json\/wp\/v2\/types\/product"}],"replies":[{"embeddable":true,"href":"https:\/\/altalheat.com\/ru\/wp-json\/wp\/v2\/comments?post=7195"}],"version-history":[{"count":12,"href":"https:\/\/altalheat.com\/ru\/wp-json\/wp\/v2\/product\/7195\/revisions"}],"predecessor-version":[{"id":8219,"href":"https:\/\/altalheat.com\/ru\/wp-json\/wp\/v2\/product\/7195\/revisions\/8219"}],"wp:featuredmedia":[{"embeddable":true,"href":"https:\/\/altalheat.com\/ru\/wp-json\/wp\/v2\/media\/8217"}],"wp:attachment":[{"href":"https:\/\/altalheat.com\/ru\/wp-json\/wp\/v2\/media?parent=7195"}],"wp:term":[{"taxonomy":"product_brand","embeddable":true,"href":"https:\/\/altalheat.com\/ru\/wp-json\/wp\/v2\/product_brand?post=7195"},{"taxonomy":"product_cat","embeddable":true,"href":"https:\/\/altalheat.com\/ru\/wp-json\/wp\/v2\/product_cat?post=7195"},{"taxonomy":"product_tag","embeddable":true,"href":"https:\/\/altalheat.com\/ru\/wp-json\/wp\/v2\/product_tag?post=7195"}],"curies":[{"name":"wp","href":"https:\/\/api.w.org\/{rel}","templated":true}]}}