{"id":2998,"date":"2024-11-25T16:04:33","date_gmt":"2024-11-25T16:04:33","guid":{"rendered":"http:\/\/altalheat.com\/test\/?page_id=2998"},"modified":"2025-06-12T16:02:19","modified_gmt":"2025-06-12T13:02:19","slug":"instalarea-pompelor-de-caldura","status":"publish","type":"page","link":"https:\/\/altalheat.com\/ru\/contacte\/instalarea-pompelor-de-caldura\/","title":{"rendered":"\u0423\u0441\u0442\u0430\u043d\u043e\u0432\u043a\u0430 \u0442\u0435\u043f\u043b\u043e\u0432\u044b\u0445 \u043d\u0430\u0441\u043e\u0441\u043e\u0432 \u0434\u043b\u044f \u0442\u0435\u043f\u043b\u043e\u0441\u043d\u0430\u0431\u0436\u0435\u043d\u0438\u044f \u0437\u0434\u0430\u043d\u0438\u0439"},"content":{"rendered":"<div data-elementor-type=\"wp-page\" data-elementor-id=\"2998\" class=\"elementor elementor-2998\">\n\t\t\t\t<div class=\"elementor-element elementor-element-5917e9dc e-flex e-con-boxed e-con e-parent\" data-id=\"5917e9dc\" data-element_type=\"container\">\n\t\t\t\t\t<div class=\"e-con-inner\">\n\t\t\t\t<div class=\"elementor-element elementor-element-20e87ccf elementor-widget elementor-widget-text-editor\" data-id=\"20e87ccf\" data-element_type=\"widget\" data-widget_type=\"text-editor.default\">\n\t\t\t\t<div class=\"elementor-widget-container\">\n\t\t\t\t\t\t\t\t\t<h1 data-start=\"223\" data-end=\"268\">Instalare pompe de c\u0103ldur\u0103 de la produc\u0103tor<\/h1><p data-start=\"270\" data-end=\"360\"><span style=\"color: #2c7fa3; font-size: 18pt;\"><strong data-start=\"270\" data-end=\"284\">ALTAL GRUP<\/strong><\/span> <span style=\"color: #000000;\">ofer\u0103 un ciclu complet de lucr\u0103ri \u0219i servicii legate de pompele de c\u0103ldur\u0103.<\/span><\/p><p data-start=\"362\" data-end=\"549\"><strong><span style=\"color: #000000;\">Echipa noastr\u0103 \u00eembin\u0103 experien\u021ba produc\u0103torului cu calific\u0103rile \u00eenalte ale speciali\u0219tilor \u00een montaj pentru a v\u0103 asigura eficien\u021b\u0103 energetic\u0103 maxim\u0103, confort \u0219i fiabilitate pe termen lung.<\/span><\/strong><\/p><h2 data-start=\"551\" data-end=\"572\"><span style=\"color: #000000;\">Serviciile noastre<\/span><\/h2><p data-start=\"574\" data-end=\"685\"><span style=\"color: #000000;\">Compania ALTAL ofer\u0103 o gam\u0103 larg\u0103 de servicii, nu doar v\u00e2nzarea pompelor de c\u0103ldur\u0103. Printre acestea se num\u0103r\u0103:<\/span><\/p><ul data-start=\"687\" data-end=\"1758\"><li data-start=\"687\" data-end=\"842\"><p data-start=\"689\" data-end=\"842\"><span style=\"color: #000000;\"><strong data-start=\"689\" data-end=\"722\">Produc\u021bia pompelor de c\u0103ldur\u0103<\/strong>: dezvolt\u0103m \u0219i fabric\u0103m pompe de c\u0103ldur\u0103 aer-ap\u0103 \u0219i sol-ap\u0103 (geotermale) cu o putere termic\u0103 <span style=\"color: #ff0000;\"><strong>de la 6 kW p\u00e2n\u0103 la 1800 kW<\/strong><\/span>.<\/span><\/p><\/li><li data-start=\"843\" data-end=\"991\"><p data-start=\"845\" data-end=\"991\"><span style=\"color: #000000;\"><strong data-start=\"845\" data-end=\"875\">Instalare pompe de c\u0103ldur\u0103<\/strong>: instalare profesional\u0103 a tuturor tipurilor de pompe de c\u0103ldur\u0103, care garanteaz\u0103 func\u021bionarea corect\u0103 \u0219i eficient\u0103.<\/span><\/p><\/li><li data-start=\"992\" data-end=\"1068\"><p data-start=\"994\" data-end=\"1068\"><span style=\"color: #000000;\"><strong data-start=\"994\" data-end=\"1014\">Lucr\u0103ri de foraj<\/strong>: forare de pu\u021buri pentru pompe de c\u0103ldur\u0103 geotermale.<\/span><\/p><\/li><li data-start=\"1069\" data-end=\"1206\"><p data-start=\"1071\" data-end=\"1206\"><span style=\"color: #000000;\"><strong data-start=\"1071\" data-end=\"1099\">\u00centre\u021binere \u0219i repara\u021bii<\/strong>: \u00eentre\u021binere tehnic\u0103 regulat\u0103 \u0219i repara\u021bii pentru func\u021bionarea sigur\u0103 \u0219i de lung\u0103 durat\u0103 a echipamentelor.<\/span><\/p><\/li><li data-start=\"1207\" data-end=\"1338\"><p data-start=\"1209\" data-end=\"1338\"><span style=\"color: #000000;\"><strong data-start=\"1209\" data-end=\"1224\">Consultan\u021b\u0103<\/strong>: oferim recomand\u0103ri personalizate pentru alegerea celor mai potrivite solu\u021bii de \u00eenc\u0103lzire \u0219i ap\u0103 cald\u0103 menajer\u0103.<\/span><\/p><\/li><li data-start=\"1339\" data-end=\"1481\"><p data-start=\"1341\" data-end=\"1481\"><span style=\"color: #000000;\"><strong data-start=\"1341\" data-end=\"1363\">Proiectare sisteme<\/strong>: elaborarea de proiecte individuale pentru sisteme de \u00eenc\u0103lzire, r\u0103cire \u0219i ACM pentru locuin\u021be \u0219i cl\u0103diri comerciale.<\/span><\/p><\/li><li data-start=\"1482\" data-end=\"1604\"><p data-start=\"1484\" data-end=\"1604\"><span style=\"color: #000000;\"><strong data-start=\"1484\" data-end=\"1507\">Audituri energetice<\/strong>: evaluarea eficien\u021bei energetice a cl\u0103dirilor \u0219i propuneri de optimizare a sistemelor existente.<\/span><\/p><\/li><li data-start=\"1605\" data-end=\"1758\"><p data-start=\"1607\" data-end=\"1758\"><span style=\"color: #000000;\"><strong data-start=\"1607\" data-end=\"1631\">Proiecte industriale<\/strong>: audit, proiectare \u0219i produc\u021bie de pompe de c\u0103ldur\u0103 cu temperaturi \u00eenalte de ie\u0219ire ale apei calde sau aburului, p\u00e2n\u0103 la <span style=\"color: #ff0000;\"><strong>+125\u2103<\/strong><\/span>.<\/span><\/p><\/li><\/ul><h2 data-start=\"1760\" data-end=\"1786\"><span style=\"color: #000000;\">De ce s\u0103 alege\u021bi ALTAL?<\/span><\/h2><ul data-start=\"1788\" data-end=\"2184\"><li data-start=\"1788\" data-end=\"1926\"><p data-start=\"1790\" data-end=\"1926\"><span style=\"color: #000000;\"><strong data-start=\"1790\" data-end=\"1831\">Experien\u021b\u0103 profesional\u0103 ca produc\u0103tor<\/strong>: cunoa\u0219tem \u00een profunzime echipamentele noastre \u0219i oferim solu\u021bii optime pentru fiecare client.<\/span><\/p><\/li><li data-start=\"1927\" data-end=\"2092\"><p data-start=\"1929\" data-end=\"2092\"><span style=\"color: #000000;\"><strong data-start=\"1929\" data-end=\"1960\">Servicii de \u00eenalt\u0103 calitate<\/strong>: speciali\u0219tii \u0219i instalatorii no\u0219tri sunt instrui\u021bi direct \u00een cadrul fabricii proprii \u0219i de\u021bin certificate de instalare \u0219i service.<\/span><\/p><\/li><li data-start=\"2093\" data-end=\"2184\"><p data-start=\"2095\" data-end=\"2184\"><span style=\"color: #000000;\"><strong data-start=\"2095\" data-end=\"2116\">Abordare complet\u0103<\/strong>: de la analiza obiectivului p\u00e2n\u0103 la predarea sistemului \u201ela cheie\u201d.<\/span><\/p><\/li><\/ul><p data-start=\"2186\" data-end=\"2324\"><span style=\"color: #000000;\">\ud83d\udc49 Ave\u021bi \u00eencredere \u00een instalarea pompei de c\u0103ldur\u0103 realizat\u0103 de cei care le proiecteaz\u0103, le fabric\u0103 \u0219i le cunosc \u00een cele mai mici detalii!<\/span><\/p><p data-start=\"2326\" data-end=\"2389\"><span style=\"color: #000000;\"><strong data-start=\"2326\" data-end=\"2343\">Contacta\u021bi-ne<\/strong> pentru consultan\u021b\u0103 \u0219i o ofert\u0103 personalizat\u0103.<\/span><\/p><p><!-- \/wp:paragraph --><\/p>\t\t\t\t\t\t\t\t<\/div>\n\t\t\t\t<\/div>\n\t\t\t\t<div class=\"elementor-element elementor-element-6d90e1d elementor-widget elementor-widget-text-editor\" data-id=\"6d90e1d\" data-element_type=\"widget\" data-widget_type=\"text-editor.default\">\n\t\t\t\t<div class=\"elementor-widget-container\">\n\t\t\t\t\t\t\t\t\t<h2>Contacte ALTAL pentru consulta\u021bii<\/h2>\t\t\t\t\t\t\t\t<\/div>\n\t\t\t\t<\/div>\n\t\t\t\t<div class=\"elementor-element elementor-element-3954686 elementor-widget elementor-widget-heading\" data-id=\"3954686\" data-element_type=\"widget\" data-widget_type=\"heading.default\">\n\t\t\t\t<div class=\"elementor-widget-container\">\n\t\t\t\t\t<h3 class=\"elementor-heading-title elementor-size-default\"><br><a href=\"tel:+37369104125\">Proiectare, Audit, Consulta\u021bii: +373 691 04 125<\/a><br>\n<br><a href=\"tel:+37360011168\">Produc\u021bie, Repara\u021bie: +373 600 11 168<\/a><br>\n<br><a href=\"tel:+37369456029\">Contabilitate, Finan\u021be: +373 694 56 029<\/a><br>\n<br><a href=\"tel:+37378846455\">Inginerie, Audit, Insl\u0103ri: +373 788 46 455<\/a><br>\n<br><a href=\"tel:+37379263636\">V\u00eenz\u0103ri, Livrare, Comenzi: +373 792 63 636<\/a><br>\n<br><a href=\"tel:+37379263636\">Lucr\u0103ri de forare: +37378077425<\/a><br><\/h3>\t\t\t\t<\/div>\n\t\t\t\t<\/div>\n\t\t\t\t<div class=\"elementor-element elementor-element-a18d60d elementor-widget elementor-widget-spacer\" data-id=\"a18d60d\" data-element_type=\"widget\" data-widget_type=\"spacer.default\">\n\t\t\t\t<div class=\"elementor-widget-container\">\n\t\t\t\t\t\t\t<div class=\"elementor-spacer\">\n\t\t\t<div class=\"elementor-spacer-inner\"><\/div>\n\t\t<\/div>\n\t\t\t\t\t\t<\/div>\n\t\t\t\t<\/div>\n\t\t\t\t\t<\/div>\n\t\t\t\t<\/div>\n\t\t<div class=\"elementor-element elementor-element-53bad38 e-flex e-con-boxed e-con e-parent\" data-id=\"53bad38\" data-element_type=\"container\">\n\t\t\t\t\t<div class=\"e-con-inner\">\n\t\t\t\t<div class=\"elementor-element elementor-element-3f3cbd5 elementor-shape-rounded elementor-grid-0 e-grid-align-center elementor-widget elementor-widget-social-icons\" data-id=\"3f3cbd5\" data-element_type=\"widget\" data-widget_type=\"social-icons.default\">\n\t\t\t\t<div class=\"elementor-widget-container\">\n\t\t\t\t\t\t\t<div class=\"elementor-social-icons-wrapper elementor-grid\" role=\"list\">\n\t\t\t\t\t\t\t<span class=\"elementor-grid-item\" role=\"listitem\">\n\t\t\t\t\t<a class=\"elementor-icon elementor-social-icon elementor-social-icon-facebook elementor-repeater-item-6077ac1\" href=\"https:\/\/www.facebook.com\/search\/top\/?q=Facebook%20-Altal%20Instal%20(AltalInstal%20Trade)\" target=\"_blank\" rel=\"noopener\">\n\t\t\t\t\t\t<span class=\"elementor-screen-only\">\u0424\u0435\u0439\u0441\u0431\u0443\u043a<\/span>\n\t\t\t\t\t\t<svg class=\"e-font-icon-svg e-fab-facebook\" viewbox=\"0 0 512 512\" xmlns=\"http:\/\/www.w3.org\/2000\/svg\"><path d=\"M504 256C504 119 393 8 256 8S8 119 8 256c0 123.78 90.69 226.38 209.25 245V327.69h-63V256h63v-54.64c0-62.15 37-96.48 93.67-96.48 27.14 0 55.52 4.84 55.52 4.84v61h-31.28c-30.8 0-40.41 19.12-40.41 38.73V256h68.78l-11 71.69h-57.78V501C413.31 482.38 504 379.78 504 256z\"><\/path><\/svg>\t\t\t\t\t<\/a>\n\t\t\t\t<\/span>\n\t\t\t\t\t\t\t<span class=\"elementor-grid-item\" role=\"listitem\">\n\t\t\t\t\t<a class=\"elementor-icon elementor-social-icon elementor-social-icon-tiktok elementor-repeater-item-9a03857\" href=\"https:\/\/www.tiktok.com\/@dianabroslav?_t=8rh1UVRLzGy&#038;_r=1\" target=\"_blank\" rel=\"noopener\">\n\t\t\t\t\t\t<span class=\"elementor-screen-only\">Tiktok<\/span>\n\t\t\t\t\t\t<svg class=\"e-font-icon-svg e-fab-tiktok\" viewbox=\"0 0 448 512\" xmlns=\"http:\/\/www.w3.org\/2000\/svg\"><path d=\"M448,209.91a210.06,210.06,0,0,1-122.77-39.25V349.38A162.55,162.55,0,1,1,185,188.31V278.2a74.62,74.62,0,1,0,52.23,71.18V0l88,0a121.18,121.18,0,0,0,1.86,22.17h0A122.18,122.18,0,0,0,381,102.39a121.43,121.43,0,0,0,67,20.14Z\"><\/path><\/svg>\t\t\t\t\t<\/a>\n\t\t\t\t<\/span>\n\t\t\t\t\t\t\t<span class=\"elementor-grid-item\" role=\"listitem\">\n\t\t\t\t\t<a class=\"elementor-icon elementor-social-icon elementor-social-icon-whatsapp elementor-repeater-item-bf5e051\" href=\"http:\/\/+373%20792%2063%20636\" target=\"_blank\">\n\t\t\t\t\t\t<span class=\"elementor-screen-only\">Whatsapp<\/span>\n\t\t\t\t\t\t<svg class=\"e-font-icon-svg e-fab-whatsapp\" viewbox=\"0 0 448 512\" xmlns=\"http:\/\/www.w3.org\/2000\/svg\"><path d=\"M380.9 97.1C339 55.1 283.2 32 223.9 32c-122.4 0-222 99.6-222 222 0 39.1 10.2 77.3 29.6 111L0 480l117.7-30.9c32.4 17.7 68.9 27 106.1 27h.1c122.3 0 224.1-99.6 224.1-222 0-59.3-25.2-115-67.1-157zm-157 341.6c-33.2 0-65.7-8.9-94-25.7l-6.7-4-69.8 18.3L72 359.2l-4.4-7c-18.5-29.4-28.2-63.3-28.2-98.2 0-101.7 82.8-184.5 184.6-184.5 49.3 0 95.6 19.2 130.4 54.1 34.8 34.9 56.2 81.2 56.1 130.5 0 101.8-84.9 184.6-186.6 184.6zm101.2-138.2c-5.5-2.8-32.8-16.2-37.9-18-5.1-1.9-8.8-2.8-12.5 2.8-3.7 5.6-14.3 18-17.6 21.8-3.2 3.7-6.5 4.2-12 1.4-32.6-16.3-54-29.1-75.5-66-5.7-9.8 5.7-9.1 16.3-30.3 1.8-3.7.9-6.9-.5-9.7-1.4-2.8-12.5-30.1-17.1-41.2-4.5-10.8-9.1-9.3-12.5-9.5-3.2-.2-6.9-.2-10.6-.2-3.7 0-9.7 1.4-14.8 6.9-5.1 5.6-19.4 19-19.4 46.3 0 27.3 19.9 53.7 22.6 57.4 2.8 3.7 39.1 59.7 94.8 83.8 35.2 15.2 49 16.5 66.6 13.9 10.7-1.6 32.8-13.4 37.4-26.4 4.6-13 4.6-24.1 3.2-26.4-1.3-2.5-5-3.9-10.5-6.6z\"><\/path><\/svg>\t\t\t\t\t<\/a>\n\t\t\t\t<\/span>\n\t\t\t\t\t\t\t<span class=\"elementor-grid-item\" role=\"listitem\">\n\t\t\t\t\t<a class=\"elementor-icon elementor-social-icon elementor-social-icon-viber elementor-repeater-item-d0b4944\" href=\"http:\/\/+37379263636\" target=\"_blank\">\n\t\t\t\t\t\t<span class=\"elementor-screen-only\">Viber<\/span>\n\t\t\t\t\t\t<svg class=\"e-font-icon-svg e-fab-viber\" viewbox=\"0 0 512 512\" xmlns=\"http:\/\/www.w3.org\/2000\/svg\"><path d=\"M444 49.9C431.3 38.2 379.9.9 265.3.4c0 0-135.1-8.1-200.9 52.3C27.8 89.3 14.9 143 13.5 209.5c-1.4 66.5-3.1 191.1 117 224.9h.1l-.1 51.6s-.8 20.9 13 25.1c16.6 5.2 26.4-10.7 42.3-27.8 8.7-9.4 20.7-23.2 29.8-33.7 82.2 6.9 145.3-8.9 152.5-11.2 16.6-5.4 110.5-17.4 125.7-142 15.8-128.6-7.6-209.8-49.8-246.5zM457.9 287c-12.9 104-89 110.6-103 115.1-6 1.9-61.5 15.7-131.2 11.2 0 0-52 62.7-68.2 79-5.3 5.3-11.1 4.8-11-5.7 0-6.9.4-85.7.4-85.7-.1 0-.1 0 0 0-101.8-28.2-95.8-134.3-94.7-189.8 1.1-55.5 11.6-101 42.6-131.6 55.7-50.5 170.4-43 170.4-43 96.9.4 143.3 29.6 154.1 39.4 35.7 30.6 53.9 103.8 40.6 211.1zm-139-80.8c.4 8.6-12.5 9.2-12.9.6-1.1-22-11.4-32.7-32.6-33.9-8.6-.5-7.8-13.4.7-12.9 27.9 1.5 43.4 17.5 44.8 46.2zm20.3 11.3c1-42.4-25.5-75.6-75.8-79.3-8.5-.6-7.6-13.5.9-12.9 58 4.2 88.9 44.1 87.8 92.5-.1 8.6-13.1 8.2-12.9-.3zm47 13.4c.1 8.6-12.9 8.7-12.9.1-.6-81.5-54.9-125.9-120.8-126.4-8.5-.1-8.5-12.9 0-12.9 73.7.5 133 51.4 133.7 139.2zM374.9 329v.2c-10.8 19-31 40-51.8 33.3l-.2-.3c-21.1-5.9-70.8-31.5-102.2-56.5-16.2-12.8-31-27.9-42.4-42.4-10.3-12.9-20.7-28.2-30.8-46.6-21.3-38.5-26-55.7-26-55.7-6.7-20.8 14.2-41 33.3-51.8h.2c9.2-4.8 18-3.2 23.9 3.9 0 0 12.4 14.8 17.7 22.1 5 6.8 11.7 17.7 15.2 23.8 6.1 10.9 2.3 22-3.7 26.6l-12 9.6c-6.1 4.9-5.3 14-5.3 14s17.8 67.3 84.3 84.3c0 0 9.1.8 14-5.3l9.6-12c4.6-6 15.7-9.8 26.6-3.7 14.7 8.3 33.4 21.2 45.8 32.9 7 5.7 8.6 14.4 3.8 23.6z\"><\/path><\/svg>\t\t\t\t\t<\/a>\n\t\t\t\t<\/span>\n\t\t\t\t\t<\/div>\n\t\t\t\t\t\t<\/div>\n\t\t\t\t<\/div>\n\t\t\t\t\t<\/div>\n\t\t\t\t<\/div>\n\t\t\t\t<\/div>","protected":false},"excerpt":{"rendered":"<p>Instalare pompe de c\u0103ldur\u0103 de la produc\u0103tor ALTAL GRUP ofer\u0103 un ciclu complet de lucr\u0103ri \u0219i servicii legate de pompele de c\u0103ldur\u0103. Echipa noastr\u0103 \u00eembin\u0103 experien\u021ba produc\u0103torului cu calific\u0103rile \u00eenalte ale speciali\u0219tilor \u00een montaj pentru a v\u0103 asigura eficien\u021b\u0103 energetic\u0103 maxim\u0103, confort \u0219i fiabilitate pe termen lung. Serviciile noastre Compania ALTAL ofer\u0103 o gam\u0103 larg\u0103&#8230;<\/p>","protected":false},"author":1,"featured_media":6453,"parent":857,"menu_order":0,"comment_status":"closed","ping_status":"closed","template":"","meta":{"_acf_changed":false,"om_disable_all_campaigns":false,"_monsterinsights_skip_tracking":false,"_monsterinsights_sitenote_active":false,"_monsterinsights_sitenote_note":"","_monsterinsights_sitenote_category":0,"_kadence_starter_templates_imported_post":false,"_kad_post_transparent":"default","_kad_post_title":"default","_kad_post_layout":"default","_kad_post_sidebar_id":"","_kad_post_content_style":"default","_kad_post_vertical_padding":"default","_kad_post_feature":"","_kad_post_feature_position":"","_kad_post_header":false,"_kad_post_footer":false,"_kad_post_classname":"","jetpack_post_was_ever_published":false,"footnotes":""},"class_list":["post-2998","page","type-page","status-publish","has-post-thumbnail","hentry"],"acf":[],"jetpack_sharing_enabled":true,"jetpack_likes_enabled":true,"_links":{"self":[{"href":"https:\/\/altalheat.com\/ru\/wp-json\/wp\/v2\/pages\/2998","targetHints":{"allow":["GET"]}}],"collection":[{"href":"https:\/\/altalheat.com\/ru\/wp-json\/wp\/v2\/pages"}],"about":[{"href":"https:\/\/altalheat.com\/ru\/wp-json\/wp\/v2\/types\/page"}],"author":[{"embeddable":true,"href":"https:\/\/altalheat.com\/ru\/wp-json\/wp\/v2\/users\/1"}],"replies":[{"embeddable":true,"href":"https:\/\/altalheat.com\/ru\/wp-json\/wp\/v2\/comments?post=2998"}],"version-history":[{"count":44,"href":"https:\/\/altalheat.com\/ru\/wp-json\/wp\/v2\/pages\/2998\/revisions"}],"predecessor-version":[{"id":8051,"href":"https:\/\/altalheat.com\/ru\/wp-json\/wp\/v2\/pages\/2998\/revisions\/8051"}],"up":[{"embeddable":true,"href":"https:\/\/altalheat.com\/ru\/wp-json\/wp\/v2\/pages\/857"}],"wp:featuredmedia":[{"embeddable":true,"href":"https:\/\/altalheat.com\/ru\/wp-json\/wp\/v2\/media\/6453"}],"wp:attachment":[{"href":"https:\/\/altalheat.com\/ru\/wp-json\/wp\/v2\/media?parent=2998"}],"curies":[{"name":"wp","href":"https:\/\/api.w.org\/{rel}","templated":true}]}}