{"id":11,"date":"2024-11-14T13:45:54","date_gmt":"2024-11-14T13:45:54","guid":{"rendered":"http:\/\/altalheat.com\/test\/?page_id=11"},"modified":"2025-06-13T00:11:28","modified_gmt":"2025-06-12T21:11:28","slug":"politica-de-returnare-si-rambursare","status":"publish","type":"page","link":"https:\/\/altalheat.com\/ru\/politica-de-returnare-si-rambursare\/","title":{"rendered":"\u041f\u043e\u043b\u0438\u0442\u0438\u043a\u0430 \u0432\u043e\u0437\u0432\u0440\u0430\u0442\u0430 \u0438 \u0432\u043e\u0437\u043c\u0435\u0449\u0435\u043d\u0438\u044f"},"content":{"rendered":"<div data-elementor-type=\"wp-page\" data-elementor-id=\"11\" class=\"elementor elementor-11\">\n\t\t\t\t<div class=\"elementor-element elementor-element-4facb269 e-flex e-con-boxed e-con e-parent\" data-id=\"4facb269\" data-element_type=\"container\">\n\t\t\t\t\t<div class=\"e-con-inner\">\n\t\t\t\t<div class=\"elementor-element elementor-element-58824cd2 elementor-widget elementor-widget-text-editor\" data-id=\"58824cd2\" data-element_type=\"widget\" data-widget_type=\"text-editor.default\">\n\t\t\t\t<div class=\"elementor-widget-container\">\n\t\t\t\t\t\t\t\t\t<div><div dir=\"auto\" data-message-author-role=\"assistant\" data-message-id=\"7066f562-9ea4-4563-8bdb-6712be1aa433\" data-message-model-slug=\"gpt-4o\"><hr \/><p><span style=\"color: #000000;\"><span style=\"font-size: 18pt; color: #800080;\"><strong>ALTAL <\/strong><\/span>\u00a0asigur\u0103 un nivel ridicat de calitate al produselor \u0219i serviciilor noastre. Prezenta politic\u0103 descrie condi\u021biile \u0219i procedurile de returnare \u0219i rambursare aplicabile produselor \u0219i serviciilor legate de produc\u021bia, instalarea \u0219i exploatarea pompelor de c\u0103ldur\u0103 aer-ap\u0103 \u0219i sol-ap\u0103.<\/span><\/p><hr \/><h2><span style=\"color: #000000;\">1. Condi\u021bii de returnare a produselor<\/span><\/h2><p><span style=\"color: #000000;\">1.1. Returnarea produselor este posibil\u0103 \u00een urm\u0103toarele cazuri:<\/span><\/p><ul><li><span style=\"color: #000000;\">S-a descoperit un defect de fabrica\u021bie care afecteaz\u0103 func\u021bionarea echipamentului.<\/span><\/li><li><span style=\"color: #000000;\">Produsul primit nu corespunde comenzii (de exemplu, modelul sau caracteristicile tehnice sunt incorecte).<\/span><\/li><li><span style=\"color: #000000;\">Produsul a fost deteriorat \u00een timpul transportului.<\/span><\/li><\/ul><p><span style=\"color: #000000;\">1.2. Cerin\u021be pentru produsele returnate:<\/span><\/p><ul><li><span style=\"color: #000000;\">Produsele trebuie s\u0103 fie \u00een ambalajul original \u0219i f\u0103r\u0103 urme de instalare sau utilizare.<\/span><\/li><li><span style=\"color: #000000;\">Toate documentele \u00eenso\u021bitoare (bon fiscal, talon de garan\u021bie, manual de utilizare) trebuie s\u0103 fie ata\u0219ate.<\/span><\/li><\/ul><p><span style=\"color: #000000;\">1.3. Termenul de returnare:<\/span><\/p><p><span style=\"color: #000000;\">Returnarea este posibil\u0103 \u00een termen de 14 zile calendaristice de la data primirii produsului, dac\u0103 acesta nu a fost instalat sau utilizat.<\/span><\/p><h2><span style=\"color: #000000;\">2. Condi\u021bii de rambursare<\/span><\/h2><p><span style=\"color: #000000;\">2.1. Rambursarea se efectueaz\u0103 \u00een urm\u0103toarele cazuri:<\/span><\/p><ul><li><span style=\"color: #000000;\">La returnarea produselor care corespund condi\u021biilor de la punctul 1.<\/span><\/li><li><span style=\"color: #000000;\">\u00cen cazul refuzului serviciilor \u00eenainte de \u00eenceperea prest\u0103rii acestora.<\/span><\/li><\/ul><p><span style=\"color: #000000;\">2.2. Procedura de rambursare:<\/span><\/p><ul><li><span style=\"color: #000000;\">Rambursarea se efectueaz\u0103 prin aceea\u0219i metod\u0103 prin care a fost efectuat\u0103 plata, \u00een termen de 14 zile lucr\u0103toare de la confirmarea return\u0103rii.<\/span><\/li><li><span style=\"color: #000000;\">Dac\u0103 clientul pl\u0103te\u0219te prin transfer bancar, costurile transferului de retur sunt suportate de client.<\/span><\/li><\/ul><p><span style=\"color: #000000;\">2.3. Servicii care nu sunt rambursabile:<\/span><\/p><ul><li><span style=\"color: #000000;\">Costul instal\u0103rii pompei de c\u0103ldur\u0103 dup\u0103 finalizarea lucr\u0103rilor de montare.<\/span><\/li><li><span style=\"color: #000000;\">Servicii de consultan\u021b\u0103, dac\u0103 acestea au fost prestate \u00een \u00eentregime.<\/span><\/li><\/ul><h2><span style=\"color: #000000;\">3. Servicii de garan\u021bie<\/span><\/h2><p><span style=\"color: #000000;\">3.1. Obliga\u021bii de garan\u021bie:<\/span><\/p><ul><li><span style=\"color: #000000;\">Toate pompele de c\u0103ldur\u0103 beneficiaz\u0103 de o garan\u021bie de 2 ani.<\/span><\/li><li><span style=\"color: #000000;\">\u00cen perioada de garan\u021bie, compania se angajeaz\u0103 s\u0103 remedieze gratuit defectele de fabrica\u021bie.<\/span><\/li><\/ul><p><span style=\"color: #000000;\">3.2. Excep\u021bii de la garan\u021bie:<\/span><\/p><ul><li><span style=\"color: #000000;\">Deterior\u0103ri cauzate de utilizarea necorespunz\u0103toare, instalarea incorect\u0103 sau influen\u021be externe (de exemplu, c\u0103deri de tensiune).<\/span><\/li><li><span style=\"color: #000000;\">Repara\u021bii sau modific\u0103ri ale echipamentului efectuate de ter\u021bi.<\/span><\/li><\/ul><h2><span style=\"color: #000000;\">4. Date de contact pentru returnare \u0219i rambursare<\/span><\/h2><p><span style=\"color: #000000;\">Pentru a solicita returnarea sau rambursarea, v\u0103 rug\u0103m s\u0103 contacta\u021bi departamentul nostru de asisten\u021b\u0103 pentru clien\u021bi:<\/span><\/p><hr \/><p><a href=\"tel:+37369456029\">CONT: +373 694 56 029<\/a><\/p><p><a href=\"tel:+37379263636\">V\u00ceNZ\u0102RI: +373 792 63 636<\/a><\/p><p><span style=\"color: #000000;\"><div data-test='contact-form' id='contact-form-11' class='wp-block-jetpack-contact-form-container'>\n<form action='https:\/\/altalheat.com\/ru\/politica-de-returnare-si-rambursare\/#contact-form-11' method='post' class='contact-form commentsblock' aria-label=\"\u041f\u043e\u043b\u0438\u0442\u0438\u043a\u0430 \u0432\u043e\u0437\u0432\u0440\u0430\u0442\u0430 \u0438 \u0432\u043e\u0437\u043c\u0435\u0449\u0435\u043d\u0438\u044f\" novalidate data-trp-original-action=\"https:\/\/altalheat.com\/ru\/politica-de-returnare-si-rambursare\/#contact-form-11\">\n\n<div style=\"\" class='grunion-field-name-wrap grunion-field-wrap'  >\n<label\n\t\t\t\tfor='g11'\n\t\t\t\tclass='grunion-field-label name'>\u0418\u043c\u044f<span class=\"grunion-label-required\" aria-hidden=\"true\">(\u043e\u0431\u044f\u0437\u0430\u0442\u0435\u043b\u044c\u043d\u043e)<\/span><\/label>\n<input\n\t\t\t\t\ttype='text'\n\t\t\t\t\tname='g11'\n\t\t\t\t\tid='g11'\n\t\t\t\t\tvalue=''\n\t\t\t\t\tclass='name  grunion-field' \n\t\t\t\t\trequired aria-required='true' \/>\n\t<\/div>\n\n<div style=\"\" class='grunion-field-email-wrap grunion-field-wrap'  >\n<label\n\t\t\t\tfor='g11-email'\n\t\t\t\tclass='grunion-field-label email'>\u042d\u043b\u0435\u043a\u0442\u0440\u043e\u043d\u043d\u0430\u044f \u043f\u043e\u0447\u0442\u0430<span class=\"grunion-label-required\" aria-hidden=\"true\">(\u043e\u0431\u044f\u0437\u0430\u0442\u0435\u043b\u044c\u043d\u043e)<\/span><\/label>\n<input\n\t\t\t\t\ttype='email'\n\t\t\t\t\tname='g11-email'\n\t\t\t\t\tid='g11-email'\n\t\t\t\t\tvalue=''\n\t\t\t\t\tclass='email  grunion-field' \n\t\t\t\t\trequired aria-required='true' \/>\n\t<\/div>\n\n<div style=\"\" class='grunion-field-url-wrap grunion-field-wrap'  >\n<label\n\t\t\t\tfor='g11-1'\n\t\t\t\tclass='grunion-field-label url'>\u0421\u0430\u0439\u0442<\/label>\n<input\n\t\t\t\t\ttype='text'\n\t\t\t\t\tname='g11-1'\n\t\t\t\t\tid='g11-1'\n\t\t\t\t\tvalue=''\n\t\t\t\t\tclass='url  grunion-field' \n\t\t\t\t\ttitle=\"\u0412\u0432\u0435\u0434\u0438\u0442\u0435 \u0434\u0435\u0439\u0441\u0442\u0432\u0438\u0442\u0435\u043b\u044c\u043d\u044b\u0439 URL-\u0430\u0434\u0440\u0435\u0441 \u0432 \u0444\u043e\u0440\u043c\u0430\u0442\u0435 https:\/\/www.example.com\" oninvalid=\"setCustomValidity(&quot;\u0412\u0432\u0435\u0434\u0438\u0442\u0435 \u0434\u0435\u0439\u0441\u0442\u0432\u0438\u0442\u0435\u043b\u044c\u043d\u044b\u0439 URL-\u0430\u0434\u0440\u0435\u0441 \u0432 \u0444\u043e\u0440\u043c\u0430\u0442\u0435 https:\/\/www.example.com&quot;)\" oninput=\"setCustomValidity(&quot;&quot;)\" pattern=\"(?:(?:[Hh][Tt][Tt][Pp][Ss]?|[Ff][Tt][Pp]):\\\/\\\/)?(?:\\S+(?::\\S*)?@|\\d{1,3}(?:\\.\\d{1,3}){3}|(?:(?:[a-zA-Z\\d\\u00a1-\\uffff]+-?)*[a-zA-Z\\d\\u00a1-\\uffff]+)(?:\\.(?:[a-zA-Z\\d\\u00a1-\\uffff]+-?)*[a-zA-Z\\d\\u00a1-\\uffff]+)*(?:\\.[a-zA-Z\\u00a1-\\uffff]{2,6}))(?::\\d+)?(?:[^\\s]*)?\" data-type-override=\"url\"  \/>\n\t<\/div>\n\n<div style=\"\" class='grunion-field-textarea-wrap grunion-field-wrap'  >\n<label\n\t\t\t\tfor='contact-form-comment-g11-2'\n\t\t\t\tclass='grunion-field-label textarea'>\u0421\u043e\u043e\u0431\u0449\u0435\u043d\u0438\u0435<\/label>\n<textarea\n\t\t                style=''\n\t\t                name='g11-2'\n\t\t                id='contact-form-comment-g11-2'\n\t\t                rows='20' class='textarea  grunion-field'  ><\/textarea>\n\t<\/div>\n\t<p class='contact-submit'>\n\t\t<button type='submit' class='pushbutton-wide'>\u041e\u0442\u043f\u0440\u0430\u0432\u0438\u0442\u044c<\/button>\t\t<input type='hidden' name='contact-form-id' value='11' \/>\n\t\t<input type='hidden' name='action' value='grunion-contact-form' \/>\n\t\t<input type='hidden' name='contact-form-hash' value='9b302236b57986c2fc6aa94fb48a7f2b368d05cc' \/>\n\t<\/p>\n<input type=\"hidden\" name=\"trp-form-language\" value=\"ru\"\/><\/form>\n<\/div><\/span><\/p><p><span style=\"color: #000000;\">\u00a0<\/span><\/p><p><span style=\"color: #000000;\">Apreciem \u00eencrederea clien\u021bilor no\u0219tri \u0219i ne str\u0103duim s\u0103 oferim condi\u021bii confortabile de colaborare. Dac\u0103 ave\u021bi \u00eentreb\u0103ri, nu ezita\u021bi s\u0103 ne contacta\u021bi!<\/span><\/p><hr \/><\/div><\/div><div><div dir=\"auto\" data-message-author-role=\"assistant\" data-message-id=\"7066f562-9ea4-4563-8bdb-6712be1aa433\" data-message-model-slug=\"gpt-4o\">\u00a0<\/div><\/div><p><!-- \/wp:paragraph --><\/p>\t\t\t\t\t\t\t\t<\/div>\n\t\t\t\t<\/div>\n\t\t\t\t<div class=\"elementor-element elementor-element-e1387e9 elementor-widget elementor-widget-ucaddon_uc_compact_image_theme\" data-id=\"e1387e9\" data-element_type=\"widget\" data-widget_type=\"ucaddon_uc_compact_image_theme.default\">\n\t\t\t\t<div class=\"elementor-widget-container\">\n\t\t\t\t\t\n<!-- start Compact Gallery -->\n\t\t<link id='unitegallery-css' href='https:\/\/altalheat.com\/wp-content\/plugins\/unlimited-elements-for-elementor\/assets_libraries\/unitegallery\/css\/unite-gallery.css' type='text\/css' rel='stylesheet' >\n\n\n<div id=\"uc_uc_compact_image_theme_elementor_e1387e9\" class=\"uc-items-wrapper\" style=\"display:none; margin:0 auto;\"  data-remote-type=\"gallery\" data-custom-sethtml=\"true\" >\n\n\n<img decoding=\"async\" alt=\"reparatie-pdc-8\" src=\"https:\/\/i0.wp.com\/altalheat.com\/wp-content\/uploads\/2024\/12\/reparatie-pdc-8.webp?fit=768%2C346&amp;ssl=1\" data-image=\"https:\/\/i0.wp.com\/altalheat.com\/wp-content\/uploads\/2024\/12\/reparatie-pdc-8.webp?fit=1024%2C461&amp;ssl=1\" data-title=\"reparatie-pdc-8\" data-description=\"\u0420\u0435\u043c\u043e\u043d\u0442 \u0438 \u0441\u0435\u0440\u0432\u0438\u0441\u043d\u043e\u0435 \u043e\u0431\u0441\u043b\u0443\u0436\u0438\u0432\u0430\u043d\u0438\u0435 \u0442\u0435\u043f\u043b\u043e\u0432\u044b\u0445 \u043d\u0430\u0441\u043e\u0441\u043e\u0432 \u0433\u0440\u0443\u043d\u0442-\u0432\u043e\u0434\u0430 \u0432 \u041a\u0438\u0433\u0438\u0435\u0435\u0432\u0435\" title=\"\">\n\n<img decoding=\"async\" alt=\"reparatie-pdc-7\" src=\"https:\/\/i0.wp.com\/altalheat.com\/wp-content\/uploads\/2024\/12\/reparatie-pdc-7.webp?fit=768%2C346&amp;ssl=1\" data-image=\"https:\/\/i0.wp.com\/altalheat.com\/wp-content\/uploads\/2024\/12\/reparatie-pdc-7.webp?fit=1024%2C461&amp;ssl=1\" data-title=\"reparatie-pdc-7\" data-description=\"\u0420\u0435\u043c\u043e\u043d\u0442 \u0438 \u0441\u0435\u0440\u0432\u0438\u0441\u043d\u043e\u0435 \u043e\u0431\u0441\u043b\u0443\u0436\u0438\u0432\u0430\u043d\u0438\u0435 \u0442\u0435\u043f\u043b\u043e\u0432\u044b\u0445 \u043d\u0430\u0441\u043e\u0441\u043e\u0432 \u0432\u043e\u0434\u0430-\u0432\u043e\u0434\u0430 \u0432 \u041a\u0438\u0448\u0438\u043d\u0435\u0432\u0435\" title=\"\">\n\n<img decoding=\"async\" alt=\"reparatie-pdc-6\" src=\"https:\/\/i0.wp.com\/altalheat.com\/wp-content\/uploads\/2024\/12\/reparatie-pdc-6.webp?fit=768%2C346&amp;ssl=1\" data-image=\"https:\/\/i0.wp.com\/altalheat.com\/wp-content\/uploads\/2024\/12\/reparatie-pdc-6.webp?fit=1024%2C461&amp;ssl=1\" data-title=\"reparatie-pdc-6\" data-description=\"\u0420\u0435\u043c\u043e\u043d\u0442 \u0438 \u0441\u0435\u0440\u0432\u0438\u0441\u043d\u043e\u0435 \u043e\u0431\u0441\u043b\u0443\u0436\u0438\u0432\u0430\u043d\u0438\u0435 \u0442\u0435\u043f\u043b\u043e\u0432\u044b\u0445 \u043d\u0430\u0441\u043e\u0441\u043e\u0432 \u0432\u043e\u0434\u0430-\u0432\u043e\u0434\u0430\" title=\"\">\n\n<img decoding=\"async\" alt=\"reparatie-pdc-5\" src=\"https:\/\/i0.wp.com\/altalheat.com\/wp-content\/uploads\/2024\/12\/reparatie-pdc-5.webp?fit=768%2C346&amp;ssl=1\" data-image=\"https:\/\/i0.wp.com\/altalheat.com\/wp-content\/uploads\/2024\/12\/reparatie-pdc-5.webp?fit=1024%2C461&amp;ssl=1\" data-title=\"reparatie-pdc-5\" data-description=\"\u0420\u0435\u043c\u043e\u043d\u0442 \u0438 \u0441\u0435\u0440\u0432\u0438\u0441\u043d\u043e\u0435 \u043e\u0431\u0441\u043b\u0443\u0436\u0438\u0432\u0430\u043d\u0438\u0435 \u0442\u0435\u043f\u043b\u043e\u0432\u044b\u0445 \u043d\u0430\u0441\u043e\u0441\u043e\u0432 \u0433\u0440\u0443\u043d\u0442-\u0432\u043e\u0434\u0430\" title=\"\">\n\n<img decoding=\"async\" alt=\"reparatie-pdc-4\" src=\"https:\/\/i0.wp.com\/altalheat.com\/wp-content\/uploads\/2024\/12\/reparatie-pdc-4.webp?fit=768%2C346&amp;ssl=1\" data-image=\"https:\/\/i0.wp.com\/altalheat.com\/wp-content\/uploads\/2024\/12\/reparatie-pdc-4.webp?fit=1024%2C461&amp;ssl=1\" data-title=\"reparatie-pdc-4\" data-description=\"\u0420\u0435\u043c\u043e\u043d\u0442 \u0438 \u0441\u0435\u0440\u0432\u0438\u0441\u043d\u043e\u0435 \u043e\u0431\u0441\u043b\u0443\u0436\u0438\u0432\u0430\u043d\u0438\u0435 \u0442\u0435\u043f\u043b\u043e\u0432\u044b\u0445 \u043d\u0430\u0441\u043e\u0441\u043e\u0432 \u0432 \u041c\u043e\u043b\u0434\u043e\u0432\u0435 \u0433\u0440\u0443\u043d\u0442-\u0432\u043e\u0434\u0430\" title=\"\">\n\n<img decoding=\"async\" alt=\"reparatie-pdc-3\" src=\"https:\/\/i0.wp.com\/altalheat.com\/wp-content\/uploads\/2024\/12\/reparatie-pdc-3.webp?fit=768%2C346&amp;ssl=1\" data-image=\"https:\/\/i0.wp.com\/altalheat.com\/wp-content\/uploads\/2024\/12\/reparatie-pdc-3.webp?fit=1024%2C461&amp;ssl=1\" data-title=\"reparatie-pdc-3\" data-description=\"\u0420\u0435\u043c\u043e\u043d\u0442 \u0438 \u0441\u0435\u0440\u0432\u0438\u0441\u043d\u043e\u0435 \u043e\u0431\u0441\u043b\u0443\u0436\u0438\u0432\u0430\u043d\u0438\u0435 \u0442\u0435\u043f\u043b\u043e\u0432\u044b\u0445 \u043d\u0430\u0441\u043e\u0441\u043e\u0432 \u0432 \u041c\u043e\u043b\u0434\u043e\u0432\u0435 \u0432\u043e\u0437\u0434\u0443\u0445-\u0432\u043e\u0434\u0430\" title=\"\">\n\n<img decoding=\"async\" alt=\"reparatie-pdc-2\" src=\"https:\/\/i0.wp.com\/altalheat.com\/wp-content\/uploads\/2024\/12\/reparatie-pdc-2.webp?fit=768%2C346&amp;ssl=1\" data-image=\"https:\/\/i0.wp.com\/altalheat.com\/wp-content\/uploads\/2024\/12\/reparatie-pdc-2.webp?fit=1024%2C461&amp;ssl=1\" data-title=\"reparatie-pdc-2\" data-description=\"\u0420\u0435\u043c\u043e\u043d\u0442 \u0438 \u0441\u0435\u0440\u0432\u0438\u0441\u043d\u043e\u0435 \u043e\u0431\u0441\u043b\u0443\u0436\u0438\u0432\u0430\u043d\u0438\u0435 \u0442\u0435\u043f\u043b\u043e\u0432\u044b\u0445 \u043d\u0430\u0441\u043e\u0441\u043e\u0432 \u0432 \u041c\u043e\u043b\u0434\u043e\u0432\u0435\" title=\"\">\n\n<img decoding=\"async\" alt=\"reparatie-pdc-1\" src=\"https:\/\/i0.wp.com\/altalheat.com\/wp-content\/uploads\/2024\/12\/reparatie-pdc-1.webp?fit=768%2C346&amp;ssl=1\" data-image=\"https:\/\/i0.wp.com\/altalheat.com\/wp-content\/uploads\/2024\/12\/reparatie-pdc-1.webp?fit=1024%2C461&amp;ssl=1\" data-title=\"reparatie-pdc-1\" data-description=\"\u0420\u0435\u043c\u043e\u043d\u0442 \u0438 \u0441\u0435\u0440\u0432\u0438\u0441\u043d\u043e\u0435 \u043e\u0431\u0441\u043b\u0443\u0436\u0438\u0432\u0430\u043d\u0438\u0435 \u0442\u0435\u043f\u043b\u043e\u0432\u044b\u0445 \u043d\u0430\u0441\u043e\u0441\u043e\u0432\" title=\"\">\n\n  \n<\/div>\n<!-- end Compact Gallery -->\t\t\t\t<\/div>\n\t\t\t\t<\/div>\n\t\t\t\t\t<\/div>\n\t\t\t\t<\/div>\n\t\t\t\t<\/div>","protected":false},"excerpt":{"rendered":"<p>ALTAL \u00a0asigur\u0103 un nivel ridicat de calitate al produselor \u0219i serviciilor noastre. Prezenta politic\u0103 descrie condi\u021biile \u0219i procedurile de returnare \u0219i rambursare aplicabile produselor \u0219i serviciilor legate de produc\u021bia, instalarea \u0219i exploatarea pompelor de c\u0103ldur\u0103 aer-ap\u0103 \u0219i sol-ap\u0103. 1. Condi\u021bii de returnare a produselor 1.1. Returnarea produselor este posibil\u0103 \u00een urm\u0103toarele cazuri: S-a descoperit un&#8230;<\/p>","protected":false},"author":1,"featured_media":0,"parent":0,"menu_order":0,"comment_status":"closed","ping_status":"closed","template":"","meta":{"_acf_changed":false,"om_disable_all_campaigns":false,"_monsterinsights_skip_tracking":false,"_monsterinsights_sitenote_active":false,"_monsterinsights_sitenote_note":"","_monsterinsights_sitenote_category":0,"_kadence_starter_templates_imported_post":false,"_kad_post_transparent":"default","_kad_post_title":"default","_kad_post_layout":"default","_kad_post_sidebar_id":"","_kad_post_content_style":"default","_kad_post_vertical_padding":"default","_kad_post_feature":"","_kad_post_feature_position":"","_kad_post_header":false,"_kad_post_footer":false,"_kad_post_classname":"","jetpack_post_was_ever_published":false,"footnotes":""},"class_list":["post-11","page","type-page","status-publish","hentry"],"acf":[],"jetpack_sharing_enabled":true,"jetpack_likes_enabled":true,"_links":{"self":[{"href":"https:\/\/altalheat.com\/ru\/wp-json\/wp\/v2\/pages\/11","targetHints":{"allow":["GET"]}}],"collection":[{"href":"https:\/\/altalheat.com\/ru\/wp-json\/wp\/v2\/pages"}],"about":[{"href":"https:\/\/altalheat.com\/ru\/wp-json\/wp\/v2\/types\/page"}],"author":[{"embeddable":true,"href":"https:\/\/altalheat.com\/ru\/wp-json\/wp\/v2\/users\/1"}],"replies":[{"embeddable":true,"href":"https:\/\/altalheat.com\/ru\/wp-json\/wp\/v2\/comments?post=11"}],"version-history":[{"count":42,"href":"https:\/\/altalheat.com\/ru\/wp-json\/wp\/v2\/pages\/11\/revisions"}],"predecessor-version":[{"id":8164,"href":"https:\/\/altalheat.com\/ru\/wp-json\/wp\/v2\/pages\/11\/revisions\/8164"}],"wp:attachment":[{"href":"https:\/\/altalheat.com\/ru\/wp-json\/wp\/v2\/media?parent=11"}],"curies":[{"name":"wp","href":"https:\/\/api.w.org\/{rel}","templated":true}]}}