{"id":7790,"date":"2025-06-10T18:06:16","date_gmt":"2025-06-10T15:06:16","guid":{"rendered":"https:\/\/altalheat.com\/?post_type=product&#038;p=7790"},"modified":"2025-10-17T16:00:34","modified_gmt":"2025-10-17T13:00:34","slug":"pompa-de-caldura-aer-apa-100-kw-split-evi","status":"publish","type":"product","link":"https:\/\/altalheat.com\/ro\/pompa-de-caldura-aer-apa-100-kw-split-evi\/","title":{"rendered":"Pomp\u0103 de c\u0103ldur\u0103 aer-ap\u0103 100 kW SPLIT EVI"},"content":{"rendered":"<div id=\"ez-toc-container\" class=\"ez-toc-v2_0_74 counter-flat ez-toc-counter ez-toc-grey ez-toc-container-direction\">\n<div class=\"ez-toc-title-container\">\n<span class=\"ez-toc-title-toggle\"><a href=\"#\" class=\"ez-toc-pull-right ez-toc-btn ez-toc-btn-xs ez-toc-btn-default ez-toc-toggle\" aria-label=\"Toggle Table of Content\"><span class=\"ez-toc-js-icon-con\"><span class=\"\"><span class=\"eztoc-hide\" style=\"display:none;\">Toggle<\/span><span class=\"ez-toc-icon-toggle-span\"><svg style=\"fill: #999;color:#999\" xmlns=\"http:\/\/www.w3.org\/2000\/svg\" class=\"list-377408\" width=\"20px\" height=\"20px\" viewBox=\"0 0 24 24\" fill=\"none\"><path d=\"M6 6H4v2h2V6zm14 0H8v2h12V6zM4 11h2v2H4v-2zm16 0H8v2h12v-2zM4 16h2v2H4v-2zm16 0H8v2h12v-2z\" fill=\"currentColor\"><\/path><\/svg><svg style=\"fill: #999;color:#999\" class=\"arrow-unsorted-368013\" xmlns=\"http:\/\/www.w3.org\/2000\/svg\" width=\"10px\" height=\"10px\" viewBox=\"0 0 24 24\" version=\"1.2\" baseProfile=\"tiny\"><path d=\"M18.2 9.3l-6.2-6.3-6.2 6.3c-.2.2-.3.4-.3.7s.1.5.3.7c.2.2.4.3.7.3h11c.3 0 .5-.1.7-.3.2-.2.3-.5.3-.7s-.1-.5-.3-.7zM5.8 14.7l6.2 6.3 6.2-6.3c.2-.2.3-.5.3-.7s-.1-.5-.3-.7c-.2-.2-.4-.3-.7-.3h-11c-.3 0-.5.1-.7.3-.2.2-.3.5-.3.7s.1.5.3.7z\"\/><\/svg><\/span><\/span><\/span><\/a><\/span><\/div>\n<nav><ul class='ez-toc-list ez-toc-list-level-1 eztoc-toggle-hide-by-default' ><li class='ez-toc-page-1'><a class=\"ez-toc-link ez-toc-heading-1\" href=\"https:\/\/altalheat.com\/ro\/pompa-de-caldura-aer-apa-100-kw-split-evi\/#Pompa_de_caldura_aer-apa_100_kW_SPLIT_EVI_Solutie_eficienta_energetic\" >Pomp\u0103 de c\u0103ldur\u0103 aer-ap\u0103 100 kW SPLIT EVI | Solu\u021bie eficient\u0103 energetic<\/a><\/li><li class='ez-toc-page-1'><a class=\"ez-toc-link ez-toc-heading-2\" href=\"https:\/\/altalheat.com\/ro\/pompa-de-caldura-aer-apa-100-kw-split-evi\/#Avantajele_pompei_de_caldura_AWHP100SFSE\" >Avantajele pompei de c\u0103ldur\u0103 AWHP100SFSE<\/a><\/li><li class='ez-toc-page-1'><a class=\"ez-toc-link ez-toc-heading-3\" href=\"https:\/\/altalheat.com\/ro\/pompa-de-caldura-aer-apa-100-kw-split-evi\/#Specificatii_tehnice\" >Specifica\u021bii tehnice<\/a><\/li><li class='ez-toc-page-1'><a class=\"ez-toc-link ez-toc-heading-4\" href=\"https:\/\/altalheat.com\/ro\/pompa-de-caldura-aer-apa-100-kw-split-evi\/#De_ce_sa_alegeti_Pompa_de_caldura_aer-apa_100_kW_SPLIT_EVI_AWHP100SFSE\" >De ce s\u0103 alege\u021bi Pomp\u0103 de c\u0103ldur\u0103 aer-ap\u0103 100 kW SPLIT EVI AWHP100SFSE?<\/a><\/li><li class='ez-toc-page-1'><a class=\"ez-toc-link ez-toc-heading-5\" href=\"https:\/\/altalheat.com\/ro\/pompa-de-caldura-aer-apa-100-kw-split-evi\/#Produs_in_Republica_Moldova\" >Produs \u00een Republica Moldova.<\/a><\/li><\/ul><\/nav><\/div>\n\n<h1><span class=\"ez-toc-section\" id=\"Pompa_de_caldura_aer-apa_100_kW_SPLIT_EVI_Solutie_eficienta_energetic\"><\/span><strong>Pomp\u0103 de c\u0103ldur\u0103 aer-ap\u0103 100 kW SPLIT EVI | Solu\u021bie eficient\u0103 energetic<\/strong><span class=\"ez-toc-section-end\"><\/span><\/h1>\n<p><strong>Solu\u021bie inovatoare pentru \u00eenc\u0103lzire, r\u0103cire \u0219i alimentare cu ap\u0103 cald\u0103<\/strong> <a href=\"https:\/\/altalheat.com\/ru\/katalog\/teplovye-nasosy\/vozduh-voda\/\"><strong>Pomp\u0103 de c\u0103ldur\u0103 aer-ap\u0103 100 kW SPLIT EVI <\/strong><\/a><a href=\"https:\/\/altalheat.com\/ru\/katalog\/teplovye-nasosy\/vozduh-voda\/\">, <\/a>model <strong>AWHP100SFSE<\/strong>, cu putere termic\u0103 de <strong>100 kW<\/strong>, cu tehnologie <a href=\"https:\/\/altalheat.com\/product\/teplovoj-nasos-vozduh-voda-100-kvt-split-evi\/\"><strong>EVI<\/strong><\/a> <a href=\"https:\/\/altalheat.com\/product\/teplovoj-nasos-vozduh-voda-100-kvt-split-evi\/\">(injec\u021bie de abur)<\/a>, este o solu\u021bie modern\u0103 pentru \u00eenc\u0103lzire, r\u0103cire \u0219i furnizare de ap\u0103 cald\u0103.<\/p>\n<p>Acest dispozitiv este ideal pentru instala\u021bii mari, inclusiv cl\u0103diri comerciale, blocuri de apartamente \u0219i spa\u021bii industriale. Sunt disponibile modele cu o putere fix\u0103 de <strong>100 kW &#8211; 1800 kW<\/strong>, asigur\u00e2nd un consum optim de energie.<br \/>\n<strong>Ce este tehnologia de injec\u021bie \u00eembun\u0103t\u0103\u021bit\u0103 a vaporilor (EVI)?<\/strong><br \/>\nInjec\u021bia \u00eembun\u0103t\u0103\u021bit\u0103 de vapori (EVI) este o metod\u0103 de cre\u0219tere a diferen\u021bei de temperatur\u0103\/presiune de satura\u021bie dintre evaporator \u0219i condensator utiliz\u00e2nd un economizator \u0219i o supap\u0103 de expansiune secundar\u0103.<\/p>\n<p>Aceast\u0103 tehnologie permite cre\u0219terea temperaturii de ie\u0219ire a agentului de r\u0103cire \u00een modul de \u00eenc\u0103lzire (aer sau ap\u0103). Reducerea temperaturii de satura\u021bie \u00een evaporator (unitatea exterioar\u0103 \u00een modul de \u00eenc\u0103lzire) face posibil\u0103 absorb\u021bia unei cantit\u0103\u021bi mai mari de c\u0103ldur\u0103 din aerul din jur chiar \u0219i la temperaturi climatice sc\u0103zute.<\/p>\n<p>\u00cenc\u0103lzirea agentului frigorific la starea de supra\u00eenc\u0103lzire \u00eenainte de injectarea acestuia \u00een compresor cre\u0219te presiunea \u0219i temperatura la ie\u0219irea compresorului, ceea ce, la r\u00e2ndul s\u0103u, cre\u0219te temperatura agentului de r\u0103cire la ie\u0219irea condensatorului.<br \/>\n<strong>Aten\u021bie!<\/strong> Nicio pomp\u0103 de c\u0103ldur\u0103 nu poate func\u021biona la <strong>-25\u00b0C<\/strong> f\u0103r\u0103 func\u021bia de injec\u021bie abur (<strong>EVI<\/strong>)! Fi\u021bi aten\u021bi \u0219i nu crede\u021bi \u00een reclame! Solicit\u0103 tabele sau grafice cu performan\u021ba pompei de c\u0103ldur\u0103 \u0219i face\u021bi alegerea corect\u0103, \u021bin\u00e2nd cont de specificul aplica\u021biei sale! De asemenea, aceste informa\u021bii se aplic\u0103 pompelor de c\u0103ldur\u0103 de tip MONOBLOC. Monoblocurile sunt destinate \u00een principal \u00eenc\u0103lzirii unei piscine sau \u00eenc\u0103perilor, fiind utilizate \u00een tandem cu alte surse de c\u0103ldur\u0103.<\/p>\n<h3><span class=\"ez-toc-section\" id=\"Avantajele_pompei_de_caldura_AWHP100SFSE\"><\/span><strong>Avantajele pompei de c\u0103ldur\u0103 AWHP100SFSE<\/strong><span class=\"ez-toc-section-end\"><\/span><\/h3>\n<p><strong>Versatilitate<\/strong><\/p>\n<ul>\n<li><strong>Sistem split:<\/strong> Instalare flexibil\u0103 cu unit\u0103\u021bi externe \u0219i interne, ideal pentru condi\u021bii dificile.<\/li>\n<\/ul>\n<p><strong>Eficien\u021b\u0103 energetic\u0103 ridicat\u0103 (A+++)<\/strong><\/p>\n<ul>\n<li><strong>Pompa de c\u0103ldur\u0103 aer-ap\u0103 SPLIT EVI de 100 kW<\/strong> ofer\u0103 un coeficient de performan\u021b\u0103 <strong>COP &gt; 4,3<\/strong>, permi\u021b\u00e2nd func\u021bionarea eficient\u0103 chiar \u0219i la temperaturi sc\u0103zute.<\/li>\n<\/ul>\n<p><strong>Func\u021bionare la temperaturi extreme<\/strong><\/p>\n<p>Tehnologia EVI asigur\u0103 performan\u021be stabile chiar \u0219i la temperaturi ambientale de p\u00e2n\u0103 la <strong>-30\u00b0C<\/strong>. Acest lucru face ca Pomp\u0103 de c\u0103ldur\u0103 aer-ap\u0103 100 kW SPLIT EVI s\u0103 fie alegerea ideal\u0103 pentru regiunile reci. Caracteristica special\u0103 a acestei pompe de c\u0103ldur\u0103 este capacitatea de a atinge temperaturi de ie\u0219ire (tur) de p\u00e2n\u0103 la <strong>+75 &#8230; +80\u00b0C<\/strong>.<\/p>\n<p><strong>Ecologic \u0219i durabil<\/strong><\/p>\n<ul>\n<li><strong>Agent frigorific R1234ze\u0441\/R513\u0410<\/strong>: Prietenos cu mediul, cu poten\u021bial zero de epuizare a stratului de ozon \u0219i impact minim asupra mediului.<\/li>\n<li><strong>P\u00e2n\u0103 la 75% din energie<\/strong> provine din aer, reduc\u00e2ndu-\u0219i amprenta de carbon.<\/li>\n<li><strong>Durat\u0103 de via\u021b\u0103 de p\u00e2n\u0103 la 20 de ani<\/strong>: Modelele FULL SPLIT protejeaz\u0103 suplimentar componentele principale de influen\u021bele mediului, prelungind durata de via\u021b\u0103.<\/li>\n<\/ul>\n<p><strong>U\u0219urin\u021b\u0103 \u00een control<\/strong><br \/>\nPompa de c\u0103ldur\u0103 aer-ap\u0103 de <strong>100 kW AWHP100SFSE<\/strong> este compatibil\u0103 cu sistemele moderne de cas\u0103 inteligent\u0103. Integrarea cu aplica\u021biile mobile v\u0103 permite s\u0103 controla\u021bi dispozitivul de la distan\u021b\u0103.<\/p>\n<h3><span class=\"ez-toc-section\" id=\"Specificatii_tehnice\"><\/span><strong>Specifica\u021bii tehnice<\/strong><span class=\"ez-toc-section-end\"><\/span><\/h3>\n<table style=\"height: 332px; width: 36.5027%;\" border=\"1\">\n<thead>\n<tr style=\"height: 36px;\">\n<td style=\"width: 31.405%; height: 36px;\"><strong>Parametru<\/strong><\/td>\n<td style=\"width: 30.4005%; height: 36px;\"><\/td>\n<\/tr>\n<\/thead>\n<tbody>\n<tr style=\"height: 36px;\">\n<td style=\"width: 31.405%; height: 36px;\"><strong>Putere<\/strong><\/td>\n<td style=\"width: 30.4005%; height: 36px; text-align: center;\"><strong>100 kW<\/strong><\/td>\n<\/tr>\n<tr style=\"height: 36px;\">\n<td style=\"width: 31.405%; height: 36px;\"><strong>Zona de \u00eenc\u0103lzire<\/strong><\/td>\n<td style=\"width: 30.4005%; height: 36px; text-align: center;\">650\u20131100 m\u00b2<\/td>\n<\/tr>\n<tr style=\"height: 36px;\">\n<td style=\"width: 31.405%; height: 36px;\"><strong>Interval de func\u021bionare<\/strong><\/td>\n<td style=\"width: 30.4005%; height: 36px; text-align: center;\">De la -25\u00b0C la +45\u00b0C<\/td>\n<\/tr>\n<tr style=\"height: 36px;\">\n<td style=\"width: 31.405%; height: 36px;\"><strong>Lichid de r\u0103cire<\/strong><\/td>\n<td style=\"width: 30.4005%; height: 36px; text-align: center;\"><strong>R1234ze\u0441\/R513A<\/strong><\/td>\n<\/tr>\n<tr style=\"height: 36px;\">\n<td style=\"width: 31.405%; height: 36px;\"><strong>Coeficientul COP<\/strong><\/td>\n<td style=\"width: 30.4005%; height: 36px; text-align: center;\">&gt;4,6<\/td>\n<\/tr>\n<tr style=\"height: 36px;\">\n<td style=\"width: 31.405%; height: 36px;\"><strong>Nivel de zgomot<\/strong><\/td>\n<td style=\"width: 30.4005%; height: 36px; text-align: center;\"><strong>52 dB<\/strong><\/td>\n<\/tr>\n<tr style=\"height: 36px;\">\n<td style=\"width: 31.405%; height: 36px;\"><strong>Durata de via\u021b\u0103<\/strong><\/td>\n<td style=\"width: 30.4005%; height: 36px; text-align: center;\">P\u00e2n\u0103 la 20 de ani<\/td>\n<\/tr>\n<\/tbody>\n<\/table>\n<h4><strong>Func\u021bii principale<\/strong><\/h4>\n<ul>\n<li><strong>\u00cenc\u0103lzire:<\/strong> \u00cenc\u0103lzire eficient\u0103 chiar \u0219i \u00een condi\u021bii dificile de iarn\u0103.<\/li>\n<li><strong>R\u0103cire:<\/strong> Men\u021binerea unei temperaturi confortabile pe timpul verii.<\/li>\n<li><strong>Alimentare cu ap\u0103 cald\u0103:<\/strong> \u00cenc\u0103lzire economic\u0103 a apei pentru nevoile casnice.<\/li>\n<\/ul>\n<h2><span class=\"ez-toc-section\" id=\"De_ce_sa_alegeti_Pompa_de_caldura_aer-apa_100_kW_SPLIT_EVI_AWHP100SFSE\"><\/span><strong>De ce s\u0103 alege\u021bi Pomp\u0103 de c\u0103ldur\u0103 aer-ap\u0103 100 kW SPLIT EVI AWHP100SFSE?<\/strong><span class=\"ez-toc-section-end\"><\/span><\/h2>\n<ol>\n<li><strong>Eficien\u021b\u0103 energetic\u0103:<\/strong> Factorul de eficien\u021b\u0103 ridicat \u0219i tehnologia invertorului ajut\u0103 la reducerea costurilor cu energia.<\/li>\n<li><strong>Fiabilitate:<\/strong> Func\u021bioneaz\u0103 \u00een condi\u021bii climatice dificile f\u0103r\u0103 pierderi de productivitate.<\/li>\n<li><strong>Ecologic:<\/strong> Folose\u0219te agent frigorific sigur \u0219i are o amprent\u0103 minim\u0103 de carbon.<\/li>\n<li><strong>Flexibilitate la instalare:<\/strong> Alege\u021bi \u00eentre <strong>monobloc<\/strong>, sistem <strong>split<\/strong> \u0219i design <strong>FULL SPLIT<\/strong>.<\/li>\n<li><strong>Durabilitate:<\/strong> Investi\u021bi \u00eentr-un dispozitiv care va rezista mult timp.<\/li>\n<\/ol>\n<h4><strong>Investi\u021bii \u00een confort \u0219i ecologie<\/strong><\/h4>\n<p><strong>Pomp\u0103 de c\u0103ldur\u0103 aer-ap\u0103 100 kW SPLIT EVI<\/strong> nu este doar un dispozitiv de \u00eenc\u0103lzire sau r\u0103cire, ci un pas spre un viitor eficient din punct de vedere energetic. Folosind energie regenerabil\u0103, pompa de c\u0103ldur\u0103 reduce costurile cu energia \u0219i amprenta de carbon. Posibilitatea de utilizare pentru \u00eenc\u0103lzirea, r\u0103cirea cl\u0103dirilor, precum \u0219i <strong>pentru producerea de ap\u0103 cald\u0103 tehnologic\u0103 p\u00e2n\u0103 la +85\u00b0C<\/strong>. Ideal pentru instala\u021bii de produc\u021bie industrial\u0103 \u00een tandem cu panouri solare electrice pentru a ob\u021bine costuri zero.<\/p>\n<h4><strong>Concluzie<\/strong><\/h4>\n<p><strong>Pomp\u0103 de c\u0103ldur\u0103 aer-ap\u0103 100 kW SPLIT EVI<\/strong>, modelul <strong>AWHP100SFSE<\/strong>, combin\u0103 tehnologia avansat\u0103, fiabilitatea \u0219i respectul pentru mediu. Este o solu\u021bie ideal\u0103 pentru \u00eenc\u0103lzire, r\u0103cire \u0219i furnizare de ap\u0103 cald\u0103 \u00een orice condi\u021bii climatice. Opteaz\u0103 pentru un dispozitiv eficient energetic. <strong>Pomp\u0103 de c\u0103ldur\u0103 aer-ap\u0103 100 kW SPLIT EVI<\/strong> \u00ee\u021bi va servi mul\u021bi ani, oferindu-\u021bi confort \u0219i economii. Bucur\u0103-te de avantajele <strong>AWHP100SFSE<\/strong> \u0219i contribuie la un viitor mai ecologic!<\/p>\n<h4><strong>\u00centreb\u0103ri frecvente<\/strong><\/h4>\n<p><strong>Poate fi utilizat\u0103 pompa la -25\u00b0C?<\/strong> Da, acest model cu tehnologie EVI este conceput s\u0103 func\u021bioneze p\u00e2n\u0103 la -25\u00b0C.<\/p>\n<h4><strong>Care este temperatura maxim\u0103 de func\u021bionare?<\/strong><\/h4>\n<p>P\u00e2n\u0103 la +85\u00b0C datorit\u0103 unui compresor \u00een dou\u0103 trepte \u0219i r\u0103cirii prin injec\u021bie. <a href=\"https:\/\/altalheat.com\/ru\/product\/teplovoj-nasos-vozduh-voda-84-kvt\/\">Vezi \u0219i: Pomp\u0103 de c\u0103ldur\u0103 aer-ap\u0103 84 kW.<\/a><\/p>\n<h3><span class=\"ez-toc-section\" id=\"Produs_in_Republica_Moldova\"><\/span><span style=\"color: #ff0000;\"><strong>Produs \u00een Republica Moldova.<\/strong><\/span><span class=\"ez-toc-section-end\"><\/span><\/h3>\n","protected":false},"excerpt":{"rendered":"<h3><span style=\"color: #993366;\"><strong>Model AWHP100SFSE<\/strong><\/span><\/h3>\n<p><strong>Model SPLIT<\/strong> \u2014 cu module split \u0219i func\u021bie <strong>EVI<\/strong>. \u00cenc\u0103lzirea \u0219i r\u0103cirea suprafe\u021belor de p\u00e2n\u0103 la <strong>1100 m\u00b2<\/strong>. Asigur\u0103 \u00eenc\u0103lzirea apei p\u00e2n\u0103 la <strong><span style=\"color: #ff0000;\">+80\u00b0C \u2026 +85\u00b0C<\/span><\/strong> cu agent frigorific <span style=\"color: #008000;\"><strong>R1234ze(E)<\/strong><\/span> \u0219i p\u00e2n\u0103 la <strong><span style=\"color: #ff0000;\">+60\u00b0C \u2026 +70\u00b0C<\/span><\/strong> cu agent frigorific <span style=\"color: #008000;\"><strong>R513A<\/strong><\/span>, func\u021bioneaz\u0103 la temperaturi de la <strong><span style=\"color: #ff0000;\">-25\u00b0C la +43\u00b0C<\/span><\/strong>. Compresor cu vitez\u0103 fix\u0103.<\/p>\n<p><span style=\"color: #ff0000;\"><strong>FABRICAT \u00ceN MOLDOVA.<\/strong><\/span><\/p>\n","protected":false},"featured_media":7276,"comment_status":"open","ping_status":"closed","template":"","meta":{"_acf_changed":false,"om_disable_all_campaigns":false,"_monsterinsights_skip_tracking":false,"_monsterinsights_sitenote_active":false,"_monsterinsights_sitenote_note":"","_monsterinsights_sitenote_category":0,"_kadence_starter_templates_imported_post":true,"_kad_post_transparent":"default","_kad_post_title":"","_kad_post_layout":"default","_kad_post_sidebar_id":"","_kad_post_content_style":"default","_kad_post_vertical_padding":"default","_kad_post_feature":"","_kad_post_feature_position":"","_kad_post_header":false,"_kad_post_footer":false,"_kad_post_classname":"","jetpack_post_was_ever_published":false,"jetpack_publicize_message":"","jetpack_publicize_feature_enabled":true,"jetpack_social_post_already_shared":true,"jetpack_social_options":{"image_generator_settings":{"template":"highway","default_image_id":0,"enabled":false},"version":2}},"product_brand":[364],"product_cat":[37,23],"product_tag":[395,429,431,430,109],"class_list":{"0":"post-7790","1":"product","2":"type-product","3":"status-publish","4":"has-post-thumbnail","6":"product_brand-altal","7":"product_cat-pompe-de-caldura-altal","8":"product_cat-pompe-de-caldura-aer-apa-pro","9":"product_tag-85c","10":"product_tag-aer-apa","11":"product_tag-chisinau-2","12":"product_tag-moldova","13":"product_tag-pompa-de-caldura-2","14":"product_shipping_class-heavy-packages","15":"pa_compresor-viteza-fixa","16":"pa_injectie-cu-vapori-evi-injectie-cu-vapori","17":"pa_tip-pompa-de-caldura-aer-apa","19":"first","20":"onbackorder","21":"featured","22":"taxable","23":"shipping-taxable","24":"purchasable","25":"product-type-simple","26":"add-to-wishlist-after_add_to_cart","27":"entry","28":"content-bg","29":"loop-entry"},"acf":[],"jetpack_publicize_connections":[],"jetpack_sharing_enabled":true,"jetpack_likes_enabled":true,"_links":{"self":[{"href":"https:\/\/altalheat.com\/ro\/wp-json\/wp\/v2\/product\/7790","targetHints":{"allow":["GET"]}}],"collection":[{"href":"https:\/\/altalheat.com\/ro\/wp-json\/wp\/v2\/product"}],"about":[{"href":"https:\/\/altalheat.com\/ro\/wp-json\/wp\/v2\/types\/product"}],"replies":[{"embeddable":true,"href":"https:\/\/altalheat.com\/ro\/wp-json\/wp\/v2\/comments?post=7790"}],"version-history":[{"count":7,"href":"https:\/\/altalheat.com\/ro\/wp-json\/wp\/v2\/product\/7790\/revisions"}],"predecessor-version":[{"id":8197,"href":"https:\/\/altalheat.com\/ro\/wp-json\/wp\/v2\/product\/7790\/revisions\/8197"}],"wp:featuredmedia":[{"embeddable":true,"href":"https:\/\/altalheat.com\/ro\/wp-json\/wp\/v2\/media\/7276"}],"wp:attachment":[{"href":"https:\/\/altalheat.com\/ro\/wp-json\/wp\/v2\/media?parent=7790"}],"wp:term":[{"taxonomy":"product_brand","embeddable":true,"href":"https:\/\/altalheat.com\/ro\/wp-json\/wp\/v2\/product_brand?post=7790"},{"taxonomy":"product_cat","embeddable":true,"href":"https:\/\/altalheat.com\/ro\/wp-json\/wp\/v2\/product_cat?post=7790"},{"taxonomy":"product_tag","embeddable":true,"href":"https:\/\/altalheat.com\/ro\/wp-json\/wp\/v2\/product_tag?post=7790"}],"curies":[{"name":"wp","href":"https:\/\/api.w.org\/{rel}","templated":true}]}}