{"id":7205,"date":"2025-06-04T12:49:07","date_gmt":"2025-06-04T10:49:07","guid":{"rendered":"https:\/\/altalheat.com\/?post_type=product&#038;p=7205"},"modified":"2025-09-29T16:03:41","modified_gmt":"2025-09-29T13:03:41","slug":"pompa-de-caldura-aer-apa-30-kw-evi-split-dc","status":"publish","type":"product","link":"https:\/\/altalheat.com\/ro\/pompa-de-caldura-aer-apa-30-kw-evi-split-dc\/","title":{"rendered":"Pomp\u0103 de c\u0103ldur\u0103 aer-ap\u0103 30 kW EVI SPLIT DC"},"content":{"rendered":"<div id=\"ez-toc-container\" class=\"ez-toc-v2_0_74 counter-flat ez-toc-counter ez-toc-grey ez-toc-container-direction\">\n<div class=\"ez-toc-title-container\">\n<span class=\"ez-toc-title-toggle\"><a href=\"#\" class=\"ez-toc-pull-right ez-toc-btn ez-toc-btn-xs ez-toc-btn-default ez-toc-toggle\" aria-label=\"Toggle Table of Content\"><span class=\"ez-toc-js-icon-con\"><span class=\"\"><span class=\"eztoc-hide\" style=\"display:none;\">Toggle<\/span><span class=\"ez-toc-icon-toggle-span\"><svg style=\"fill: #999;color:#999\" xmlns=\"http:\/\/www.w3.org\/2000\/svg\" class=\"list-377408\" width=\"20px\" height=\"20px\" viewBox=\"0 0 24 24\" fill=\"none\"><path d=\"M6 6H4v2h2V6zm14 0H8v2h12V6zM4 11h2v2H4v-2zm16 0H8v2h12v-2zM4 16h2v2H4v-2zm16 0H8v2h12v-2z\" fill=\"currentColor\"><\/path><\/svg><svg style=\"fill: #999;color:#999\" class=\"arrow-unsorted-368013\" xmlns=\"http:\/\/www.w3.org\/2000\/svg\" width=\"10px\" height=\"10px\" viewBox=\"0 0 24 24\" version=\"1.2\" baseProfile=\"tiny\"><path d=\"M18.2 9.3l-6.2-6.3-6.2 6.3c-.2.2-.3.4-.3.7s.1.5.3.7c.2.2.4.3.7.3h11c.3 0 .5-.1.7-.3.2-.2.3-.5.3-.7s-.1-.5-.3-.7zM5.8 14.7l6.2 6.3 6.2-6.3c.2-.2.3-.5.3-.7s-.1-.5-.3-.7c-.2-.2-.4-.3-.7-.3h-11c-.3 0-.5.1-.7.3-.2.2-.3.5-.3.7s.1.5.3.7z\"\/><\/svg><\/span><\/span><\/span><\/a><\/span><\/div>\n<nav><ul class='ez-toc-list ez-toc-list-level-1 eztoc-toggle-hide-by-default' ><li class='ez-toc-page-1'><a class=\"ez-toc-link ez-toc-heading-1\" href=\"https:\/\/altalheat.com\/ro\/pompa-de-caldura-aer-apa-30-kw-evi-split-dc\/#Pompa_de_caldura_aer-apa_30_kW_EVI_SPLIT_DC_model_AWHP30SDCH3\">Pomp\u0103 de c\u0103ldur\u0103 aer-ap\u0103 30 kW EVI SPLIT DC model AWHP30SDCH3<\/a><\/li><li class='ez-toc-page-1'><a class=\"ez-toc-link ez-toc-heading-2\" href=\"https:\/\/altalheat.com\/ro\/pompa-de-caldura-aer-apa-30-kw-evi-split-dc\/#Caracteristici\">Caracteristici<\/a><\/li><li class='ez-toc-page-1'><a class=\"ez-toc-link ez-toc-heading-3\" href=\"https:\/\/altalheat.com\/ro\/pompa-de-caldura-aer-apa-30-kw-evi-split-dc\/#Avantajele_pompei_de_caldura\">Avantajele pompei de c\u0103ldur\u0103<\/a><\/li><li class='ez-toc-page-1'><a class=\"ez-toc-link ez-toc-heading-4\" href=\"https:\/\/altalheat.com\/ro\/pompa-de-caldura-aer-apa-30-kw-evi-split-dc\/#Aplicatii\">Aplicatii<\/a><\/li><li class='ez-toc-page-1'><a class=\"ez-toc-link ez-toc-heading-5\" href=\"https:\/\/altalheat.com\/ro\/pompa-de-caldura-aer-apa-30-kw-evi-split-dc\/#Independenta_fata_de_combustibil\">Independen\u021b\u0103 fa\u021b\u0103 de combustibil<\/a><\/li><li class='ez-toc-page-1'><a class=\"ez-toc-link ez-toc-heading-6\" href=\"https:\/\/altalheat.com\/ro\/pompa-de-caldura-aer-apa-30-kw-evi-split-dc\/#Suport_pentru_functionare_stabila_in_conditii_de_ger\">Suport pentru func\u021bionare stabil\u0103 \u00een condi\u021bii de ger<\/a><\/li><li class='ez-toc-page-1'><a class=\"ez-toc-link ez-toc-heading-7\" href=\"https:\/\/altalheat.com\/ro\/pompa-de-caldura-aer-apa-30-kw-evi-split-dc\/#Comparativ_cu_alte_sisteme\">Comparativ cu alte sisteme<\/a><\/li><li class='ez-toc-page-1'><a class=\"ez-toc-link ez-toc-heading-8\" href=\"https:\/\/altalheat.com\/ro\/pompa-de-caldura-aer-apa-30-kw-evi-split-dc\/#De_ce_sa_alegeti_pompa_de_caldura_aer-apa_30_kW_EVI_SPLIT_DC_AWHP30SDCH3\">De ce s\u0103 alege\u021bi pomp\u0103 de c\u0103ldur\u0103 aer-ap\u0103 30 kW EVI SPLIT DC AWHP30SDCH3?<\/a><\/li><\/ul><\/nav><\/div>\n\n<h1><span class=\"ez-toc-section\" id=\"Pompa_de_caldura_aer-apa_30_kW_EVI_SPLIT_DC_model_AWHP30SDCH3\"><\/span>Pomp\u0103 de c\u0103ldur\u0103 aer-ap\u0103 30 kW EVI SPLIT DC model AWHP30SDCH3<span class=\"ez-toc-section-end\"><\/span><\/h1>\n<p>\u2014 este o solu\u021bie modern\u0103 \u0219i fiabil\u0103 pentru \u00eenc\u0103lzirea \u0219i r\u0103cirea spa\u021biilor. O solu\u021bie excelent\u0103 pentru nevoile tehnologice ale \u00eentreprinderilor din domeniul lactatelor, farmaceutic, fabricarea berii \u0219i altele. <em>\u00cen primul r\u00e2nd<\/em>, utilizeaz\u0103 c\u0103ldura aerului \u00eenconjur\u0103tor, ceea ce permite reducerea semnificativ\u0103 a costurilor de \u00eenc\u0103lzire \u0219i produc\u021bie de ap\u0103 cald\u0103 cu temperatur\u0103 \u00eenalt\u0103. <em>\u00cen plus<\/em>, aceast\u0103 pomp\u0103 demonstreaz\u0103 o eficien\u021b\u0103 ridicat\u0103 chiar \u0219i la temperaturi exterioare relativ sc\u0103zute, f\u0103c\u00e2nd-o potrivit\u0103 pentru utilizarea \u00een diferite condi\u021bii climatice.<\/p>\n<hr \/>\n<h2><span class=\"ez-toc-section\" id=\"Caracteristici\"><\/span><strong>Caracteristici<\/strong><span class=\"ez-toc-section-end\"><\/span><\/h2>\n<h4><strong>Performan\u021b\u0103 ridicat\u0103<\/strong><\/h4>\n<p><a href=\"https:\/\/altalheat.com\/ru\/katalog\/teplovye-nasosy\/vozduh-voda\/\"><strong>Pomp\u0103 de c\u0103ldur\u0103 aer-ap\u0103 30 kW EVI SPLIT DC model AWHP30SDCH3<\/strong><\/a> este capabil\u0103 s\u0103 \u00eenc\u0103lzeasc\u0103 \u0219i s\u0103 r\u0103ceasc\u0103 spa\u021bii de la <strong>130 p\u00e2n\u0103 la 340 m\u00b2<\/strong>. <em>Astfel<\/em>, se potrive\u0219te perfect at\u00e2t pentru case particulare, c\u00e2t \u0219i pentru birouri mici sau \u00eentreprinderi. <em>De asemenea<\/em>, modelul asigur\u0103 un climat stabil iarna \u0219i r\u0103coare vara, fiind o alegere versatil\u0103. Prin utilizarea panourilor solare electrice, poate fi ob\u021binut un sistem cu costuri zero pentru \u00eenc\u0103lzire, r\u0103cire \u0219i prepararea apei calde.<\/p>\n<h4><strong>Eficien\u021b\u0103 energetic\u0103<\/strong><\/h4>\n<p><strong>Pomp\u0103 de c\u0103ldur\u0103 aer-ap\u0103 30 kW EVI SPLIT DC<\/strong> au un coeficient de performan\u021b\u0103 (COP) ridicat, adesea dep\u0103\u0219ind valoarea <strong> &gt; 4.2<\/strong> atunci c\u00e2nd se utilizeaz\u0103 sistemul <span style=\"color: #0000ff;\"><strong>EVI<\/strong><\/span>. <em>Cu alte cuvinte<\/em>, fiecare kilowatt de energie consumat\u0103 se transform\u0103 \u00een mai mul\u021bi kilowa\u021bi de c\u0103ldur\u0103. <em>Prin urmare<\/em>, utilizarea unui astfel de dispozitiv reduce semnificativ costurile de exploatare.<\/p>\n<h4><strong>Rezisten\u021b\u0103 la temperaturi sc\u0103zute<\/strong><\/h4>\n<p><strong>Pomp\u0103 de c\u0103ldur\u0103 aer-ap\u0103 30 kW EVI SPLIT DC<\/strong> poate func\u021biona la temperaturi de p\u00e2n\u0103 la <span style=\"color: #ff0000;\"><strong>-25 \u00b0C &#8230; -30\u00b0C mediul exterior \u0219i pot produce ap\u0103 cu temperaturi de ie\u0219ire de p\u00e2n\u0103 la +60\u00b0C\u00a0 (la comand\u0103 +90\u00b0C)<\/strong><\/span>. <em>Datorit\u0103 acestui fapt<\/em>, asigur\u0103 o func\u021bionare stabil\u0103 chiar \u0219i \u00een cele mai dure condi\u021bii de iarn\u0103. <em>Acest lucru devine posibil<\/em> datorit\u0103 tehnologiilor moderne, precum <strong><a href=\"https:\/\/www.hpac.com\/training\/article\/21244075\/refrigeration-basics-vapor-injection-and-the-refrigeration-cycle\" target=\"_blank\" rel=\"noopener\">sistemul EVI (injec\u021bie de vapori)<\/a> <\/strong>\u0219i controlului invertor. Modelele pot fi livrate \u0219i cu alte tipuri de refrigeran\u021bi.<\/p>\n<h4><strong>Automatizare \u0219i control<\/strong><\/h4>\n<p><em>\u00cen plus<\/em>, multe modele <a href=\"https:\/\/altalheat.com\/ru\/katalog\/teplovye-nasosy\/grunt-voda\/\"><strong>Pomp\u0103 de c\u0103ldur\u0103 aer-ap\u0103 30 kW EVI SPLIT DC <\/strong><\/a>\u00a0pot fi integrate cu sisteme de locuin\u021be inteligente. <em>Astfel<\/em>, utilizatorul are posibilitatea de a controla dispozitivul prin aplica\u021bii mobile sau controlere speciale.<\/p>\n<h4><strong>Versatilitate \u00een utilizare<\/strong><\/h4>\n<p><a href=\"https:\/\/altalheat.com\/ru\/katalog\/teplovye-nasosy\/vozduh-voda\/\"><strong>Pomp\u0103 de c\u0103ldur\u0103 aer-ap\u0103 30 kW EVI SPLIT DC <\/strong><\/a> nu este destinat\u0103 doar pentru \u00eenc\u0103lzire, ci \u0219i pentru r\u0103cirea spa\u021biilor. <em>De asemenea<\/em>, poate fi utilizat\u0103 pentru \u00eenc\u0103lzirea apei, men\u021bin\u00e2nd o temperatur\u0103 confortabil\u0103 \u00een baie sau buc\u0103t\u0103rie.<\/p>\n<hr \/>\n<h3><span class=\"ez-toc-section\" id=\"Avantajele_pompei_de_caldura\"><\/span><strong>Avantajele pompei de c\u0103ldur\u0103<\/strong><span class=\"ez-toc-section-end\"><\/span><\/h3>\n<h4><strong>Ecologic\u0103<\/strong><\/h4>\n<p><strong>Pomp\u0103 de c\u0103ldur\u0103 aer-ap\u0103 30 kW EVI SPLIT DC<\/strong> nu elibereaz\u0103 dioxid de carbon \u00een atmosfer\u0103, <em>de aceea<\/em> este considerat\u0103 o solu\u021bie ecologic\u0103. <em>\u00cen plus<\/em>, contribuie la reducerea amprentei de carbon, fiind deosebit de important\u0103 pentru utilizatorii responsabili.<\/p>\n<h4><strong>Costuri de exploatare reduse<\/strong><\/h4>\n<p>Spre deosebire de cazanele tradi\u021bionale, pompa de c\u0103ldur\u0103 aer-ap\u0103 folose\u0219te p\u00e2n\u0103 la 75% energie gratuit\u0103 din aer. <em>Astfel<\/em>, costurile de operare sunt mult mai mici, comparativ cu utilizarea gazelor sau electricit\u0103\u021bii.<\/p>\n<h4><strong>Durabilitate \u0219i fiabilitate<\/strong><\/h4>\n<p><em>Mai mult<\/em>, durata de via\u021b\u0103 a pompei de c\u0103ldur\u0103 poate ajunge la <strong>&gt; 15-20 de ani<\/strong> dac\u0103 este utilizat\u0103 corect. <em>Prin urmare<\/em>, reprezint\u0103 o investi\u021bie pe termen lung, cu economii substan\u021biale.<\/p>\n<h4><strong>U\u0219urin\u021ba instal\u0103rii<\/strong><\/h4>\n<p>Sistemele aer-ap\u0103 necesit\u0103 mai pu\u021bine costuri pentru instalare comparativ cu modele similare <strong><a href=\"https:\/\/altalheat.com\/ru\/katalog\/teplovye-nasosy\/grunt-voda\/\">sol-ap\u0103<\/a><\/strong>. <em>De aceea<\/em>, sunt mai accesibile pentru majoritatea consumatorilor. Totu\u0219i, este necesar s\u0103 se \u021bin\u0103 cont de factorul de sc\u0103dere a puterii termice \u0219i eficien\u021bei la temperaturi exterioare sc\u0103zute (consulta\u021bi graficele).<\/p>\n<hr \/>\n<h3><span class=\"ez-toc-section\" id=\"Aplicatii\"><\/span><strong>Aplicatii<\/strong><span class=\"ez-toc-section-end\"><\/span><\/h3>\n<ul>\n<li><strong>\u00cenc\u0103lzire<\/strong>: Pompa poate men\u021bine o temperatur\u0103 confortabil\u0103 chiar \u0219i \u00een condi\u021bii de frig extrem.<\/li>\n<li><strong>Aquacultur\u0103<\/strong>: Dispozitivul poate fi conectat la sistemul de ap\u0103 cald\u0103 menajer\u0103, elimin\u00e2nd necesitatea utiliz\u0103rii boilerelor electrice.<\/li>\n<li><strong>R\u0103cire<\/strong>: <em>De asemenea<\/em>, vara pompa func\u021bioneaz\u0103 pentru r\u0103cire, asigur\u00e2nd confort \u00een sezonul cald.<\/li>\n<\/ul>\n<h3><span class=\"ez-toc-section\" id=\"Independenta_fata_de_combustibil\"><\/span><strong>Independen\u021b\u0103 fa\u021b\u0103 de combustibil<\/strong><span class=\"ez-toc-section-end\"><\/span><\/h3>\n<ul>\n<li>Sistemul nu depinde de livr\u0103rile de gaze, lemne sau c\u0103rbune, fiind esen\u021bial \u00een zone \u00eendep\u0103rtate sau f\u0103r\u0103 acces la re\u021bea energetic\u0103.<\/li>\n<\/ul>\n<h3><span class=\"ez-toc-section\" id=\"Suport_pentru_functionare_stabila_in_conditii_de_ger\"><\/span><strong>Suport pentru func\u021bionare stabil\u0103 \u00een condi\u021bii de ger<\/strong><span class=\"ez-toc-section-end\"><\/span><\/h3>\n<ul>\n<li>Modelele moderne pot func\u021biona eficient chiar \u0219i la temperaturi de p\u00e2n\u0103 la <strong>-20\u00b0C<\/strong>.<\/li>\n<\/ul>\n<h3><span class=\"ez-toc-section\" id=\"Comparativ_cu_alte_sisteme\"><\/span>Comparativ cu alte sisteme<span class=\"ez-toc-section-end\"><\/span><\/h3>\n<table style=\"width: 59.3432%;\" border=\"1\">\n<thead>\n<tr>\n<th style=\"width: 23.7552%;\">Caracteristici<\/th>\n<th style=\"width: 30.3488%;\">Pomp\u0103 de c\u0103ldur\u0103 aer-ap\u0103<\/th>\n<th style=\"width: 23.034%;\">Cazane pe gaz<\/th>\n<th style=\"width: 53.3726%;\">Cazane electrice<\/th>\n<\/tr>\n<\/thead>\n<tbody>\n<tr>\n<td style=\"width: 23.7552%;\">Energie regenerabil\u0103<\/td>\n<td style=\"width: 30.3488%;\">\u2705<\/td>\n<td style=\"width: 23.034%;\">\u274c<\/td>\n<td style=\"width: 53.3726%;\">\u274c<\/td>\n<\/tr>\n<tr>\n<td style=\"width: 23.7552%;\">Costuri de combustibil<\/td>\n<td style=\"width: 30.3488%;\">\u274c<\/td>\n<td style=\"width: 23.034%;\">\u2705<\/td>\n<td style=\"width: 53.3726%;\">\u2705<\/td>\n<\/tr>\n<tr>\n<td style=\"width: 23.7552%;\">Eficien\u021b\u0103 energetic\u0103<\/td>\n<td style=\"width: 30.3488%;\">\u2705<\/td>\n<td style=\"width: 23.034%;\">Medie<\/td>\n<td style=\"width: 53.3726%;\">Sc\u0103zut\u0103<\/td>\n<\/tr>\n<tr>\n<td style=\"width: 23.7552%;\">Ecologicitate<\/td>\n<td style=\"width: 30.3488%;\">\u2705<\/td>\n<td style=\"width: 23.034%;\">\u274c<\/td>\n<td style=\"width: 53.3726%;\">Medie<\/td>\n<\/tr>\n<\/tbody>\n<\/table>\n<h2><span class=\"ez-toc-section\" id=\"De_ce_sa_alegeti_pompa_de_caldura_aer-apa_30_kW_EVI_SPLIT_DC_AWHP30SDCH3\"><\/span>De ce s\u0103 alege\u021bi <strong>pomp\u0103 de c\u0103ldur\u0103 aer-ap\u0103 30 kW EVI SPLIT DC<\/strong> AWHP30SDCH3?<span class=\"ez-toc-section-end\"><\/span><\/h2>\n<ul>\n<li>Versatilitate: Versiunile <strong>SPLIT<\/strong> sunt potrivite pentru orice condi\u021bii.<\/li>\n<li>Eficien\u021b\u0103 energetic\u0103: Economie semnificativ\u0103 de costuri pentru \u00eenc\u0103lzire \u0219i r\u0103cire.<\/li>\n<li>Ecologicitate: Siguran\u021b\u0103 pentru mediu datorit\u0103 refrigerantului.<\/li>\n<li>Fiabilitate: Dispozitivul func\u021bioneaz\u0103 \u00een cele mai dure condi\u021bii climatice.<\/li>\n<\/ul>\n<p>Achizi\u021biona\u021bi o pomp\u0103 de c\u0103ldur\u0103 pentru \u00eenc\u0103lzirea casei p\u00e2n\u0103 la <strong>340 m\u00b2<\/strong>.<\/p>\n<ul>\n<li>Produc\u021bie: <span style=\"color: #0000ff;\"><strong>Suntem fabrican\u021bi de pompe de c\u0103ldur\u0103<\/strong><\/span>. Prime\u0219ti echipamentul direct de la fabric\u0103.<\/li>\n<li>V\u00e2nzare: O gam\u0103 larg\u0103 de pompe de c\u0103ldur\u0103 asamblate de noi \u00een Moldova \u0219i Rom\u00e2nia. V\u0103 ajut\u0103m s\u0103 alege\u021bi solu\u021bia perfect\u0103 pentru nevoile dvs.<\/li>\n<li>Instalare: Montaj profesional, adaptat specificului casei sau companiei dvs.<\/li>\n<li>Servicii: \u00centre\u021binere tehnic\u0103 regulat\u0103 \u0219i asisten\u021b\u0103 rapid\u0103 pentru o func\u021bionare durabil\u0103 \u0219i stabil\u0103.<\/li>\n<li>Garan\u021bie: \u00cen perioada de garan\u021bie, pute\u021bi beneficia de diagnosticare \u0219i repara\u021bii gratuite ale echipamentului.<\/li>\n<\/ul>\n<p>Conform datelor <a href=\"https:\/\/www.irena.org\/\" target=\"_new\" rel=\"noopener\">Agen\u021biei Interna\u021bionale pentru Surse de Energie regenerabil\u0103 (IRENA)<\/a>, pompele de c\u0103ldur\u0103 sunt unele dintre cele mai eficiente metode de \u00eenc\u0103lzire.<\/p>\n<h4><strong>Po\u021bi cump\u0103ra direct din fabric\u0103 \u00een Chi\u0219in\u0103u, o pomp\u0103 de c\u0103ldur\u0103 aer-ap\u0103 30 kW.<\/strong><\/h4>\n<p><span style=\"color: #ff0000;\"><strong>FABRICAT \u00ceN MOLDOVA.<\/strong><\/span><\/p>\n<hr \/>\n","protected":false},"excerpt":{"rendered":"<h4><span style=\"color: #800080;\">Modelul AWHP30SDCH3<\/span><\/h4>\n<p>Sistem cu module separate (<strong>SPLIT<\/strong>). Temperatura de ie\u0219ire a apei p\u00e2n\u0103 la <span style=\"color: #ff0000;\"><strong>+60\u00b0C Standard (la comand\u0103 +90\u00b0C)<\/strong><\/span>. Func\u021bie de injec\u021bie de vapori (<span style=\"color: #008000;\"><strong>EVI<\/strong><\/span>), compresor invertor, acces de la distan\u021b\u0103. Pentru \u00eenc\u0103lzirea spa\u021biilor de p\u00e2n\u0103 la <span style=\"color: #0000ff;\"><strong>340 m\u00b2<\/strong><\/span>. Alimentare 380 V, 50 Hz.<\/p>\n<p><span style=\"color: #ff0000;\"><strong>Produc\u021bie \u00een Republica Moldova.<\/strong><\/span><\/p>\n","protected":false},"featured_media":8214,"comment_status":"open","ping_status":"closed","template":"","meta":{"_acf_changed":false,"om_disable_all_campaigns":false,"_monsterinsights_skip_tracking":false,"_monsterinsights_sitenote_active":false,"_monsterinsights_sitenote_note":"","_monsterinsights_sitenote_category":0,"_kadence_starter_templates_imported_post":true,"_kad_post_transparent":"default","_kad_post_title":"","_kad_post_layout":"default","_kad_post_sidebar_id":"","_kad_post_content_style":"default","_kad_post_vertical_padding":"default","_kad_post_feature":"","_kad_post_feature_position":"","_kad_post_header":false,"_kad_post_footer":false,"_kad_post_classname":"","jetpack_post_was_ever_published":false,"jetpack_publicize_message":"","jetpack_publicize_feature_enabled":true,"jetpack_social_post_already_shared":true,"jetpack_social_options":{"image_generator_settings":{"template":"highway","default_image_id":0,"enabled":false},"version":2}},"product_brand":[364],"product_cat":[23,37],"product_tag":[391,221,388,215,227,240,363,216,356,393,178,383],"class_list":{"0":"post-7205","1":"product","2":"type-product","3":"status-publish","4":"has-post-thumbnail","6":"product_brand-altal","7":"product_cat-pompe-de-caldura-aer-apa-pro","8":"product_cat-pompe-de-caldura-altal","9":"product_tag-20c","10":"product_tag-30-kw","11":"product_tag-340-m","12":"product_tag-apa-calda-menajera","13":"product_tag-dc","14":"product_tag-evi","15":"product_tag-in-chisinau","16":"product_tag-in-moldova","17":"product_tag-pompa-de-caldura-aer-apa","18":"product_tag-r1234ze","19":"product_tag-racire","20":"product_tag-split","21":"product_shipping_class-heavy-packages","22":"pa_compresor-dc-invertor","23":"pa_model-split","24":"pa_putere-termica-kw-30-kw","25":"pa_tip-pompa-de-caldura-aer-apa","27":"first","28":"onbackorder","29":"featured","30":"taxable","31":"shipping-taxable","32":"purchasable","33":"product-type-simple","34":"add-to-wishlist-after_add_to_cart","35":"entry","36":"content-bg","37":"loop-entry"},"acf":[],"jetpack_publicize_connections":[],"jetpack_sharing_enabled":true,"jetpack_likes_enabled":true,"_links":{"self":[{"href":"https:\/\/altalheat.com\/ro\/wp-json\/wp\/v2\/product\/7205","targetHints":{"allow":["GET"]}}],"collection":[{"href":"https:\/\/altalheat.com\/ro\/wp-json\/wp\/v2\/product"}],"about":[{"href":"https:\/\/altalheat.com\/ro\/wp-json\/wp\/v2\/types\/product"}],"replies":[{"embeddable":true,"href":"https:\/\/altalheat.com\/ro\/wp-json\/wp\/v2\/comments?post=7205"}],"version-history":[{"count":8,"href":"https:\/\/altalheat.com\/ro\/wp-json\/wp\/v2\/product\/7205\/revisions"}],"predecessor-version":[{"id":8216,"href":"https:\/\/altalheat.com\/ro\/wp-json\/wp\/v2\/product\/7205\/revisions\/8216"}],"wp:featuredmedia":[{"embeddable":true,"href":"https:\/\/altalheat.com\/ro\/wp-json\/wp\/v2\/media\/8214"}],"wp:attachment":[{"href":"https:\/\/altalheat.com\/ro\/wp-json\/wp\/v2\/media?parent=7205"}],"wp:term":[{"taxonomy":"product_brand","embeddable":true,"href":"https:\/\/altalheat.com\/ro\/wp-json\/wp\/v2\/product_brand?post=7205"},{"taxonomy":"product_cat","embeddable":true,"href":"https:\/\/altalheat.com\/ro\/wp-json\/wp\/v2\/product_cat?post=7205"},{"taxonomy":"product_tag","embeddable":true,"href":"https:\/\/altalheat.com\/ro\/wp-json\/wp\/v2\/product_tag?post=7205"}],"curies":[{"name":"wp","href":"https:\/\/api.w.org\/{rel}","templated":true}]}}