{"id":7189,"date":"2025-06-03T21:15:28","date_gmt":"2025-06-03T19:15:28","guid":{"rendered":"https:\/\/altalheat.com\/?post_type=product&#038;p=7189"},"modified":"2025-06-13T16:27:34","modified_gmt":"2025-06-13T13:27:34","slug":"pompa-de-caldura-aer-apa-19-kw-split-dc-evi","status":"publish","type":"product","link":"https:\/\/altalheat.com\/ro\/pompa-de-caldura-aer-apa-19-kw-split-dc-evi\/","title":{"rendered":"Pompa de c\u0103ldur\u0103 aer-ap\u0103 19 kW SPLIT DC EVI"},"content":{"rendered":"<div id=\"ez-toc-container\" class=\"ez-toc-v2_0_74 counter-flat ez-toc-counter ez-toc-grey ez-toc-container-direction\">\n<div class=\"ez-toc-title-container\">\n<span class=\"ez-toc-title-toggle\"><a href=\"#\" class=\"ez-toc-pull-right ez-toc-btn ez-toc-btn-xs ez-toc-btn-default ez-toc-toggle\" aria-label=\"Toggle Table of Content\"><span class=\"ez-toc-js-icon-con\"><span class=\"\"><span class=\"eztoc-hide\" style=\"display:none;\">Toggle<\/span><span class=\"ez-toc-icon-toggle-span\"><svg style=\"fill: #999;color:#999\" xmlns=\"http:\/\/www.w3.org\/2000\/svg\" class=\"list-377408\" width=\"20px\" height=\"20px\" viewBox=\"0 0 24 24\" fill=\"none\"><path d=\"M6 6H4v2h2V6zm14 0H8v2h12V6zM4 11h2v2H4v-2zm16 0H8v2h12v-2zM4 16h2v2H4v-2zm16 0H8v2h12v-2z\" fill=\"currentColor\"><\/path><\/svg><svg style=\"fill: #999;color:#999\" class=\"arrow-unsorted-368013\" xmlns=\"http:\/\/www.w3.org\/2000\/svg\" width=\"10px\" height=\"10px\" viewBox=\"0 0 24 24\" version=\"1.2\" baseProfile=\"tiny\"><path d=\"M18.2 9.3l-6.2-6.3-6.2 6.3c-.2.2-.3.4-.3.7s.1.5.3.7c.2.2.4.3.7.3h11c.3 0 .5-.1.7-.3.2-.2.3-.5.3-.7s-.1-.5-.3-.7zM5.8 14.7l6.2 6.3 6.2-6.3c.2-.2.3-.5.3-.7s-.1-.5-.3-.7c-.2-.2-.4-.3-.7-.3h-11c-.3 0-.5.1-.7.3-.2.2-.3.5-.3.7s.1.5.3.7z\"\/><\/svg><\/span><\/span><\/span><\/a><\/span><\/div>\n<nav><ul class='ez-toc-list ez-toc-list-level-1 eztoc-toggle-hide-by-default' ><li class='ez-toc-page-1'><a class=\"ez-toc-link ez-toc-heading-1\" href=\"https:\/\/altalheat.com\/ro\/pompa-de-caldura-aer-apa-19-kw-split-dc-evi\/#Pompa_de_caldura_aer-apa_19_kW_SPLIT_DC_EVI_model_AWHP19SDCE3\">Pompa de c\u0103ldur\u0103 aer-ap\u0103 19 kW SPLIT DC EVI model AWHP19SDCE3<\/a><\/li><li class='ez-toc-page-1'><a class=\"ez-toc-link ez-toc-heading-2\" href=\"https:\/\/altalheat.com\/ro\/pompa-de-caldura-aer-apa-19-kw-split-dc-evi\/#Caracteristici\">Caracteristici<\/a><\/li><li class='ez-toc-page-1'><a class=\"ez-toc-link ez-toc-heading-3\" href=\"https:\/\/altalheat.com\/ro\/pompa-de-caldura-aer-apa-19-kw-split-dc-evi\/#Performanta_ridicata\">Performan\u021b\u0103 ridicat\u0103<\/a><\/li><li class='ez-toc-page-1'><a class=\"ez-toc-link ez-toc-heading-4\" href=\"https:\/\/altalheat.com\/ro\/pompa-de-caldura-aer-apa-19-kw-split-dc-evi\/#Eficienta_energetica\">Eficien\u021b\u0103 energetic\u0103<\/a><\/li><li class='ez-toc-page-1'><a class=\"ez-toc-link ez-toc-heading-5\" href=\"https:\/\/altalheat.com\/ro\/pompa-de-caldura-aer-apa-19-kw-split-dc-evi\/#Rezistenta_la_temperaturi_scazute\">Rezisten\u021b\u0103 la temperaturi sc\u0103zute<\/a><\/li><li class='ez-toc-page-1'><a class=\"ez-toc-link ez-toc-heading-6\" href=\"https:\/\/altalheat.com\/ro\/pompa-de-caldura-aer-apa-19-kw-split-dc-evi\/#Automatizare_si_control\">Automatizare \u0219i control<\/a><\/li><li class='ez-toc-page-1'><a class=\"ez-toc-link ez-toc-heading-7\" href=\"https:\/\/altalheat.com\/ro\/pompa-de-caldura-aer-apa-19-kw-split-dc-evi\/#Versatilitate_in_utilizare\">Versatilitate \u00een utilizare<\/a><\/li><li class='ez-toc-page-1'><a class=\"ez-toc-link ez-toc-heading-8\" href=\"https:\/\/altalheat.com\/ro\/pompa-de-caldura-aer-apa-19-kw-split-dc-evi\/#Avantajele_pompei_de_caldura\">Avantajele pompei de c\u0103ldur\u0103<\/a><\/li><li class='ez-toc-page-1'><a class=\"ez-toc-link ez-toc-heading-9\" href=\"https:\/\/altalheat.com\/ro\/pompa-de-caldura-aer-apa-19-kw-split-dc-evi\/#Aplicatii\">Aplica\u021bii<\/a><\/li><li class='ez-toc-page-1'><a class=\"ez-toc-link ez-toc-heading-10\" href=\"https:\/\/altalheat.com\/ro\/pompa-de-caldura-aer-apa-19-kw-split-dc-evi\/#Independenta_fata_de_combustibil\">Independen\u021b\u0103 fa\u021b\u0103 de combustibil<\/a><\/li><li class='ez-toc-page-1'><a class=\"ez-toc-link ez-toc-heading-11\" href=\"https:\/\/altalheat.com\/ro\/pompa-de-caldura-aer-apa-19-kw-split-dc-evi\/#Sprijin_pentru_functionare_stabila_la_temperaturi_de_inghet\">Sprijin pentru func\u021bionare stabil\u0103 la temperaturi de \u00eenghe\u021b<\/a><\/li><li class='ez-toc-page-1'><a class=\"ez-toc-link ez-toc-heading-12\" href=\"https:\/\/altalheat.com\/ro\/pompa-de-caldura-aer-apa-19-kw-split-dc-evi\/#Comparativ_cu_alte_sisteme\">Comparativ cu alte sisteme<\/a><\/li><li class='ez-toc-page-1'><a class=\"ez-toc-link ez-toc-heading-13\" href=\"https:\/\/altalheat.com\/ro\/pompa-de-caldura-aer-apa-19-kw-split-dc-evi\/#De_ce_sa_alegi_pompa_de_caldura_aer-apa_19_kW_SPLIT_DC_EVI_AWHP19SDCE3\">De ce s\u0103 alegi pompa de c\u0103ldur\u0103 aer-ap\u0103 19 kW SPLIT DC EVI AWHP19SDCE3?<\/a><\/li><li class='ez-toc-page-1'><a class=\"ez-toc-link ez-toc-heading-14\" href=\"https:\/\/altalheat.com\/ro\/pompa-de-caldura-aer-apa-19-kw-split-dc-evi\/#Oferim_o_gama_completa_de_servicii_pentru_pompe_de_caldura_pentru_a_va_asigura_confortul_tot_anul\">Oferim o gam\u0103 complet\u0103 de servicii pentru pompe de c\u0103ldur\u0103, pentru a v\u0103 asigura confortul tot anul:<\/a><\/li><\/ul><\/nav><\/div>\n\n<h1><span class=\"ez-toc-section\" id=\"Pompa_de_caldura_aer-apa_19_kW_SPLIT_DC_EVI_model_AWHP19SDCE3\"><\/span>Pompa de c\u0103ldur\u0103 aer-ap\u0103 19 kW SPLIT DC EVI model AWHP19SDCE3<span class=\"ez-toc-section-end\"><\/span><\/h1>\n<p>\u2014 este o solu\u021bie modern\u0103 \u0219i fiabil\u0103 pentru \u00eenc\u0103lzirea \u0219i r\u0103cirea spa\u021biilor. \u00cen primul r\u00e2nd, utilizeaz\u0103 c\u0103ldura aerului \u00eenconjur\u0103tor, ceea ce permite reducerea semnificativ\u0103 a costurilor de \u00eenc\u0103lzire. De asemenea, aceast\u0103 pomp\u0103 demonstreaz\u0103 o eficien\u021b\u0103 ridicat\u0103 chiar \u0219i la temperaturi exterioare sc\u0103zute, ceea ce o face potrivit\u0103 pentru diverse condi\u021bii climatice.<\/p>\n<h2><span class=\"ez-toc-section\" id=\"Caracteristici\"><\/span>Caracteristici<span class=\"ez-toc-section-end\"><\/span><\/h2>\n<h3><span class=\"ez-toc-section\" id=\"Performanta_ridicata\"><\/span>Performan\u021b\u0103 ridicat\u0103<span class=\"ez-toc-section-end\"><\/span><\/h3>\n<p><strong>Pompa de c\u0103ldur\u0103 aer-ap\u0103 19 kW SPLIT DC EVI<\/strong> model\u00a0 <strong>AWHP19SDCE3\u00a0<\/strong> poate \u00eenc\u0103lzi \u0219i r\u0103ci spa\u021bii de la <strong>90 la 210 m\u00b2.<\/strong> Astfel, este ideal\u0103 at\u00e2t pentru case private, c\u00e2t \u0219i pentru mici birouri sau \u00eentreprinderi. \u00cen plus, modelul asigur\u0103 un confort termic stabil iarna \u0219i r\u0103coare vara, fiind o alegere versatil\u0103. Prin utilizarea panourilor solare electrice, se poate ob\u021bine un sistem cu costuri zero pentru \u00eenc\u0103lzire, r\u0103cire \u0219i prepararea apei calde.<\/p>\n<h3><span class=\"ez-toc-section\" id=\"Eficienta_energetica\"><\/span>Eficien\u021b\u0103 energetic\u0103<span class=\"ez-toc-section-end\"><\/span><\/h3>\n<p><strong>Pompa de c\u0103ldur\u0103 aer-ap\u0103 19 kW SPLIT DC EVI<\/strong> are un coeficient de performan\u021b\u0103 (COP) ridicat, care adesea dep\u0103\u0219e\u0219te valoarea <span style=\"color: #008000;\"><strong>&gt; 4.2<\/strong><\/span> atunci c\u00e2nd se utilizeaz\u0103 sistemul <a href=\"https:\/\/en.wikipedia.org\/wiki\/Vapor-compression_refrigeration\" target=\"_blank\" rel=\"noopener\"><span style=\"color: #0000ff;\"><strong>EVI<\/strong><\/span><\/a>. Cu alte cuvinte, fiecare kilowatt de energie consumat\u0103 se transform\u0103 \u00een mai mul\u021bi kilowa\u021bi de c\u0103ldur\u0103. Prin urmare, utilizarea unui astfel de dispozitiv reduce considerabil cheltuielile opera\u021bionale.<\/p>\n<h3><span class=\"ez-toc-section\" id=\"Rezistenta_la_temperaturi_scazute\"><\/span>Rezisten\u021b\u0103 la temperaturi sc\u0103zute<span class=\"ez-toc-section-end\"><\/span><\/h3>\n<p>Pompele de c\u0103ldur\u0103 din aceast\u0103 categorie pot func\u021biona la temperaturi de p\u00e2n\u0103 la <strong><span style=\"color: #ff0000;\">-25 \u00b0C &#8230; -30\u00b0C<\/span><\/strong>. Mul\u021bumit\u0103 acestui fapt, asigur\u0103 o func\u021bionare stabil\u0103 chiar \u0219i \u00een cele mai dure condi\u021bii de iarn\u0103. Acest lucru devine posibil datorit\u0103 tehnologiilor moderne, cum ar fi sistemul EVI (injec\u021bie de vapori), utilizarea agen\u021bilor frigorifici <strong><span style=\"color: #0000ff;\">R290, R417, R1234ze<\/span><\/strong> \u0219i controlul invertor. Modelele pot fi furnizate \u0219i cu alte tipuri de agen\u021bi frigorifici.<\/p>\n<h3><span class=\"ez-toc-section\" id=\"Automatizare_si_control\"><\/span>Automatizare \u0219i control<span class=\"ez-toc-section-end\"><\/span><\/h3>\n<p>\u00cen plus, multe modele de pompe de c\u0103ldur\u0103 aer-ap\u0103 pot fi integrate \u00een sistemele de cas\u0103 inteligent\u0103. Astfel, utilizatorul are posibilitatea s\u0103 controleze dispozitivul prin aplica\u021bii mobile sau controlere speciale.<\/p>\n<h3><span class=\"ez-toc-section\" id=\"Versatilitate_in_utilizare\"><\/span>Versatilitate \u00een utilizare<span class=\"ez-toc-section-end\"><\/span><\/h3>\n<p><strong>Pompa de c\u0103ldur\u0103 aer-ap\u0103 19 kW SPLIT DC EVI<\/strong> nu este destinat\u0103 doar pentru \u00eenc\u0103lzire, ci \u0219i pentru r\u0103cire. De asemenea, poate fi utilizat\u0103 pentru \u00eenc\u0103lzirea apei, men\u021bin\u00e2nd o temperatur\u0103 confortabil\u0103 \u00een baie sau buc\u0103t\u0103rie.<\/p>\n<h2><span class=\"ez-toc-section\" id=\"Avantajele_pompei_de_caldura\"><\/span>Avantajele pompei de c\u0103ldur\u0103<span class=\"ez-toc-section-end\"><\/span><\/h2>\n<h4>Eco-friendly<\/h4>\n<p><strong>Pompa de c\u0103ldur\u0103 aer-ap\u0103 19 kW SPLIT DC EVI<\/strong> nu emite dioxid de carbon \u00een atmosfer\u0103, fiind considerat o solu\u021bie ecologic\u0103. \u00cen plus, contribuie la reducerea amprentei de carbon, ceea ce este deosebit de important pentru utilizatorii responsabili.<\/p>\n<h4>Costuri de operare reduse<\/h4>\n<p>Spre deosebire de cazanele tradi\u021bionale, pompa de c\u0103ldur\u0103 aer-ap\u0103 folose\u0219te p\u00e2n\u0103 la 75% energie gratuit\u0103 din aer. Astfel, costurile de func\u021bionare sunt mult mai mici, reduc\u00e2nd cheltuielile pentru resurse precum gazul sau electricitatea.<\/p>\n<h4>Durabilitate \u0219i fiabilitate<\/h4>\n<p>Mai mult, durata de via\u021b\u0103 a pompei de c\u0103ldur\u0103 dep\u0103\u0219e\u0219te 15-25 de ani cu o utilizare corect\u0103. Prin urmare, reprezint\u0103 o investi\u021bie pe termen lung, ce asigur\u0103 economii semnificative.<\/p>\n<h4>U\u0219urin\u021b\u0103 \u00een instalare<\/h4>\n<p>Sistemele aer-ap\u0103 necesit\u0103 mai pu\u021bine costuri pentru instalare comparativ cu modelele sol-ap\u0103. Astfel, sunt mai accesibile pentru majoritatea consumatorilor. Totu\u0219i, trebuie avut \u00een vedere factorul de sc\u0103dere a puterii termice \u0219i eficien\u021bei la temperaturi exterioare sc\u0103zute (consulta\u021bi graficele).<\/p>\n<h2><span class=\"ez-toc-section\" id=\"Aplicatii\"><\/span>Aplica\u021bii<span class=\"ez-toc-section-end\"><\/span><\/h2>\n<ul>\n<li><strong>\u00cenc\u0103lzire<\/strong>: Pompa poate men\u021bine o temperatur\u0103 confortabil\u0103 chiar \u0219i \u00een condi\u021bii reci.<\/li>\n<li><strong>Apa cald\u0103 menajer\u0103<\/strong>: Dispozitivul poate fi conectat la sistemul de ap\u0103 cald\u0103, elimin\u00e2nd necesitatea boilerelor electrice.<\/li>\n<li><strong>R\u0103cire<\/strong>: \u00cen sezonul cald, pompa func\u021bioneaz\u0103 pentru r\u0103cire, asigur\u00e2nd confort.<\/li>\n<\/ul>\n<h3><span class=\"ez-toc-section\" id=\"Independenta_fata_de_combustibil\"><\/span>Independen\u021b\u0103 fa\u021b\u0103 de combustibil<span class=\"ez-toc-section-end\"><\/span><\/h3>\n<ul>\n<li>Sistemul nu depinde de aprovizionarea cu gaze, lemne sau c\u0103rbune, fiind ideal pentru zone \u00eendep\u0103rtate sau independente energetic.<\/li>\n<\/ul>\n<h3><span class=\"ez-toc-section\" id=\"Sprijin_pentru_functionare_stabila_la_temperaturi_de_inghet\"><\/span>Sprijin pentru func\u021bionare stabil\u0103 la temperaturi de \u00eenghe\u021b<span class=\"ez-toc-section-end\"><\/span><\/h3>\n<ul>\n<li>Modelele moderne pot func\u021biona eficient chiar \u0219i la temperaturi ale aerului de p\u00e2n\u0103 la -30\u00b0C.<\/li>\n<\/ul>\n<h2><span class=\"ez-toc-section\" id=\"Comparativ_cu_alte_sisteme\"><\/span>Comparativ cu alte sisteme<span class=\"ez-toc-section-end\"><\/span><\/h2>\n<table style=\"width: 52.8471%;\" border=\"1\">\n<thead>\n<tr>\n<th style=\"width: 25%;\">Caracteristici<\/th>\n<th style=\"width: 25%;\">Pompa de c\u0103ldur\u0103 aer-ap\u0103<\/th>\n<th style=\"width: 25%;\">Cazane pe gaz<\/th>\n<th style=\"width: 17.0289%;\">Cazane electrice<\/th>\n<\/tr>\n<\/thead>\n<tbody>\n<tr>\n<td style=\"width: 25%;\">Energie regenerabil\u0103<\/td>\n<td style=\"width: 25%;\">\u2705<\/td>\n<td style=\"width: 25%;\">\u274c<\/td>\n<td style=\"width: 17.0289%;\">\u274c<\/td>\n<\/tr>\n<tr>\n<td style=\"width: 25%;\">Costuri cu combustibilul<\/td>\n<td style=\"width: 25%;\">\u274c<\/td>\n<td style=\"width: 25%;\">\u2705<\/td>\n<td style=\"width: 17.0289%;\">\u2705<\/td>\n<\/tr>\n<tr>\n<td style=\"width: 25%;\">Eficien\u021b\u0103 energetic\u0103<\/td>\n<td style=\"width: 25%;\">\u2705<\/td>\n<td style=\"width: 25%;\">Medie<\/td>\n<td style=\"width: 17.0289%;\">Sc\u0103zut\u0103<\/td>\n<\/tr>\n<tr>\n<td style=\"width: 25%;\">Ecologicitate<\/td>\n<td style=\"width: 25%;\">\u2705<\/td>\n<td style=\"width: 25%;\">\u274c<\/td>\n<td style=\"width: 17.0289%;\">Medie<\/td>\n<\/tr>\n<\/tbody>\n<\/table>\n<h2><span class=\"ez-toc-section\" id=\"De_ce_sa_alegi_pompa_de_caldura_aer-apa_19_kW_SPLIT_DC_EVI_AWHP19SDCE3\"><\/span>De ce s\u0103 alegi <strong>pompa de c\u0103ldur\u0103 aer-ap\u0103 19 kW SPLIT DC EVI<\/strong> AWHP19SDCE3?<span class=\"ez-toc-section-end\"><\/span><\/h2>\n<ul>\n<li>Versatilitate: Versiunile SPLIT sunt potrivite pentru orice condi\u021bii.<\/li>\n<li>Efici\u021b\u0103 energetic\u0103: Economie semnificativ\u0103 la costurile de \u00eenc\u0103lzire \u0219i r\u0103cire.<\/li>\n<li>Eco-friendly: Siguran\u021b\u0103 pentru mediu datorit\u0103 agentului frigorific <strong><span style=\"color: #ff0000;\">R290, R1224ze.<\/span><\/strong><\/li>\n<li>Fiabilitate: Dispozitivul func\u021bioneaz\u0103 \u00een cele mai dure condi\u021bii climatice.<\/li>\n<\/ul>\n<h3><span class=\"ez-toc-section\" id=\"Oferim_o_gama_completa_de_servicii_pentru_pompe_de_caldura_pentru_a_va_asigura_confortul_tot_anul\"><\/span>Oferim o gam\u0103 complet\u0103 de servicii pentru pompe de c\u0103ldur\u0103, pentru a v\u0103 asigura confortul tot anul:<span class=\"ez-toc-section-end\"><\/span><\/h3>\n<ul>\n<li>Produc\u021bie: Suntem produc\u0103tori de pompe de c\u0103ldur\u0103. Dispozitivele vin direct de la fabric\u0103.<\/li>\n<li>V\u00e2nzare: Alegere larg\u0103 de pompe de c\u0103ldur\u0103 realizate de noi \u00een Moldova \u0219i Rom\u00e2nia. V\u0103 ajut\u0103m s\u0103 g\u0103si\u021bi solu\u021bia perfect\u0103 pentru nevoile dvs.<\/li>\n<li>Instalare: Montaj profesionist, adaptat la specificul casei sau afacerii dumneavoastr\u0103.<\/li>\n<li>Servicii de \u00eentre\u021binere: \u00cengrijire tehnic\u0103 regulat\u0103 \u0219i suport rapid pentru func\u021bionare durabil\u0103 \u0219i stabil\u0103.<\/li>\n<li>Garan\u021bie: Pe durata perioadei de garan\u021bie, beneficia\u021bi de diagnosticare \u0219i repara\u021bii gratuite.<\/li>\n<\/ul>\n<p>Conform <a href=\"https:\/\/www.irena.org\/\" target=\"_blank\" rel=\"noopener\">agen\u021biei interna\u021bionale pentru energii regenerabile (IRENA)<\/a>, pompele de c\u0103ldur\u0103 sunt unele dintre cele mai eficiente modalit\u0103\u021bi de \u00eenc\u0103lzire.<\/p>\n<h4>\u00cen Moldova, pute\u021bi cump\u0103ra direct de la produc\u0103tor o <strong>Pompa de c\u0103ldur\u0103 aer-ap\u0103 19 kW SPLIT DC EVI<\/strong> .<\/h4>\n<p><span style=\"color: #993366;\"><strong>\u00a0FABRICAT \u00ceN MOLDOVA.<\/strong><\/span><\/p>\n","protected":false},"excerpt":{"rendered":"<h4><span style=\"color: #800080;\">Modelul AWHP19SDCE3<\/span><\/h4>\n<p>Sistem cu module separate (<strong>SPLIT<\/strong>). Temperatura de func\u021bionare a mediului exterior p\u00e2n\u0103 la <span style=\"color: #ff0000;\">&#8211;<\/span><strong><span style=\"color: #ff0000;\">30\u00b0C<\/span><\/strong>. Temperatura de ie\u0219ire a apei p\u00e2n\u0103 la <strong><span style=\"color: #ff0000;\">+60\u00b0C\u00a0 (sau la +75\u00b0C, +85\u00b0C, +95\u00b0C la comand\u0103).<\/span><\/strong>\u00a0<a href=\"https:\/\/en.wikipedia.org\/wiki\/Vapor-compression_refrigeration\">Func\u021bie de injec\u021bie de vapori (<strong>EVI<\/strong>)<\/a>, compresor invertor, acces de la distan\u021b\u0103. Pentru \u00eenc\u0103lzirea spa\u021biilor de la <strong>90 p\u00e2n\u0103 la 210 m\u00b2<\/strong>. Alimentare 380 V, 50 Hz.<\/p>\n<p><span style=\"color: #ff0000;\"><strong>Produc\u021bie Republica Moldova.<\/strong><\/span><\/p>\n","protected":false},"featured_media":8194,"comment_status":"open","ping_status":"closed","template":"","meta":{"_acf_changed":false,"om_disable_all_campaigns":false,"_monsterinsights_skip_tracking":false,"_monsterinsights_sitenote_active":false,"_monsterinsights_sitenote_note":"","_monsterinsights_sitenote_category":0,"_kadence_starter_templates_imported_post":true,"_kad_post_transparent":"default","_kad_post_title":"","_kad_post_layout":"default","_kad_post_sidebar_id":"","_kad_post_content_style":"default","_kad_post_vertical_padding":"default","_kad_post_feature":"","_kad_post_feature_position":"","_kad_post_header":false,"_kad_post_footer":false,"_kad_post_classname":"","jetpack_post_was_ever_published":false,"jetpack_publicize_message":"","jetpack_publicize_feature_enabled":true,"jetpack_social_post_already_shared":true,"jetpack_social_options":{"image_generator_settings":{"template":"highway","default_image_id":0,"enabled":false},"version":2}},"product_brand":[364],"product_cat":[23,37],"product_tag":[382,218,386,227,240,363,216,356,68,178,383],"class_list":{"0":"post-7189","1":"product","2":"type-product","3":"status-publish","4":"has-post-thumbnail","6":"product_brand-altal","7":"product_cat-pompe-de-caldura-aer-apa-pro","8":"product_cat-pompe-de-caldura-altal","9":"product_tag-30c","10":"product_tag-19-kw","11":"product_tag-210-m","12":"product_tag-dc","13":"product_tag-evi","14":"product_tag-in-chisinau","15":"product_tag-in-moldova","16":"product_tag-pompa-de-caldura-aer-apa","17":"product_tag-r290","18":"product_tag-racire","19":"product_tag-split","20":"product_shipping_class-heavy-packages","21":"pa_model-split","22":"pa_tip-pompa-de-caldura-aer-apa","24":"first","25":"instock","26":"featured","27":"taxable","28":"shipping-taxable","29":"purchasable","30":"product-type-simple","31":"add-to-wishlist-after_add_to_cart","32":"entry","33":"content-bg","34":"loop-entry"},"acf":[],"jetpack_publicize_connections":[],"jetpack_sharing_enabled":true,"jetpack_likes_enabled":true,"_links":{"self":[{"href":"https:\/\/altalheat.com\/ro\/wp-json\/wp\/v2\/product\/7189","targetHints":{"allow":["GET"]}}],"collection":[{"href":"https:\/\/altalheat.com\/ro\/wp-json\/wp\/v2\/product"}],"about":[{"href":"https:\/\/altalheat.com\/ro\/wp-json\/wp\/v2\/types\/product"}],"replies":[{"embeddable":true,"href":"https:\/\/altalheat.com\/ro\/wp-json\/wp\/v2\/comments?post=7189"}],"version-history":[{"count":9,"href":"https:\/\/altalheat.com\/ro\/wp-json\/wp\/v2\/product\/7189\/revisions"}],"predecessor-version":[{"id":8195,"href":"https:\/\/altalheat.com\/ro\/wp-json\/wp\/v2\/product\/7189\/revisions\/8195"}],"wp:featuredmedia":[{"embeddable":true,"href":"https:\/\/altalheat.com\/ro\/wp-json\/wp\/v2\/media\/8194"}],"wp:attachment":[{"href":"https:\/\/altalheat.com\/ro\/wp-json\/wp\/v2\/media?parent=7189"}],"wp:term":[{"taxonomy":"product_brand","embeddable":true,"href":"https:\/\/altalheat.com\/ro\/wp-json\/wp\/v2\/product_brand?post=7189"},{"taxonomy":"product_cat","embeddable":true,"href":"https:\/\/altalheat.com\/ro\/wp-json\/wp\/v2\/product_cat?post=7189"},{"taxonomy":"product_tag","embeddable":true,"href":"https:\/\/altalheat.com\/ro\/wp-json\/wp\/v2\/product_tag?post=7189"}],"curies":[{"name":"wp","href":"https:\/\/api.w.org\/{rel}","templated":true}]}}