{"id":8063,"date":"2025-06-12T17:02:00","date_gmt":"2025-06-12T14:02:00","guid":{"rendered":"https:\/\/altalheat.com\/?page_id=8063"},"modified":"2025-06-12T17:25:11","modified_gmt":"2025-06-12T14:25:11","slug":"reparatii-si-intretinere","status":"publish","type":"page","link":"https:\/\/altalheat.com\/ro\/reparatii-si-intretinere\/","title":{"rendered":"Repara\u021bii \u0219i \u00eentre\u021binere"},"content":{"rendered":"\t\t<div data-elementor-type=\"wp-page\" data-elementor-id=\"8063\" class=\"elementor elementor-8063\">\n\t\t\t\t<div class=\"elementor-element elementor-element-4facb269 e-flex e-con-boxed e-con e-parent\" data-id=\"4facb269\" data-element_type=\"container\">\n\t\t\t\t\t<div class=\"e-con-inner\">\n\t\t\t\t<div class=\"elementor-element elementor-element-58824cd2 elementor-widget elementor-widget-text-editor\" data-id=\"58824cd2\" data-element_type=\"widget\" data-widget_type=\"text-editor.default\">\n\t\t\t\t<div class=\"elementor-widget-container\">\n\t\t\t\t\t\t\t\t\t<div>\n<div dir=\"auto\" data-message-author-role=\"assistant\" data-message-id=\"7066f562-9ea4-4563-8bdb-6712be1aa433\" data-message-model-slug=\"gpt-4o\"><\/div>\n<\/div>\n<div>\n<div dir=\"auto\" data-message-author-role=\"assistant\" data-message-id=\"7066f562-9ea4-4563-8bdb-6712be1aa433\" data-message-model-slug=\"gpt-4o\">\n<h1 data-start=\"165\" data-end=\"227\"><span style=\"color: #29909e; font-family: tahoma, arial, helvetica, sans-serif;\">Repara\u021bii \u0219i servicii de \u00eentre\u021binere pentru pompe de c\u0103ldur\u0103<\/span><\/h1>\n<p data-start=\"229\" data-end=\"397\"><span style=\"color: #000000; font-family: tahoma, arial, helvetica, sans-serif;\">Compania <span style=\"color: #ff9900;\"><strong data-start=\"238\" data-end=\"247\">ALTAL<\/strong> <\/span>ofer\u0103 servicii complete de \u00eentre\u021binere a pompelor de c\u0103ldur\u0103 \u00een perioada de garan\u021bie, dar \u0219i repara\u021bii \u0219i service postgaran\u021bie la cererea clientului.<\/span><\/p>\n\n<h2 data-start=\"399\" data-end=\"491\"><span style=\"color: #000000; font-family: tahoma, arial, helvetica, sans-serif;\">Garan\u021bie \u0219i service pentru pompe de c\u0103ldur\u0103 direct de la produc\u0103tor \u00een Rom\u00e2nia \u0219i Moldova<\/span><\/h2>\n<h3 data-start=\"493\" data-end=\"520\"><span style=\"color: #000000; font-family: tahoma, arial, helvetica, sans-serif;\">Calitate \u0219i fiabilitate<\/span><\/h3>\n<p data-start=\"522\" data-end=\"644\"><span style=\"color: #000000; font-family: tahoma, arial, helvetica, sans-serif;\">Suntem produc\u0103tori autoriza\u021bi de pompe de c\u0103ldur\u0103 \u00een Rom\u00e2nia \u0219i Moldova, cu marc\u0103 \u00eenregistrat\u0103. Garan\u021bia noastr\u0103 \u00eenseamn\u0103:<\/span><\/p>\n\n<ul data-start=\"646\" data-end=\"733\">\n \t<li data-start=\"646\" data-end=\"669\">\n<p data-start=\"648\" data-end=\"669\"><span style=\"color: #000000; font-family: tahoma, arial, helvetica, sans-serif;\">Calitate certificat\u0103;<\/span><\/p>\n<\/li>\n \t<li data-start=\"670\" data-end=\"701\">\n<p data-start=\"672\" data-end=\"701\"><span style=\"color: #000000; font-family: tahoma, arial, helvetica, sans-serif;\">Control strict al produc\u021biei;<\/span><\/p>\n<\/li>\n \t<li data-start=\"702\" data-end=\"733\">\n<p data-start=\"704\" data-end=\"733\"><span style=\"color: #000000; font-family: tahoma, arial, helvetica, sans-serif;\">Asisten\u021b\u0103 tehnic\u0103 permanent\u0103.<\/span><\/p>\n<\/li>\n<\/ul>\n<p data-start=\"735\" data-end=\"856\"><span style=\"color: #000000; font-family: tahoma, arial, helvetica, sans-serif;\">Toate echipamentele sunt \u00eenso\u021bite de garan\u021bie oficial\u0103 \u0219i suport tehnic dedicat, oferind clien\u021bilor siguran\u021b\u0103 \u0219i lini\u0219te.<\/span><\/p>\n\n\n<hr data-start=\"858\" data-end=\"861\" \/>\n\n<h2 data-start=\"863\" data-end=\"901\"><span style=\"color: #000000; font-family: tahoma, arial, helvetica, sans-serif;\">Ce produse beneficiaz\u0103 de garan\u021bie?<\/span><\/h2>\n<p data-start=\"903\" data-end=\"1059\"><span style=\"color: #000000; font-family: tahoma, arial, helvetica, sans-serif;\">Garan\u021bia se aplic\u0103 tuturor pompelor de c\u0103ldur\u0103 din oferta noastr\u0103. Aceasta acoper\u0103 defectele de fabrica\u021bie \u0219i asigur\u0103 func\u021bionarea corect\u0103 a echipamentului.<\/span><\/p>\n\n<h3 data-start=\"1061\" data-end=\"1086\"><span style=\"color: #000000; font-family: tahoma, arial, helvetica, sans-serif;\">Perioade de garan\u021bie:<\/span><\/h3>\n<ul data-start=\"1088\" data-end=\"1223\">\n \t<li data-start=\"1088\" data-end=\"1150\">\n<p data-start=\"1090\" data-end=\"1150\"><span style=\"color: #000000; font-family: tahoma, arial, helvetica, sans-serif;\"><strong data-start=\"1090\" data-end=\"1105\">Minim 2 ani<\/strong> \u2013 conform legisla\u021biei din Republica Moldova;<\/span><\/p>\n<\/li>\n \t<li data-start=\"1151\" data-end=\"1223\">\n<p data-start=\"1153\" data-end=\"1223\"><span style=\"color: #000000; font-family: tahoma, arial, helvetica, sans-serif;\">Garan\u021bii extinse de <strong data-start=\"1173\" data-end=\"1198\">3, 5 sau chiar 10 ani<\/strong> pentru modelele premium.<\/span><\/p>\n<\/li>\n<\/ul>\n\n<hr data-start=\"1225\" data-end=\"1228\" \/>\n\n<h2 data-start=\"1230\" data-end=\"1268\"><span style=\"color: #000000; font-family: tahoma, arial, helvetica, sans-serif;\">Cum se poate beneficia de garan\u021bie?<\/span><\/h2>\n<p data-start=\"1270\" data-end=\"1356\"><span style=\"color: #000000; font-family: tahoma, arial, helvetica, sans-serif;\">Garan\u021bia se ofer\u0103 prin centrele de service autorizate sau direct \u00een fabricile noastre.<\/span><\/p>\n\n<h3 data-start=\"1358\" data-end=\"1381\"><span style=\"color: #000000; font-family: tahoma, arial, helvetica, sans-serif;\">Documente necesare:<\/span><\/h3>\n<ol data-start=\"1383\" data-end=\"1501\">\n \t<li data-start=\"1383\" data-end=\"1443\">\n<p data-start=\"1386\" data-end=\"1443\"><span style=\"color: #000000; font-family: tahoma, arial, helvetica, sans-serif;\">Cuponul de garan\u021bie cu modelul, seria \u0219i data achizi\u021biei;<\/span><\/p>\n<\/li>\n \t<li data-start=\"1444\" data-end=\"1501\">\n<p data-start=\"1447\" data-end=\"1501\"><span style=\"color: #000000; font-family: tahoma, arial, helvetica, sans-serif;\">\u0218tampila \u0219i semn\u0103tura v\u00e2nz\u0103torului sau instalatorului.<\/span><\/p>\n<\/li>\n<\/ol>\n<p data-start=\"1503\" data-end=\"1603\"><span style=\"color: #000000; font-family: tahoma, arial, helvetica, sans-serif;\">Lista complet\u0103 a centrelor de service este disponibil\u0103 \u00een cuponul de garan\u021bie sau pe site-ul nostru.<\/span><\/p>\n\n\n<hr data-start=\"1605\" data-end=\"1608\" \/>\n\n<h2 data-start=\"1610\" data-end=\"1632\"><span style=\"color: #000000; font-family: tahoma, arial, helvetica, sans-serif;\">Unde g\u0103si\u021bi suport?<\/span><\/h2>\n<p data-start=\"1634\" data-end=\"1742\"><span style=\"color: #000000; font-family: tahoma, arial, helvetica, sans-serif;\">Re\u021beaua de service <strong data-start=\"1653\" data-end=\"1680\">ALTALINSTAL TRADE S.R.L<\/strong> activeaz\u0103 \u00een toate ora\u0219ele importante din Moldova \u0219i Rom\u00e2nia.<\/span><\/p>\n\n<h3 data-start=\"1744\" data-end=\"1756\"><span style=\"color: #000000; font-family: tahoma, arial, helvetica, sans-serif;\">Contact:<\/span><\/h3>\n<ul data-start=\"1758\" data-end=\"1816\">\n \t<li data-start=\"1758\" data-end=\"1788\">\n<p data-start=\"1760\" data-end=\"1788\"><span style=\"color: #000000; font-family: tahoma, arial, helvetica, sans-serif;\">\ud83d\udcde  Vladimir: <a href=\"tel:+373 788 46 455\" title=\"tel:+373 788 46 455\">  <strong>+373 788 46 455<\/strong>&#8222;<\/a><\/span><\/p>\n<\/li>\n \t<li data-start=\"1789\" data-end=\"1816\">\n<p data-start=\"1791\" data-end=\"1816\"><span style=\"color: #000000; font-family: tahoma, arial, helvetica, sans-serif;\">\ud83d\udcde  Diana: <a href=\"tel:+373 788 46 455\"\" title=\"tel:+373 792 63 636\">  <strong>  +373 792 63 636<\/strong>&#8222;<\/a><\/span><\/p>\n<\/li>\n<\/ul>\n<p data-start=\"1818\" data-end=\"1912\"><span style=\"color: #000000; font-family: tahoma, arial, helvetica, sans-serif;\">Speciali\u0219ti certifica\u021bi asigur\u0103 service de calitate cu piese originale \u0219i echipamente moderne.<\/span><\/p>\n\n\n<hr data-start=\"1914\" data-end=\"1917\" \/>\n\n<h2 data-start=\"1919\" data-end=\"1959\"><span style=\"color: #000000; font-family: tahoma, arial, helvetica, sans-serif;\">Serviciile centrului de service ALTAL<\/span><\/h2>\n<h3 data-start=\"1961\" data-end=\"1995\"><span style=\"color: #000000; font-family: tahoma, arial, helvetica, sans-serif;\">Service gratuit (\u00een garan\u021bie):<\/span><\/h3>\n<ul data-start=\"1997\" data-end=\"2072\">\n \t<li data-start=\"1997\" data-end=\"2033\">\n<p data-start=\"1999\" data-end=\"2033\"><span style=\"color: #000000; font-family: tahoma, arial, helvetica, sans-serif;\">Repara\u021bii ale pompelor de c\u0103ldur\u0103;<\/span><\/p>\n<\/li>\n \t<li data-start=\"2034\" data-end=\"2072\">\n<p data-start=\"2036\" data-end=\"2072\"><span style=\"color: #000000; font-family: tahoma, arial, helvetica, sans-serif;\">Remedierea defectelor de fabrica\u021bie.<\/span><\/p>\n<\/li>\n<\/ul>\n<h3 data-start=\"2074\" data-end=\"2110\"><span style=\"color: #000000; font-family: tahoma, arial, helvetica, sans-serif;\">Servicii pl\u0103tite (postgaran\u021bie):<\/span><\/h3>\n<ul data-start=\"2112\" data-end=\"2192\">\n \t<li data-start=\"2112\" data-end=\"2154\">\n<p data-start=\"2114\" data-end=\"2154\"><span style=\"color: #000000; font-family: tahoma, arial, helvetica, sans-serif;\">Diagnosticare profesional\u0103 \u0219i remediere;<\/span><\/p>\n<\/li>\n \t<li data-start=\"2155\" data-end=\"2192\">\n<p data-start=\"2157\" data-end=\"2192\"><span style=\"color: #000000; font-family: tahoma, arial, helvetica, sans-serif;\">\u00cenlocuirea componentelor originale.<\/span><\/p>\n<\/li>\n<\/ul>\n<h3 data-start=\"2194\" data-end=\"2218\"><span style=\"color: #000000; font-family: tahoma, arial, helvetica, sans-serif;\">Servicii adi\u021bionale:<\/span><\/h3>\n<ul data-start=\"2220\" data-end=\"2322\">\n \t<li data-start=\"2220\" data-end=\"2261\">\n<p data-start=\"2222\" data-end=\"2261\"><span style=\"color: #000000; font-family: tahoma, arial, helvetica, sans-serif;\">Conectarea \u0219i reglarea sistemelor HVAC;<\/span><\/p>\n<\/li>\n \t<li data-start=\"2262\" data-end=\"2322\">\n<p data-start=\"2264\" data-end=\"2322\"><span style=\"color: #000000; font-family: tahoma, arial, helvetica, sans-serif;\">Consultan\u021b\u0103 privind utilizarea eficient\u0103 a echipamentului.<\/span><\/p>\n<\/li>\n<\/ul>\n\n<hr data-start=\"2324\" data-end=\"2327\" \/>\n\n<h2 data-start=\"2329\" data-end=\"2355\"><span style=\"color: #000000; font-family: tahoma, arial, helvetica, sans-serif;\">De ce s\u0103 alege\u021bi ALTAL?<\/span><\/h2>\n<ul data-start=\"2357\" data-end=\"2600\">\n \t<li data-start=\"2357\" data-end=\"2423\">\n<p data-start=\"2359\" data-end=\"2423\"><span style=\"color: #000000; font-family: tahoma, arial, helvetica, sans-serif;\"><strong data-start=\"2359\" data-end=\"2381\">Calitate garantat\u0103<\/strong>: doar echipamente originale, certificate;<\/span><\/p>\n<\/li>\n \t<li data-start=\"2424\" data-end=\"2485\">\n<p data-start=\"2426\" data-end=\"2485\"><span style=\"color: #000000; font-family: tahoma, arial, helvetica, sans-serif;\"><strong data-start=\"2426\" data-end=\"2446\">Garan\u021bie extins\u0103<\/strong>: p\u00e2n\u0103 la 10 ani pentru anumite modele;<\/span><\/p>\n<\/li>\n \t<li data-start=\"2486\" data-end=\"2538\">\n<p data-start=\"2488\" data-end=\"2538\"><span style=\"color: #000000; font-family: tahoma, arial, helvetica, sans-serif;\"><strong data-start=\"2488\" data-end=\"2514\">Re\u021bea larg\u0103 de service<\/strong>: \u00een Rom\u00e2nia \u0219i Moldova;<\/span><\/p>\n<\/li>\n \t<li data-start=\"2539\" data-end=\"2600\">\n<p data-start=\"2541\" data-end=\"2600\"><span style=\"color: #000000; font-family: tahoma, arial, helvetica, sans-serif;\"><strong data-start=\"2541\" data-end=\"2559\">Profesionalism<\/strong>: echip\u0103 calificat\u0103 pentru siguran\u021ba dvs.<\/span><\/p>\n<\/li>\n<\/ul>\n<p data-start=\"2602\" data-end=\"2721\"><span style=\"color: #000000; font-family: tahoma, arial, helvetica, sans-serif;\">\ud83d\udcde Contacta\u021bi-ne pentru consultan\u021b\u0103 personalizat\u0103!<\/span><br data-start=\"2652\" data-end=\"2655\" \/><span style=\"color: #000000; font-family: tahoma, arial, helvetica, sans-serif;\">Investe\u0219te \u00een siguran\u021b\u0103 \u0219i confort al\u0103turi de echipamentele ALTAL.<\/span><\/p>\n\n<\/div>\n<\/div>\n<!-- \/wp:paragraph -->\t\t\t\t\t\t\t\t<\/div>\n\t\t\t\t<\/div>\n\t\t\t\t<div class=\"elementor-element elementor-element-ce0f810 elementor-widget elementor-widget-spacer\" data-id=\"ce0f810\" data-element_type=\"widget\" data-widget_type=\"spacer.default\">\n\t\t\t\t<div class=\"elementor-widget-container\">\n\t\t\t\t\t\t\t<div class=\"elementor-spacer\">\n\t\t\t<div class=\"elementor-spacer-inner\"><\/div>\n\t\t<\/div>\n\t\t\t\t\t\t<\/div>\n\t\t\t\t<\/div>\n\t\t\t\t<div class=\"elementor-element elementor-element-5a82b4e elementor-view-default elementor-widget elementor-widget-icon\" data-id=\"5a82b4e\" data-element_type=\"widget\" data-widget_type=\"icon.default\">\n\t\t\t\t<div class=\"elementor-widget-container\">\n\t\t\t\t\t\t\t<div class=\"elementor-icon-wrapper\">\n\t\t\t<a class=\"elementor-icon\" href=\"https:\/\/altalheat.com\/ro\/home\/\">\n\t\t\t<svg aria-hidden=\"true\" class=\"e-font-icon-svg e-fas-star\" viewBox=\"0 0 576 512\" xmlns=\"http:\/\/www.w3.org\/2000\/svg\"><path d=\"M259.3 17.8L194 150.2 47.9 171.5c-26.2 3.8-36.7 36.1-17.7 54.6l105.7 103-25 145.5c-4.5 26.3 23.2 46 46.4 33.7L288 439.6l130.7 68.7c23.2 12.2 50.9-7.4 46.4-33.7l-25-145.5 105.7-103c19-18.5 8.5-50.8-17.7-54.6L382 150.2 316.7 17.8c-11.7-23.6-45.6-23.9-57.4 0z\"><\/path><\/svg>\t\t\t<\/a>\n\t\t<\/div>\n\t\t\t\t\t\t<\/div>\n\t\t\t\t<\/div>\n\t\t\t\t\t<\/div>\n\t\t\t\t<\/div>\n\t\t\t\t<\/div>\n\t\t","protected":false},"excerpt":{"rendered":"<p>Repara\u021bii \u0219i servicii de \u00eentre\u021binere pentru pompe de c\u0103ldur\u0103 Compania ALTAL ofer\u0103 servicii complete de \u00eentre\u021binere a pompelor de c\u0103ldur\u0103 \u00een perioada de garan\u021bie, dar \u0219i repara\u021bii \u0219i service postgaran\u021bie la cererea clientului. Garan\u021bie \u0219i service pentru pompe de c\u0103ldur\u0103 direct de la produc\u0103tor \u00een Rom\u00e2nia \u0219i Moldova Calitate \u0219i fiabilitate Suntem produc\u0103tori autoriza\u021bi de&#8230;<\/p>\n","protected":false},"author":1,"featured_media":0,"parent":0,"menu_order":0,"comment_status":"closed","ping_status":"closed","template":"","meta":{"_acf_changed":false,"om_disable_all_campaigns":false,"_monsterinsights_skip_tracking":false,"_monsterinsights_sitenote_active":false,"_monsterinsights_sitenote_note":"","_monsterinsights_sitenote_category":0,"_kadence_starter_templates_imported_post":false,"_kad_post_transparent":"","_kad_post_title":"","_kad_post_layout":"","_kad_post_sidebar_id":"","_kad_post_content_style":"","_kad_post_vertical_padding":"","_kad_post_feature":"","_kad_post_feature_position":"","_kad_post_header":false,"_kad_post_footer":false,"_kad_post_classname":"","jetpack_post_was_ever_published":false,"footnotes":""},"class_list":["post-8063","page","type-page","status-publish","hentry"],"acf":[],"jetpack_sharing_enabled":true,"jetpack_likes_enabled":true,"_links":{"self":[{"href":"https:\/\/altalheat.com\/ro\/wp-json\/wp\/v2\/pages\/8063","targetHints":{"allow":["GET"]}}],"collection":[{"href":"https:\/\/altalheat.com\/ro\/wp-json\/wp\/v2\/pages"}],"about":[{"href":"https:\/\/altalheat.com\/ro\/wp-json\/wp\/v2\/types\/page"}],"author":[{"embeddable":true,"href":"https:\/\/altalheat.com\/ro\/wp-json\/wp\/v2\/users\/1"}],"replies":[{"embeddable":true,"href":"https:\/\/altalheat.com\/ro\/wp-json\/wp\/v2\/comments?post=8063"}],"version-history":[{"count":13,"href":"https:\/\/altalheat.com\/ro\/wp-json\/wp\/v2\/pages\/8063\/revisions"}],"predecessor-version":[{"id":8083,"href":"https:\/\/altalheat.com\/ro\/wp-json\/wp\/v2\/pages\/8063\/revisions\/8083"}],"wp:attachment":[{"href":"https:\/\/altalheat.com\/ro\/wp-json\/wp\/v2\/media?parent=8063"}],"curies":[{"name":"wp","href":"https:\/\/api.w.org\/{rel}","templated":true}]}}