{"id":4415,"date":"2024-12-07T12:50:44","date_gmt":"2024-12-07T12:50:44","guid":{"rendered":"https:\/\/altalheat.com\/?page_id=4415"},"modified":"2025-06-12T22:19:33","modified_gmt":"2025-06-12T19:19:33","slug":"politica-de-confidentialitate","status":"publish","type":"page","link":"https:\/\/altalheat.com\/ro\/politica-de-confidentialitate\/","title":{"rendered":"Politica de confiden\u021bialitate"},"content":{"rendered":"\t\t<div data-elementor-type=\"wp-page\" data-elementor-id=\"4415\" class=\"elementor elementor-4415\">\n\t\t\t\t<div class=\"elementor-element elementor-element-6b1d6a61 e-flex e-con-boxed e-con e-parent\" data-id=\"6b1d6a61\" data-element_type=\"container\">\n\t\t\t\t\t<div class=\"e-con-inner\">\n\t\t\t\t<div class=\"elementor-element elementor-element-6d35d753 elementor-widget elementor-widget-text-editor\" data-id=\"6d35d753\" data-element_type=\"widget\" data-widget_type=\"text-editor.default\">\n\t\t\t\t<div class=\"elementor-widget-container\">\n\t\t\t\t\t\t\t\t\t\n<h1 class=\"wp-block-heading\" data-start=\"144\" data-end=\"157\">Cine suntem<\/h1>\n<p data-start=\"159\" data-end=\"232\">Adresa site-ului nostru: <a class=\"\" href=\"https:\/\/altalheat.com\" target=\"_new\" rel=\"noopener\" data-start=\"184\" data-end=\"232\">https:\/\/altalheat.com<\/a><\/p>\n<h2 data-start=\"234\" data-end=\"247\">Comentarii<\/h2>\n<p data-start=\"249\" data-end=\"450\">C\u00e2nd vizitatorii las\u0103 comentarii pe site, colect\u0103m datele introduse \u00een formularul de comentarii, precum \u0219i adresa IP a vizitatorului \u0219i informa\u021biile despre browser (user-agent) pentru a detecta spamul.<\/p>\n<p data-start=\"452\" data-end=\"807\">Un \u0219ir anonim (hash) generat din adresa dvs. de e-mail poate fi transmis serviciului Gravatar pentru a verifica dac\u0103 \u00eel utiliza\u021bi. Politica de confiden\u021bialitate Gravatar este disponibil\u0103 aici: <a class=\"\" href=\"https:\/\/automattic.com\/privacy\/\" target=\"_new\" rel=\"noopener\" data-start=\"645\" data-end=\"711\">https:\/\/automattic.com\/privacy\/<\/a>. Dup\u0103 aprobarea comentariului, poza de profil va fi vizibil\u0103 public \u00een contextul comentariului.<\/p>\n<h2 data-start=\"809\" data-end=\"822\">Cookie-uri<\/h2>\n<p data-start=\"824\" data-end=\"1083\">Dac\u0103 l\u0103sa\u021bi un comentariu pe site, ave\u021bi op\u021biunea de a salva numele, adresa de email \u0219i site-ul web \u00een cookie-uri. Acest lucru este pentru confortul dvs., astfel \u00eenc\u00e2t s\u0103 nu mai completa\u021bi datele de fiecare dat\u0103. Aceste cookie-uri sunt p\u0103strate timp de un an.<\/p>\n<p data-start=\"1085\" data-end=\"1292\">Dac\u0103 ave\u021bi un cont \u0219i v\u0103 autentifica\u021bi pe site, vom seta un cookie temporar pentru a verifica dac\u0103 browserul dvs. accept\u0103 cookie-uri. Acesta nu con\u021bine date personale \u0219i este \u0219ters la \u00eenchiderea browserului.<\/p>\n<p data-start=\"1294\" data-end=\"1638\">La autentificare, set\u0103m mai multe cookie-uri pentru a salva datele de autentificare \u0219i preferin\u021bele de afi\u0219are. Cookie-urile de autentificare dureaz\u0103 2 zile, iar cele pentru op\u021biunile de ecran \u2013 1 an. Dac\u0103 selecta\u021bi \u201e\u021aine-m\u0103 minte\u201d, autentificarea va fi p\u0103strat\u0103 timp de 2 s\u0103pt\u0103m\u00e2ni. La deconectare, cookie-urile de autentificare vor fi \u0219terse.<\/p>\n<p data-start=\"1640\" data-end=\"1817\">Dac\u0103 edita\u021bi sau publica\u021bi un articol, va fi salvat un cookie suplimentar \u00een browser. Acesta nu con\u021bine date personale \u0219i indic\u0103 doar ID-ul articolului editat. Expir\u0103 dup\u0103 1 zi.<\/p>\n<h2 data-start=\"1819\" data-end=\"1861\">Con\u021binut \u00eencorporat de pe alte site-uri<\/h2>\n<p data-start=\"1863\" data-end=\"2069\">Articolele de pe acest site pot include con\u021binut \u00eencorporat (de exemplu: videoclipuri, imagini, articole etc.). Con\u021binutul \u00eencorporat se comport\u0103 la fel ca \u0219i cum vizitatorul ar accesa direct acel alt site.<\/p>\n<p data-start=\"2071\" data-end=\"2298\">Aceste site-uri pot colecta date despre dvs., pot utiliza cookie-uri, pot integra instrumente de urm\u0103rire ter\u021b\u0103 parte \u0219i pot monitoriza interac\u021biunile cu con\u021binutul \u00eencorporat, \u00een special dac\u0103 sunte\u021bi autentificat pe acel site.<\/p>\n<h2 data-start=\"2300\" data-end=\"2331\">Cu cine partaj\u0103m datele dvs.<\/h2>\n<p data-start=\"2333\" data-end=\"2421\">Dac\u0103 solicita\u021bi resetarea parolei, adresa dvs. IP va fi inclus\u0103 \u00een e-mailul de resetare.<\/p>\n<h2 data-start=\"2423\" data-end=\"2454\">C\u00e2t timp p\u0103str\u0103m datele dvs.<\/h2>\n<p data-start=\"2456\" data-end=\"2650\">Dac\u0103 l\u0103sa\u021bi un comentariu, comentariul \u0219i metadatele aferente sunt p\u0103strate pe termen nelimitat. Acest lucru ne permite s\u0103 recunoa\u0219tem automat comentariile ulterioare \u0219i s\u0103 le aprob\u0103m mai rapid.<\/p>\n<p data-start=\"2652\" data-end=\"2967\">Pentru utilizatorii \u00eenregistra\u021bi pe site-ul nostru, p\u0103str\u0103m informa\u021biile personale introduse \u00een profilul lor. To\u021bi utilizatorii pot vizualiza, edita sau \u0219terge aceste informa\u021bii \u00een orice moment (cu excep\u021bia numelui de utilizator). Administratorii site-ului pot, de asemenea, vizualiza \u0219i modifica aceste informa\u021bii.<\/p>\n<h2 data-start=\"2969\" data-end=\"3009\">Ce drepturi ave\u021bi asupra datelor dvs.<\/h2>\n<p data-start=\"3011\" data-end=\"3346\">Dac\u0103 ave\u021bi un cont pe site sau a\u021bi l\u0103sat comentarii, pute\u021bi solicita un fi\u0219ier exportabil cu datele personale stocate despre dvs., inclusiv cele furnizate de dvs. De asemenea, pute\u021bi solicita \u0219tergerea datelor dvs. Acest lucru nu include datele pe care suntem obliga\u021bi s\u0103 le p\u0103str\u0103m din motive administrative, legale sau de securitate.<\/p>\n<h2 data-start=\"3348\" data-end=\"3376\">Unde trimitem datele dvs.<\/h2>\n<p data-start=\"3378\" data-end=\"3474\">Comentariile vizitatorilor pot fi verificate printr-un serviciu automat de detectare a spamului.<\/p>\n<hr data-start=\"3476\" data-end=\"3479\" \/>\n<p data-start=\"3481\" data-end=\"3581\" data-is-last-node=\"\" data-is-only-node=\"\">\u00a0<\/p>\n\t\t\t\t\t\t\t\t<\/div>\n\t\t\t\t<\/div>\n\t\t\t\t<div class=\"elementor-element elementor-element-a34545e elementor-widget elementor-widget-spacer\" data-id=\"a34545e\" data-element_type=\"widget\" data-widget_type=\"spacer.default\">\n\t\t\t\t<div class=\"elementor-widget-container\">\n\t\t\t\t\t\t\t<div class=\"elementor-spacer\">\n\t\t\t<div class=\"elementor-spacer-inner\"><\/div>\n\t\t<\/div>\n\t\t\t\t\t\t<\/div>\n\t\t\t\t<\/div>\n\t\t\t\t\t<\/div>\n\t\t\t\t<\/div>\n\t\t\t\t<\/div>\n\t\t","protected":false},"excerpt":{"rendered":"<p>Cine suntem Adresa site-ului nostru: https:\/\/altalheat.com Comentarii C\u00e2nd vizitatorii las\u0103 comentarii pe site, colect\u0103m datele introduse \u00een formularul de comentarii, precum \u0219i adresa IP a vizitatorului \u0219i informa\u021biile despre browser (user-agent) pentru a detecta spamul. Un \u0219ir anonim (hash) generat din adresa dvs. de e-mail poate fi transmis serviciului Gravatar pentru a verifica dac\u0103 \u00eel&#8230;<\/p>\n","protected":false},"author":1,"featured_media":0,"parent":0,"menu_order":0,"comment_status":"closed","ping_status":"closed","template":"","meta":{"_acf_changed":false,"om_disable_all_campaigns":false,"_monsterinsights_skip_tracking":false,"_monsterinsights_sitenote_active":false,"_monsterinsights_sitenote_note":"","_monsterinsights_sitenote_category":0,"_kadence_starter_templates_imported_post":false,"_kad_post_transparent":"default","_kad_post_title":"default","_kad_post_layout":"default","_kad_post_sidebar_id":"","_kad_post_content_style":"default","_kad_post_vertical_padding":"default","_kad_post_feature":"","_kad_post_feature_position":"","_kad_post_header":false,"_kad_post_footer":false,"_kad_post_classname":"","jetpack_post_was_ever_published":false,"footnotes":""},"class_list":["post-4415","page","type-page","status-publish","hentry"],"acf":[],"jetpack_sharing_enabled":true,"jetpack_likes_enabled":true,"_links":{"self":[{"href":"https:\/\/altalheat.com\/ro\/wp-json\/wp\/v2\/pages\/4415","targetHints":{"allow":["GET"]}}],"collection":[{"href":"https:\/\/altalheat.com\/ro\/wp-json\/wp\/v2\/pages"}],"about":[{"href":"https:\/\/altalheat.com\/ro\/wp-json\/wp\/v2\/types\/page"}],"author":[{"embeddable":true,"href":"https:\/\/altalheat.com\/ro\/wp-json\/wp\/v2\/users\/1"}],"replies":[{"embeddable":true,"href":"https:\/\/altalheat.com\/ro\/wp-json\/wp\/v2\/comments?post=4415"}],"version-history":[{"count":12,"href":"https:\/\/altalheat.com\/ro\/wp-json\/wp\/v2\/pages\/4415\/revisions"}],"predecessor-version":[{"id":8104,"href":"https:\/\/altalheat.com\/ro\/wp-json\/wp\/v2\/pages\/4415\/revisions\/8104"}],"wp:attachment":[{"href":"https:\/\/altalheat.com\/ro\/wp-json\/wp\/v2\/media?parent=4415"}],"curies":[{"name":"wp","href":"https:\/\/api.w.org\/{rel}","templated":true}]}}